{"id":655,"date":"2024-05-15T20:30:15","date_gmt":"2024-05-15T18:30:15","guid":{"rendered":"http:\/\/proindesa.com\/wordpress\/product\/ingersoll-rand-llave-de-impacto-2145qimax\/"},"modified":"2025-08-13T18:44:56","modified_gmt":"2025-08-13T16:44:56","slug":"ingersoll-rand-llave-de-impacto-2145qimax","status":"publish","type":"product","link":"https:\/\/proindesa.com\/?product=ingersoll-rand-llave-de-impacto-2145qimax","title":{"rendered":"Ingersoll rand llave de impacto 2145qimax"},"content":{"rendered":"<p><span style=\"font-weight: 400;\"><strong>POTENCIA M\u00c1XIMA<\/strong>: Un par de aflojado m\u00e1ximo de 1.830 Nm de una herramienta que solo pesa 3,35 kg y es suficientemente compacta como para permitir el acceso a espacios reducidos.<\/span><\/p>\n<p><span style=\"font-weight: 400;\"><strong>DURABILIDAD M\u00c1XIMA<\/strong>: Fabricada para durar y dise\u00f1ada para soportar un uso intenso en entornos dif\u00edciles; con una garant\u00eda limitada de dos a\u00f1os de manera est\u00e1ndar.<\/span><\/p>\n<ul>\n<li><span style=\"font-weight: 400;\">M\u00e1xima productividad: un motor neum\u00e1tico un 16% m\u00e1s eficiente que su predecesor y un filtro de entrada f\u00e1cil de limpiar se traducen en un menor tiempo de parada, un mayor rendimiento de la herramienta y en un menor gasto de dinero en aire comprimido.<\/span><\/li>\n<li><span style=\"font-weight: 400;\">Acceso sencillo a las conexiones de engrase: para acelerar el mantenimiento y reducir el tiempo de parada.<\/span><\/li>\n<li><span style=\"font-weight: 400;\">La carcasa delantera de acero est\u00e1 dise\u00f1ada para ser robusta y duradera y proteger los componentes internos de la llave de impacto neum\u00e1tica.<\/span><\/li>\n<li><span style=\"font-weight: 400;\">Mejora\u00a0 la retenci\u00f3n de bocas.<\/span><\/li>\n<li><span style=\"font-weight: 400;\">Motor de 7 paletas que proporciona m\u00e1s potencia con menos peso.<\/span><\/li>\n<li><span style=\"font-weight: 400;\">Su mecanismo de impacto de doble martillo y su motor ajustados con precisi\u00f3n proporcionan un par m\u00e1s elevado, mayor durabilidad y una eficiencia m\u00e1s alta.<\/span><\/li>\n<li><span style=\"font-weight: 400;\">El gatillo progresivo proporciona el m\u00e1ximo control de esta llave de impacto neum\u00e1tica.<\/span><\/li>\n<li><span style=\"font-weight: 400;\">Tapa de motor anodizada para aumentar la durabilidad.<\/span><\/li>\n<li><span style=\"font-weight: 400;\">Optimizada para el sector de la reparaci\u00f3n de veh\u00edculos, los talleres de chapa y pintura, la industria en general, el mantenimiento, <strong>reparaci\u00f3n y uso (MRO<\/strong>), el sector ferroviario, l<strong>a maquinaria pesada<\/strong>, las compa\u00f1\u00edas de gas y petr\u00f3leo, la fabricaci\u00f3n de barcos y la construcci\u00f3n.<\/span><\/li>\n<li><span style=\"font-weight: 400;\">Mandos de inversi\u00f3n de giro accionables con una mano para facilitar el uso.<\/span><\/li>\n<li><span style=\"font-weight: 400;\">Disponible en distintas configuraciones de eje: Cuadradillo de 3\/4\u2033 con eje corto, eje largo de 3\u2033 y 6\u2033, y cuadradillo de 1\u2033 con eje corto.<\/span><\/li>\n<li><span style=\"font-weight: 400;\">Garant\u00eda de hasta 2 a\u00f1os.<\/span><\/li>\n<\/ul>\n<p><img fetchpriority=\"high\" decoding=\"async\" class=\"alignnone size-medium wp-image-2553\" src=\"https:\/\/proindesa.com\/wp-content\/uploads\/2024\/05\/2145qimaxjpg-300x225.jpg\" alt=\"\" width=\"300\" height=\"225\" srcset=\"https:\/\/proindesa.com\/wp-content\/uploads\/2024\/05\/2145qimaxjpg-300x225.jpg 300w, https:\/\/proindesa.com\/wp-content\/uploads\/2024\/05\/2145qimaxjpg-768x577.jpg 768w, https:\/\/proindesa.com\/wp-content\/uploads\/2024\/05\/2145qimaxjpg-600x451.jpg 600w, https:\/\/proindesa.com\/wp-content\/uploads\/2024\/05\/2145qimaxjpg.jpg 1000w\" sizes=\"(max-width: 300px) 100vw, 300px\" \/> <img decoding=\"async\" class=\"alignnone size-medium wp-image-2552\" src=\"https:\/\/proindesa.com\/wp-content\/uploads\/2024\/05\/2145qimaximpactwrenchheavymachineryajpg-225x300.jpg\" alt=\"\" width=\"225\" height=\"300\" srcset=\"https:\/\/proindesa.com\/wp-content\/uploads\/2024\/05\/2145qimaximpactwrenchheavymachineryajpg-225x300.jpg 225w, https:\/\/proindesa.com\/wp-content\/uploads\/2024\/05\/2145qimaximpactwrenchheavymachineryajpg-600x799.jpg 600w, https:\/\/proindesa.com\/wp-content\/uploads\/2024\/05\/2145qimaximpactwrenchheavymachineryajpg.jpg 751w\" sizes=\"(max-width: 225px) 100vw, 225px\" \/> <img decoding=\"async\" class=\"alignnone size-medium wp-image-2551\" src=\"https:\/\/proindesa.com\/wp-content\/uploads\/2024\/05\/2145qimaxconstructionajpg-300x200.jpg\" alt=\"\" width=\"300\" height=\"200\" srcset=\"https:\/\/proindesa.com\/wp-content\/uploads\/2024\/05\/2145qimaxconstructionajpg-300x200.jpg 300w, https:\/\/proindesa.com\/wp-content\/uploads\/2024\/05\/2145qimaxconstructionajpg-768x512.jpg 768w, https:\/\/proindesa.com\/wp-content\/uploads\/2024\/05\/2145qimaxconstructionajpg-600x400.jpg 600w, https:\/\/proindesa.com\/wp-content\/uploads\/2024\/05\/2145qimaxconstructionajpg.jpg 1000w\" sizes=\"(max-width: 300px) 100vw, 300px\" \/><\/p>\n","protected":false},"excerpt":{"rendered":"<p>Motor de 7 paletas que proporciona m\u00e1s potencia con menos peso. Su mecanismo de impacto de doble martillo y su motor ajustados con precisi\u00f3n proporcionan un par m\u00e1s elevado, mayor durabilidad y una eficiencia m\u00e1s alta.<\/p>\n","protected":false},"featured_media":487,"template":"","meta":{"_acf_changed":false,"content-type":"","_uf_show_specific_survey":0,"_uf_disable_surveys":false},"product_brand":[],"product_cat":[92],"product_tag":[97,42],"class_list":{"0":"post-655","1":"product","2":"type-product","3":"status-publish","4":"has-post-thumbnail","6":"product_cat-neumaticas","7":"product_tag-asesoria","8":"product_tag-ingersoll-rand","10":"first","11":"instock","12":"taxable","13":"shipping-taxable","14":"purchasable","15":"product-type-simple"},"acf":[],"_links":{"self":[{"href":"https:\/\/proindesa.com\/index.php?rest_route=\/wp\/v2\/product\/655","targetHints":{"allow":["GET"]}}],"collection":[{"href":"https:\/\/proindesa.com\/index.php?rest_route=\/wp\/v2\/product"}],"about":[{"href":"https:\/\/proindesa.com\/index.php?rest_route=\/wp\/v2\/types\/product"}],"wp:featuredmedia":[{"embeddable":true,"href":"https:\/\/proindesa.com\/index.php?rest_route=\/wp\/v2\/media\/487"}],"wp:attachment":[{"href":"https:\/\/proindesa.com\/index.php?rest_route=%2Fwp%2Fv2%2Fmedia&parent=655"}],"wp:term":[{"taxonomy":"product_brand","embeddable":true,"href":"https:\/\/proindesa.com\/index.php?rest_route=%2Fwp%2Fv2%2Fproduct_brand&post=655"},{"taxonomy":"product_cat","embeddable":true,"href":"https:\/\/proindesa.com\/index.php?rest_route=%2Fwp%2Fv2%2Fproduct_cat&post=655"},{"taxonomy":"product_tag","embeddable":true,"href":"https:\/\/proindesa.com\/index.php?rest_route=%2Fwp%2Fv2%2Fproduct_tag&post=655"}],"curies":[{"name":"wp","href":"https:\/\/api.w.org\/{rel}","templated":true}]}}