{"id":654,"date":"2024-05-15T20:30:15","date_gmt":"2024-05-15T18:30:15","guid":{"rendered":"http:\/\/proindesa.com\/wordpress\/product\/w5330-k22-llave-de-impacto-inalambrica-de-angulo-recto\/"},"modified":"2025-08-13T18:44:55","modified_gmt":"2025-08-13T16:44:55","slug":"w5330-k22-llave-de-impacto-inalambrica-de-angulo-recto","status":"publish","type":"product","link":"https:\/\/proindesa.com\/?product=w5330-k22-llave-de-impacto-inalambrica-de-angulo-recto","title":{"rendered":"W5330-k22 llave de impacto inal\u00e1mbrica de \u00e1ngulo recto"},"content":{"rendered":"<ul>\n<li><span style=\"font-weight: 400;\">Marca: Ingersoll Rand<\/span><span style=\"font-weight: 400;\"><br \/>\n<\/span><\/li>\n<li><span style=\"font-weight: 400;\">Fuente de energ\u00eda: Bater\u00edas<\/span><span style=\"font-weight: 400;\"><br \/>\n<\/span><\/li>\n<li><span style=\"font-weight: 400;\">Velocidad m\u00e1xima de rotaci\u00f3n: 1900 RPM<\/span><span style=\"font-weight: 400;\"><br \/>\n<\/span><\/li>\n<li><span style=\"font-weight: 400;\">Voltaje: 20 Voltios<\/span><span style=\"font-weight: 400;\"><br \/>\n<\/span><\/li>\n<li><span style=\"font-weight: 400;\">Amperaje: 2.5 Amperios<\/span><span style=\"font-weight: 400;\"><br \/>\n<\/span><\/li>\n<li><span style=\"font-weight: 400;\">Color: Negro \u2013<\/span><span style=\"font-weight: 400;\"><br \/>\n<\/span><\/li>\n<li><span style=\"font-weight: 400;\">Componentes incluidos:<\/span><span style=\"font-weight: 400;\"><br \/>\n<\/span><\/li>\n<li><span style=\"font-weight: 400;\">Llave de impacto,<\/span><span style=\"font-weight: 400;\"><br \/>\n<\/span><\/li>\n<li><span style=\"font-weight: 400;\">Funda de transporte,<\/span><span style=\"font-weight: 400;\"><br \/>\n<\/span><\/li>\n<li><span style=\"font-weight: 400;\">Cargador,<\/span><span style=\"font-weight: 400;\"><br \/>\n<\/span><\/li>\n<li><span style=\"font-weight: 400;\">Cable de cargador,<\/span><span style=\"font-weight: 400;\"><br \/>\n<\/span><\/li>\n<li><span style=\"font-weight: 400;\">Bater\u00eda de iones de litio de 20 V 2.5 Ahr (2),<\/span><span style=\"font-weight: 400;\"><br \/>\n<\/span><\/li>\n<li><span style=\"font-weight: 400;\">Paquete de literatura<\/span><span style=\"font-weight: 400;\"><br \/>\n<\/span><\/li>\n<li><span style=\"font-weight: 400;\">Llave de impacto^<\/span><span style=\"font-weight: 400;\"><br \/>\n<\/span><\/li>\n<li><span style=\"font-weight: 400;\">Funda de transporte^<\/span><span style=\"font-weight: 400;\"><br \/>\n<\/span><\/li>\n<li><span style=\"font-weight: 400;\">Cargador^<\/span><span style=\"font-weight: 400;\"><br \/>\n<\/span><\/li>\n<li><span style=\"font-weight: 400;\">Cable de cargador^<\/span><span style=\"font-weight: 400;\"><br \/>\n<\/span><\/li>\n<li><span style=\"font-weight: 400;\">Bater\u00eda de iones de litio de 20 V 2.5 Ahr (2)<\/span><span style=\"font-weight: 400;\"><br \/>\n<\/span><\/li>\n<li><span style=\"font-weight: 400;\">Paquete de literatura<\/span><span style=\"font-weight: 400;\"><br \/>\n<\/span><\/li>\n<li><span style=\"font-weight: 400;\">Peso: 4.6 Libras<\/span><span style=\"font-weight: 400;\"><br \/>\n<\/span><\/li>\n<li><span style=\"font-weight: 400;\">Acerca de este art\u00edculo<\/span><span style=\"font-weight: 400;\"><br \/>\n<\/span><\/li>\n<li><span style=\"font-weight: 400;\">Par de apriete\/adelante (ft-lb): 180 (BL2022) \/<\/span><span style=\"font-weight: 400;\"><br \/>\n<\/span><\/li>\n<li><span style=\"font-weight: 400;\">Par inverso m\u00e1x. (lb-pie) 180 (BL2022) \/ 170 (BL2012)<\/span><span style=\"font-weight: 400;\"><br \/>\n<\/span><\/li>\n<li><span style=\"font-weight: 400;\">Golpes por minuto 3000 (BL2022) 3000 (BL2012)<\/span><span style=\"font-weight: 400;\"><br \/>\n<\/span><\/li>\n<li><span style=\"font-weight: 400;\">Nivel de vibraci\u00f3n (m\/s2) (10BL2022)<\/span><span style=\"font-weight: 400;\"><br \/>\n<\/span><\/li>\n<li><span style=\"font-weight: 400;\">Longitud: 15.8 inches<\/span><span style=\"font-weight: 400;\"><br \/>\n<\/span><\/li>\n<li><span style=\"font-weight: 400;\">Ancho: 2.13 inches<\/span><span style=\"font-weight: 400;\"><br \/>\n<\/span><\/li>\n<li><span style=\"font-weight: 400;\">Altura: 2.2 inches Controladores de valor adicional<\/span><\/li>\n<\/ul>\n<p><span style=\"font-weight: 400;\">Potencia 54.9 m-lbs. de par sin reacci\u00f3n en un dise\u00f1o delgado y ligero que ofrece el alcance de un trinquete mientras que envasa la incre\u00edble potencia de un impacto. Recorre los trabajos m\u00e1s r\u00e1pido con la \u00fanica herramienta de su tipo. No requiere aire. Acceso<\/span><\/p>\n<p><span style=\"font-weight: 400;\">No trabajas en un mundo plano, por lo que necesitas una poderosa herramienta que pueda llegar a espacios reducidos mientras mantiene tus nudillos intactos. Con una cabeza de solo 2.25 pulgadas de altura y nuestra bater\u00eda en l\u00ednea pendiente de patente, la W5330 puede ir a lugares donde otras llaves de impacto solo sue\u00f1an, espacios que sol\u00edan ser reservados para un trinquete tradicional o sus manos desnudas.\u00a0<\/span><\/p>\n<p><span style=\"font-weight: 400;\">De 0 a 1900 rpm en 0,0 segundos plano. Al igual que tu llave de impacto favorita, el W5330 vuela a trav\u00e9s de pernos a velocidades que tus carracas no pueden alcanzar. Con el gatillo de velocidad variable para m\u00e1s control, y un interruptor de marcha atr\u00e1s hacia adelante convenientemente ubicado, puede mantener una mano en el gatillo y dejar que la herramienta haga el resto.<\/span><\/p>\n<p><span style=\"font-weight: 400;\">Sobre Ingersoll Rand<\/span><span style=\"font-weight: 400;\"><br \/>\n<\/span><span style=\"font-weight: 400;\">Ingersoll Rand ha estado a la vanguardia de la innovaci\u00f3n industrial durante m\u00e1s de 100 a\u00f1os. Desde sistemas de compresores de aire hasta herramientas el\u00e9ctricas y m\u00e1s all\u00e1, la compa\u00f1\u00eda fabrica productos que ofrecen una de las mejores calidades, fiabilidad, durabilidad y rendimiento. Ingersoll Rand tambi\u00e9n est\u00e1 profundamente comprometido con la construcci\u00f3n de un futuro mejor. En todos los niveles de negocio, la empresa promueve pr\u00e1cticas ecol\u00f3gicamente racionales para lograr un progreso verdaderamente sostenible. Con oficinas y plantas en todo el mundo, Ingersoll Rand se esfuerza por satisfacer la creciente necesidad mundial de aire limpio y c\u00f3modo, alimentos seguros y frescos, eficiencia energ\u00e9tica y sostenibilidad.<\/span><\/p>\n<p>&nbsp;<\/p>\n<p><img fetchpriority=\"high\" decoding=\"async\" class=\"alignleft wp-image-2566 size-medium\" src=\"https:\/\/proindesa.com\/wp-content\/uploads\/2024\/05\/r3130cordlessratcheta1ljpg-e1728107409117-300x300.jpg\" alt=\"\" width=\"300\" height=\"300\" srcset=\"https:\/\/proindesa.com\/wp-content\/uploads\/2024\/05\/r3130cordlessratcheta1ljpg-e1728107409117-300x300.jpg 300w, https:\/\/proindesa.com\/wp-content\/uploads\/2024\/05\/r3130cordlessratcheta1ljpg-e1728107409117-150x150.jpg 150w, https:\/\/proindesa.com\/wp-content\/uploads\/2024\/05\/r3130cordlessratcheta1ljpg-e1728107409117-600x600.jpg 600w, https:\/\/proindesa.com\/wp-content\/uploads\/2024\/05\/r3130cordlessratcheta1ljpg-e1728107409117-100x100.jpg 100w, https:\/\/proindesa.com\/wp-content\/uploads\/2024\/05\/r3130cordlessratcheta1ljpg-e1728107409117.jpg 750w\" sizes=\"(max-width: 300px) 100vw, 300px\" \/> \u00a0 \u00a0 \u00a0\u00a0<img decoding=\"async\" class=\"alignleft wp-image-2569 size-medium\" src=\"https:\/\/proindesa.com\/wp-content\/uploads\/2024\/05\/w5330w535020vrightangleimpacta11ljpg-e1728107294533-300x300.jpg\" alt=\"\" width=\"300\" height=\"300\" srcset=\"https:\/\/proindesa.com\/wp-content\/uploads\/2024\/05\/w5330w535020vrightangleimpacta11ljpg-e1728107294533-300x300.jpg 300w, https:\/\/proindesa.com\/wp-content\/uploads\/2024\/05\/w5330w535020vrightangleimpacta11ljpg-e1728107294533-150x150.jpg 150w, https:\/\/proindesa.com\/wp-content\/uploads\/2024\/05\/w5330w535020vrightangleimpacta11ljpg-e1728107294533-100x100.jpg 100w, https:\/\/proindesa.com\/wp-content\/uploads\/2024\/05\/w5330w535020vrightangleimpacta11ljpg-e1728107294533.jpg 514w\" sizes=\"(max-width: 300px) 100vw, 300px\" \/><\/p>\n<p><img decoding=\"async\" class=\"alignleft wp-image-2570 size-medium\" src=\"https:\/\/proindesa.com\/wp-content\/uploads\/2024\/05\/w5330w535020vrightangleimpacta14ljpg-e1728107318893-300x300.jpg\" alt=\"\" width=\"300\" height=\"300\" srcset=\"https:\/\/proindesa.com\/wp-content\/uploads\/2024\/05\/w5330w535020vrightangleimpacta14ljpg-e1728107318893-300x300.jpg 300w, https:\/\/proindesa.com\/wp-content\/uploads\/2024\/05\/w5330w535020vrightangleimpacta14ljpg-e1728107318893-150x150.jpg 150w, https:\/\/proindesa.com\/wp-content\/uploads\/2024\/05\/w5330w535020vrightangleimpacta14ljpg-e1728107318893-100x100.jpg 100w, https:\/\/proindesa.com\/wp-content\/uploads\/2024\/05\/w5330w535020vrightangleimpacta14ljpg-e1728107318893.jpg 514w\" sizes=\"(max-width: 300px) 100vw, 300px\" \/><\/p>\n<p>&nbsp;<\/p>\n<p><img loading=\"lazy\" decoding=\"async\" class=\"alignleft wp-image-2571 size-medium\" src=\"https:\/\/proindesa.com\/wp-content\/uploads\/2024\/05\/w5330w535020vrightangleimpacta22ljpg-e1728107346600-300x300.jpg\" alt=\"\" width=\"300\" height=\"300\" srcset=\"https:\/\/proindesa.com\/wp-content\/uploads\/2024\/05\/w5330w535020vrightangleimpacta22ljpg-e1728107346600-300x300.jpg 300w, https:\/\/proindesa.com\/wp-content\/uploads\/2024\/05\/w5330w535020vrightangleimpacta22ljpg-e1728107346600-150x150.jpg 150w, https:\/\/proindesa.com\/wp-content\/uploads\/2024\/05\/w5330w535020vrightangleimpacta22ljpg-e1728107346600-600x600.jpg 600w, https:\/\/proindesa.com\/wp-content\/uploads\/2024\/05\/w5330w535020vrightangleimpacta22ljpg-e1728107346600-100x100.jpg 100w, https:\/\/proindesa.com\/wp-content\/uploads\/2024\/05\/w5330w535020vrightangleimpacta22ljpg-e1728107346600.jpg 666w\" sizes=\"(max-width: 300px) 100vw, 300px\" \/><\/p>\n<p>&nbsp;<\/p>\n<p><img loading=\"lazy\" decoding=\"async\" class=\"alignleft wp-image-2572 size-medium\" src=\"https:\/\/proindesa.com\/wp-content\/uploads\/2024\/05\/w5330w535020vrightangleimpactaljpg-e1728107375816-300x300.jpg\" alt=\"\" width=\"300\" height=\"300\" srcset=\"https:\/\/proindesa.com\/wp-content\/uploads\/2024\/05\/w5330w535020vrightangleimpactaljpg-e1728107375816-300x300.jpg 300w, https:\/\/proindesa.com\/wp-content\/uploads\/2024\/05\/w5330w535020vrightangleimpactaljpg-e1728107375816-150x150.jpg 150w, https:\/\/proindesa.com\/wp-content\/uploads\/2024\/05\/w5330w535020vrightangleimpactaljpg-e1728107375816-100x100.jpg 100w, https:\/\/proindesa.com\/wp-content\/uploads\/2024\/05\/w5330w535020vrightangleimpactaljpg-e1728107375816.jpg 514w\" sizes=\"(max-width: 300px) 100vw, 300px\" \/><\/p>\n<p>&nbsp;<\/p>\n<p><img loading=\"lazy\" decoding=\"async\" class=\"size-medium wp-image-2573 alignleft\" src=\"https:\/\/proindesa.com\/wp-content\/uploads\/2024\/05\/w5350cordlessrightangleimpactlpnobatteryljpg-300x95.jpg\" alt=\"\" width=\"300\" height=\"95\" srcset=\"https:\/\/proindesa.com\/wp-content\/uploads\/2024\/05\/w5350cordlessrightangleimpactlpnobatteryljpg-300x95.jpg 300w, https:\/\/proindesa.com\/wp-content\/uploads\/2024\/05\/w5350cordlessrightangleimpactlpnobatteryljpg-768x242.jpg 768w, https:\/\/proindesa.com\/wp-content\/uploads\/2024\/05\/w5350cordlessrightangleimpactlpnobatteryljpg-600x189.jpg 600w, https:\/\/proindesa.com\/wp-content\/uploads\/2024\/05\/w5350cordlessrightangleimpactlpnobatteryljpg.jpg 770w\" sizes=\"(max-width: 300px) 100vw, 300px\" \/> <img loading=\"lazy\" decoding=\"async\" class=\"size-medium wp-image-2574 alignleft\" src=\"https:\/\/proindesa.com\/wp-content\/uploads\/2024\/05\/w5350cordlessrightangleimpactlubatteryljpg-300x115.jpg\" alt=\"\" width=\"300\" height=\"115\" srcset=\"https:\/\/proindesa.com\/wp-content\/uploads\/2024\/05\/w5350cordlessrightangleimpactlubatteryljpg-300x115.jpg 300w, https:\/\/proindesa.com\/wp-content\/uploads\/2024\/05\/w5350cordlessrightangleimpactlubatteryljpg-768x294.jpg 768w, https:\/\/proindesa.com\/wp-content\/uploads\/2024\/05\/w5350cordlessrightangleimpactlubatteryljpg-600x230.jpg 600w, https:\/\/proindesa.com\/wp-content\/uploads\/2024\/05\/w5350cordlessrightangleimpactlubatteryljpg.jpg 770w\" sizes=\"(max-width: 300px) 100vw, 300px\" \/><img loading=\"lazy\" decoding=\"async\" class=\"alignleft size-medium wp-image-2568\" src=\"https:\/\/proindesa.com\/wp-content\/uploads\/2024\/05\/w5330w5350cordlessrightangleimpacttopfrontljpg-199x300.jpg\" alt=\"\" width=\"199\" height=\"300\" srcset=\"https:\/\/proindesa.com\/wp-content\/uploads\/2024\/05\/w5330w5350cordlessrightangleimpacttopfrontljpg-199x300.jpg 199w, https:\/\/proindesa.com\/wp-content\/uploads\/2024\/05\/w5330w5350cordlessrightangleimpacttopfrontljpg-600x905.jpg 600w, https:\/\/proindesa.com\/wp-content\/uploads\/2024\/05\/w5330w5350cordlessrightangleimpacttopfrontljpg.jpg 663w\" sizes=\"(max-width: 199px) 100vw, 199px\" \/><\/p>\n","protected":false},"excerpt":{"rendered":"<p><span style=\"font-weight: 400;\">Velocidad m\u00e1xima de rotaci\u00f3n: 1900 RPM. Voltaje: 20 Voltios Amperaje: 2.5 Amperios<\/span><\/p>\n","protected":false},"featured_media":486,"template":"","meta":{"_acf_changed":false,"content-type":"","_uf_show_specific_survey":0,"_uf_disable_surveys":false},"product_brand":[],"product_cat":[91],"product_tag":[97,42],"class_list":{"0":"post-654","1":"product","2":"type-product","3":"status-publish","4":"has-post-thumbnail","6":"product_cat-inalambricas","7":"product_tag-asesoria","8":"product_tag-ingersoll-rand","10":"first","11":"instock","12":"taxable","13":"shipping-taxable","14":"purchasable","15":"product-type-simple"},"acf":[],"_links":{"self":[{"href":"https:\/\/proindesa.com\/index.php?rest_route=\/wp\/v2\/product\/654","targetHints":{"allow":["GET"]}}],"collection":[{"href":"https:\/\/proindesa.com\/index.php?rest_route=\/wp\/v2\/product"}],"about":[{"href":"https:\/\/proindesa.com\/index.php?rest_route=\/wp\/v2\/types\/product"}],"wp:featuredmedia":[{"embeddable":true,"href":"https:\/\/proindesa.com\/index.php?rest_route=\/wp\/v2\/media\/486"}],"wp:attachment":[{"href":"https:\/\/proindesa.com\/index.php?rest_route=%2Fwp%2Fv2%2Fmedia&parent=654"}],"wp:term":[{"taxonomy":"product_brand","embeddable":true,"href":"https:\/\/proindesa.com\/index.php?rest_route=%2Fwp%2Fv2%2Fproduct_brand&post=654"},{"taxonomy":"product_cat","embeddable":true,"href":"https:\/\/proindesa.com\/index.php?rest_route=%2Fwp%2Fv2%2Fproduct_cat&post=654"},{"taxonomy":"product_tag","embeddable":true,"href":"https:\/\/proindesa.com\/index.php?rest_route=%2Fwp%2Fv2%2Fproduct_tag&post=654"}],"curies":[{"name":"wp","href":"https:\/\/api.w.org\/{rel}","templated":true}]}}