{"id":647,"date":"2024-05-15T20:30:14","date_gmt":"2024-05-15T18:30:14","guid":{"rendered":"http:\/\/proindesa.com\/wordpress\/product\/sistemas-de-filtracion-trico-de-baja-viscosidad\/"},"modified":"2025-08-13T18:44:54","modified_gmt":"2025-08-13T16:44:54","slug":"sistemas-de-filtracion-trico-de-baja-viscosidad","status":"publish","type":"product","link":"https:\/\/proindesa.com\/?product=sistemas-de-filtracion-trico-de-baja-viscosidad","title":{"rendered":"Sistemas de filtraci\u00f3n trico de baja viscosidad"},"content":{"rendered":"<p>El sistema de carro de filtraci\u00f3n port\u00e1til de baja viscosidad proporciona una conveniente filtraci\u00f3n, lavado, acondicionamiento y transferencia de fluidos fuera de l\u00ednea de aceites industriales.<br \/>\nEl sistema es capaz de entregar un flujo de hasta 7,25 GPM y est\u00e1 clasificado para usarse con lubricantes con una viscosidad de hasta 2500 SUS @ 100\u00baF. Para garantizar que el equipo reciba el aceite m\u00e1s limpio posible para prolongar su vida \u00fatil, el sistema utiliza un proceso de filtraci\u00f3n de dos etapas: el aceite ingresa a trav\u00e9s del elemento primario (Beta absoluta de 10 micras &gt; 200) donde se eliminan las part\u00edculas gruesas y luego se mueve a trav\u00e9s del elemento de filtro secundario ( Beta absoluta de 3 micras &gt; 200) donde se eliminan las part\u00edculas finas.<br \/>\nPara mayor utilidad, el nuevo sistema de filtraci\u00f3n cuenta con man\u00f3metros de presi\u00f3n diferencial que indican cu\u00e1ndo se debe cambiar cada uno de los elementos del filtro. Se incluyen dos puertos de muestreo para tomar muestras de manera segura y monitorear la condici\u00f3n del aceite.<br \/>\nLos sistemas est\u00e1n disponibles con mangueras hidr\u00e1ulicas de servicio pesado de 10 pies con conexiones r\u00e1pidas o mangueras hidr\u00e1ulicas de servicio pesado de 6 pies con varillas de 3 pies.<br \/>\nHay disponible una variedad de elementos de medios filtrantes para cumplir con los niveles de limpieza recomendados por el fabricante.<\/p>\n","protected":false},"excerpt":{"rendered":"<p>El sistema de carro de filtraci\u00f3n port\u00e1til de baja viscosidad proporciona una conveniente filtraci\u00f3n, lavado, acondicionamiento y transferencia de fluidos fuera de l\u00ednea de aceites industriales.<\/p>\n","protected":false},"featured_media":482,"template":"","meta":{"_acf_changed":false,"content-type":"","_uf_show_specific_survey":0,"_uf_disable_surveys":false},"product_brand":[],"product_cat":[90],"product_tag":[97,43,101,41],"class_list":{"0":"post-647","1":"product","2":"type-product","3":"status-publish","4":"has-post-thumbnail","6":"product_cat-acondicionamiento-y-cuidado-de-lubricantes","7":"product_tag-asesoria","8":"product_tag-con-pdf","9":"product_tag-sin-precio","10":"product_tag-trico","12":"first","13":"instock","14":"taxable","15":"shipping-taxable","16":"purchasable","17":"product-type-simple"},"acf":[],"_links":{"self":[{"href":"https:\/\/proindesa.com\/index.php?rest_route=\/wp\/v2\/product\/647","targetHints":{"allow":["GET"]}}],"collection":[{"href":"https:\/\/proindesa.com\/index.php?rest_route=\/wp\/v2\/product"}],"about":[{"href":"https:\/\/proindesa.com\/index.php?rest_route=\/wp\/v2\/types\/product"}],"wp:featuredmedia":[{"embeddable":true,"href":"https:\/\/proindesa.com\/index.php?rest_route=\/wp\/v2\/media\/482"}],"wp:attachment":[{"href":"https:\/\/proindesa.com\/index.php?rest_route=%2Fwp%2Fv2%2Fmedia&parent=647"}],"wp:term":[{"taxonomy":"product_brand","embeddable":true,"href":"https:\/\/proindesa.com\/index.php?rest_route=%2Fwp%2Fv2%2Fproduct_brand&post=647"},{"taxonomy":"product_cat","embeddable":true,"href":"https:\/\/proindesa.com\/index.php?rest_route=%2Fwp%2Fv2%2Fproduct_cat&post=647"},{"taxonomy":"product_tag","embeddable":true,"href":"https:\/\/proindesa.com\/index.php?rest_route=%2Fwp%2Fv2%2Fproduct_tag&post=647"}],"curies":[{"name":"wp","href":"https:\/\/api.w.org\/{rel}","templated":true}]}}