{"id":640,"date":"2024-05-15T20:30:14","date_gmt":"2024-05-15T18:30:14","guid":{"rendered":"http:\/\/proindesa.com\/wordpress\/product\/valvulas-divisoras-compactas-csp\/"},"modified":"2025-08-13T18:44:52","modified_gmt":"2025-08-13T16:44:52","slug":"valvulas-divisoras-compactas-csp","status":"publish","type":"product","link":"https:\/\/proindesa.com\/?product=valvulas-divisoras-compactas-csp","title":{"rendered":"V\u00e1lvulas divisoras compactas csp"},"content":{"rendered":"<p><span style=\"font-weight: 400;\">V\u00e1lvula progresiva de la Serie Compact (CSP, por sus siglas en ingl\u00e9s) con amplia versatilidad en el mercado. Comb\u00ednela con bombas probadas en el campo de la Serie G para obtener una soluci\u00f3n de sistema completo.<\/span><span style=\"font-weight: 400;\"><br \/>\n<\/span><span style=\"font-weight: 400;\">Entrada NPT de 1\/8 pulg.<\/span><span style=\"font-weight: 400;\"><br \/>\n<\/span><span style=\"font-weight: 400;\">Dise\u00f1o que ahorra espacio con 16 salidas sin indicador<\/span><span style=\"font-weight: 400;\"><br \/>\n<\/span><span style=\"font-weight: 400;\">Es posible combinar salidas para rodamientos m\u00e1s grandes<\/span><span style=\"font-weight: 400;\"><br \/>\n<\/span><span style=\"font-weight: 400;\">Durabilidad incorporada con revestimiento de hierro galvanizado para resistir entornos hostiles<\/span><span style=\"font-weight: 400;\"><br \/>\n<\/span><span style=\"font-weight: 400;\">Presi\u00f3n de salida alta: presi\u00f3n m\u00e1xima de trabajo de 5,076 psi (350 bar) tanto para aceite como para grasa<\/span><\/p>\n<p><span style=\"font-weight: 400;\">CARACTER\u00cdSTICAS<\/span><span style=\"font-weight: 400;\"><br \/>\n<\/span><span style=\"font-weight: 400;\">Aplicaci\u00f3n: Veh\u00edculos de carretera, Equipos todoterreno<\/span><span style=\"font-weight: 400;\"><br \/>\n<\/span><span style=\"font-weight: 400;\">Grado m\u00e1ximo de NLGI: #2<\/span><span style=\"font-weight: 400;\"><br \/>\n<\/span><span style=\"font-weight: 400;\">G\u00e9nero de rosca de salida: Hembra<\/span><span style=\"font-weight: 400;\"><br \/>\n<\/span><span style=\"font-weight: 400;\">Indicador de ciclos: Ninguna<\/span><span style=\"font-weight: 400;\"><br \/>\n<\/span><span style=\"font-weight: 400;\">Material: Acero al carbono<\/span><span style=\"font-weight: 400;\"><br \/>\n<\/span><span style=\"font-weight: 400;\">Material compatible: Aceite, Grasa<\/span><span style=\"font-weight: 400;\"><br \/>\n<\/span><span style=\"font-weight: 400;\">Modelo: Trabon<\/span><span style=\"font-weight: 400;\"><br \/>\n<\/span><span style=\"font-weight: 400;\">Presi\u00f3n de trabajo m\u00e1xima (psi): 5076<\/span><span style=\"font-weight: 400;\"><br \/>\n<\/span><span style=\"font-weight: 400;\">Presi\u00f3n de trabajo m\u00ednima (psi): 217.5<\/span><\/p>\n","protected":false},"excerpt":{"rendered":"<p><span style=\"font-weight: 400;\">Material: Acero al carbono Material compatible: Aceite, Grasa Modelo: Trabon<\/span><\/p>\n","protected":false},"featured_media":475,"template":"","meta":{"_acf_changed":false,"content-type":"","_uf_show_specific_survey":0,"_uf_disable_surveys":false},"product_brand":[],"product_cat":[21],"product_tag":[97,43,38,101],"class_list":{"0":"post-640","1":"product","2":"type-product","3":"status-publish","4":"has-post-thumbnail","6":"product_cat-lubricacion","7":"product_tag-asesoria","8":"product_tag-con-pdf","9":"product_tag-graco","10":"product_tag-sin-precio","12":"first","13":"instock","14":"taxable","15":"shipping-taxable","16":"purchasable","17":"product-type-simple"},"acf":[],"_links":{"self":[{"href":"https:\/\/proindesa.com\/index.php?rest_route=\/wp\/v2\/product\/640","targetHints":{"allow":["GET"]}}],"collection":[{"href":"https:\/\/proindesa.com\/index.php?rest_route=\/wp\/v2\/product"}],"about":[{"href":"https:\/\/proindesa.com\/index.php?rest_route=\/wp\/v2\/types\/product"}],"wp:featuredmedia":[{"embeddable":true,"href":"https:\/\/proindesa.com\/index.php?rest_route=\/wp\/v2\/media\/475"}],"wp:attachment":[{"href":"https:\/\/proindesa.com\/index.php?rest_route=%2Fwp%2Fv2%2Fmedia&parent=640"}],"wp:term":[{"taxonomy":"product_brand","embeddable":true,"href":"https:\/\/proindesa.com\/index.php?rest_route=%2Fwp%2Fv2%2Fproduct_brand&post=640"},{"taxonomy":"product_cat","embeddable":true,"href":"https:\/\/proindesa.com\/index.php?rest_route=%2Fwp%2Fv2%2Fproduct_cat&post=640"},{"taxonomy":"product_tag","embeddable":true,"href":"https:\/\/proindesa.com\/index.php?rest_route=%2Fwp%2Fv2%2Fproduct_tag&post=640"}],"curies":[{"name":"wp","href":"https:\/\/api.w.org\/{rel}","templated":true}]}}