{"id":630,"date":"2024-05-15T20:30:13","date_gmt":"2024-05-15T18:30:13","guid":{"rendered":"http:\/\/proindesa.com\/wordpress\/product\/vx\/"},"modified":"2025-08-13T18:44:50","modified_gmt":"2025-08-13T16:44:50","slug":"vx","status":"publish","type":"product","link":"https:\/\/proindesa.com\/?product=vx","title":{"rendered":"Vx"},"content":{"rendered":"<p><span style=\"font-weight: 400;\">\u201cVORTEX\u201d Electrobomba sumergible para drenaje de aguas cargadas.<\/span><\/p>\n<p><span style=\"font-weight: 400;\">Son aconsejables para un uso dom\u00e9stico, civil e industrial. En particular, para todos los casos en que haya presencia de cuerpos s\u00f3lidos en suspensi\u00f3n de dimensi\u00f3n hasta 50 mm, como por ejemplo aguas fre\u00e1ticas, aguas de superficie, aguas sucias y cargadas.<\/span><\/p>\n<p><span style=\"font-weight: 400;\">Es aconsejable para el vaciado de ambientes inundados como: cantinas, garajes subterr\u00e1neos, \u00e1reas de autolavado, para el vaciado de pozos de aguas negras y para el vaciado de purines. Estas bombas se caracterizan por su fiabilidad en las instalaciones fijas con funcionamiento autom\u00e1tico.<\/span><\/p>\n<p><span style=\"font-weight: 400;\">Tipo: aguas negras<\/span><\/p>\n<p><span style=\"font-weight: 400;\">Aplicaciones: dom\u00e9sticas, civiles, industriales<\/span><\/p>\n<p><span style=\"font-weight: 400;\">Usos: desag\u00fce, drenaje, movimiento de agua ligeramente sucia<\/span><\/p>\n<p><span style=\"font-weight: 400;\">Tipolog\u00eda: drenaje<\/span><\/p>\n<p><span style=\"font-weight: 400;\">Familia: sumergibles<\/span><\/p>\n<p><span style=\"font-weight: 400;\">Campo de prestaciones:<\/span><\/p>\n<p><span style=\"font-weight: 400;\">Caudal hasta 650 l\/min (39,0 m\u00b3\/h)<\/span><\/p>\n<p><span style=\"font-weight: 400;\">Altura manom\u00e9trica hasta 15 m<\/span><\/p>\n","protected":false},"excerpt":{"rendered":"<p>Campo de prestaciones: Caudal hasta 650 l\/min (39,0 m\u00b3\/h) Altura manom\u00e9trica hasta 15 m.<\/p>\n","protected":false},"featured_media":528,"template":"","meta":{"_acf_changed":false,"content-type":"","_uf_show_specific_survey":0,"_uf_disable_surveys":false},"product_brand":[],"product_cat":[85],"product_tag":[97,40,101,98,99],"class_list":{"0":"post-630","1":"product","2":"type-product","3":"status-publish","4":"has-post-thumbnail","6":"product_cat-bombas-sumergibles","7":"product_tag-asesoria","8":"product_tag-pedrollo","9":"product_tag-sin-precio","10":"product_tag-sin-whatsapp","11":"product_tag-solo-form","13":"first","14":"instock","15":"taxable","16":"shipping-taxable","17":"purchasable","18":"product-type-simple"},"acf":[],"_links":{"self":[{"href":"https:\/\/proindesa.com\/index.php?rest_route=\/wp\/v2\/product\/630","targetHints":{"allow":["GET"]}}],"collection":[{"href":"https:\/\/proindesa.com\/index.php?rest_route=\/wp\/v2\/product"}],"about":[{"href":"https:\/\/proindesa.com\/index.php?rest_route=\/wp\/v2\/types\/product"}],"wp:featuredmedia":[{"embeddable":true,"href":"https:\/\/proindesa.com\/index.php?rest_route=\/wp\/v2\/media\/528"}],"wp:attachment":[{"href":"https:\/\/proindesa.com\/index.php?rest_route=%2Fwp%2Fv2%2Fmedia&parent=630"}],"wp:term":[{"taxonomy":"product_brand","embeddable":true,"href":"https:\/\/proindesa.com\/index.php?rest_route=%2Fwp%2Fv2%2Fproduct_brand&post=630"},{"taxonomy":"product_cat","embeddable":true,"href":"https:\/\/proindesa.com\/index.php?rest_route=%2Fwp%2Fv2%2Fproduct_cat&post=630"},{"taxonomy":"product_tag","embeddable":true,"href":"https:\/\/proindesa.com\/index.php?rest_route=%2Fwp%2Fv2%2Fproduct_tag&post=630"}],"curies":[{"name":"wp","href":"https:\/\/api.w.org\/{rel}","templated":true}]}}