{"id":619,"date":"2024-05-15T20:30:12","date_gmt":"2024-05-15T18:30:12","guid":{"rendered":"http:\/\/proindesa.com\/wordpress\/product\/2cp\/"},"modified":"2025-08-13T18:44:47","modified_gmt":"2025-08-13T16:44:47","slug":"2cp","status":"publish","type":"product","link":"https:\/\/proindesa.com\/?product=2cp","title":{"rendered":"2cp"},"content":{"rendered":"<p>Tipo: Agua limpia<br \/>\nAplicaciones: Dom\u00e9stico, Civil, Industrial<br \/>\nUsos: Abastecimiento de agua, Sistemas anti incendio, Sistemas de presi\u00f3n<br \/>\nTipolog\u00eda: Superficie<br \/>\nFamilia: Centr\u00edfugas<\/p>\n","protected":false},"excerpt":{"rendered":"<p>Usos: Abastecimiento de agua, Sistemas anti incendio, Sistemas de presi\u00f3n Tipolog\u00eda: Superficie Familia: Centr\u00edfugas<\/p>\n","protected":false},"featured_media":389,"template":"","meta":{"_acf_changed":false,"content-type":"","_uf_show_specific_survey":0,"_uf_disable_surveys":false},"product_brand":[],"product_cat":[84],"product_tag":[97,40,101,98,99],"class_list":{"0":"post-619","1":"product","2":"type-product","3":"status-publish","4":"has-post-thumbnail","6":"product_cat-bombas-centrifugas","7":"product_tag-asesoria","8":"product_tag-pedrollo","9":"product_tag-sin-precio","10":"product_tag-sin-whatsapp","11":"product_tag-solo-form","13":"first","14":"instock","15":"taxable","16":"shipping-taxable","17":"purchasable","18":"product-type-simple"},"acf":[],"_links":{"self":[{"href":"https:\/\/proindesa.com\/index.php?rest_route=\/wp\/v2\/product\/619","targetHints":{"allow":["GET"]}}],"collection":[{"href":"https:\/\/proindesa.com\/index.php?rest_route=\/wp\/v2\/product"}],"about":[{"href":"https:\/\/proindesa.com\/index.php?rest_route=\/wp\/v2\/types\/product"}],"wp:featuredmedia":[{"embeddable":true,"href":"https:\/\/proindesa.com\/index.php?rest_route=\/wp\/v2\/media\/389"}],"wp:attachment":[{"href":"https:\/\/proindesa.com\/index.php?rest_route=%2Fwp%2Fv2%2Fmedia&parent=619"}],"wp:term":[{"taxonomy":"product_brand","embeddable":true,"href":"https:\/\/proindesa.com\/index.php?rest_route=%2Fwp%2Fv2%2Fproduct_brand&post=619"},{"taxonomy":"product_cat","embeddable":true,"href":"https:\/\/proindesa.com\/index.php?rest_route=%2Fwp%2Fv2%2Fproduct_cat&post=619"},{"taxonomy":"product_tag","embeddable":true,"href":"https:\/\/proindesa.com\/index.php?rest_route=%2Fwp%2Fv2%2Fproduct_tag&post=619"}],"curies":[{"name":"wp","href":"https:\/\/api.w.org\/{rel}","templated":true}]}}