{"id":586,"date":"2024-05-15T20:30:09","date_gmt":"2024-05-15T18:30:09","guid":{"rendered":"http:\/\/proindesa.com\/wordpress\/product\/sello-mecanico-tipo-220\/"},"modified":"2025-08-13T18:44:38","modified_gmt":"2025-08-13T16:44:38","slug":"sello-mecanico-tipo-220","status":"publish","type":"product","link":"https:\/\/proindesa.com\/?product=sello-mecanico-tipo-220","title":{"rendered":"Sello mec\u00e1nico tipo 220"},"content":{"rendered":"<p>SELLO ESTACIONARIO CARTUCHO PARA SERVICIO GENERAL<br \/>\nSello estacionario multiresorte, ideal para trabajo a altas velocidades, ofrece un sellado seguro y a larga duraci\u00f3n. Excepcional para absorber desalineamientos del eje. VENTAJAS<\/p>\n<p>Autoalineante Adaptable a la mayor\u00eda de las bombas Repuestos de f\u00e1cil adquisici\u00f3n.<br \/>\nF\u00e1cil montaje<br \/>\nMATERIALES (Para ver el detalle completo, descargue el cat\u00e1logo PDF)<br \/>\nCUERPO DEL SELLO:<br \/>\nAISI 316. CARA ROTATORIA: Carb\u00f3n grado qu\u00edmico o metalizado, Carburo de Silicio (RB), Carburo de Tungsteno (Ni).<br \/>\nASIENTO ESTACIONARIO: Carburo de Silicio (RB), Carburo de Tungsteno (Ni).<br \/>\nELAST\u00d3MEROS: Vit\u00f3n\u00ae. EPR, Kalrez \u00ae, AFLAS \u00ae, Chemraz \u00ae.<\/p>\n","protected":false},"excerpt":{"rendered":"<p>Autoalineante Adaptable a la mayor\u00eda de las bombas Repuestos de f\u00e1cil adquisici\u00f3n.<\/p>\n","protected":false},"featured_media":453,"template":"","meta":{"_acf_changed":false,"content-type":"","_uf_show_specific_survey":0,"_uf_disable_surveys":false},"product_brand":[],"product_cat":[78],"product_tag":[97,43,39,101],"class_list":{"0":"post-586","1":"product","2":"type-product","3":"status-publish","4":"has-post-thumbnail","6":"product_cat-sellos-mecanicos","7":"product_tag-asesoria","8":"product_tag-con-pdf","9":"product_tag-sealco","10":"product_tag-sin-precio","12":"first","13":"instock","14":"taxable","15":"shipping-taxable","16":"purchasable","17":"product-type-simple"},"acf":[],"_links":{"self":[{"href":"https:\/\/proindesa.com\/index.php?rest_route=\/wp\/v2\/product\/586","targetHints":{"allow":["GET"]}}],"collection":[{"href":"https:\/\/proindesa.com\/index.php?rest_route=\/wp\/v2\/product"}],"about":[{"href":"https:\/\/proindesa.com\/index.php?rest_route=\/wp\/v2\/types\/product"}],"wp:featuredmedia":[{"embeddable":true,"href":"https:\/\/proindesa.com\/index.php?rest_route=\/wp\/v2\/media\/453"}],"wp:attachment":[{"href":"https:\/\/proindesa.com\/index.php?rest_route=%2Fwp%2Fv2%2Fmedia&parent=586"}],"wp:term":[{"taxonomy":"product_brand","embeddable":true,"href":"https:\/\/proindesa.com\/index.php?rest_route=%2Fwp%2Fv2%2Fproduct_brand&post=586"},{"taxonomy":"product_cat","embeddable":true,"href":"https:\/\/proindesa.com\/index.php?rest_route=%2Fwp%2Fv2%2Fproduct_cat&post=586"},{"taxonomy":"product_tag","embeddable":true,"href":"https:\/\/proindesa.com\/index.php?rest_route=%2Fwp%2Fv2%2Fproduct_tag&post=586"}],"curies":[{"name":"wp","href":"https:\/\/api.w.org\/{rel}","templated":true}]}}