{"id":563,"date":"2024-05-15T20:30:07","date_gmt":"2024-05-15T18:30:07","guid":{"rendered":"http:\/\/proindesa.com\/wordpress\/product\/sello-mecanico-tipo-n\/"},"modified":"2025-08-13T18:44:32","modified_gmt":"2025-08-13T16:44:32","slug":"sello-mecanico-tipo-n","status":"publish","type":"product","link":"https:\/\/proindesa.com\/?product=sello-mecanico-tipo-n","title":{"rendered":"Sello mec\u00e1nico tipo n"},"content":{"rendered":"<p>Sello mec\u00e1nico de fuelle elastomerico para espacios axiales cortos.<br \/>\nSe usa com\u00fanmente en bombas para aplicaciones de estanques, pozos colectores, entre otros. Ventajas: Corta longitud de operaci\u00f3n Facil instalaci\u00f3n<br \/>\nCompensa desalineamientos del eje y vibraciones.<\/p>\n<p>Materiales:<\/p>\n<p>Partes met\u00e1licas Acero 304<br \/>\nCara rotatoria Carbon<br \/>\nCara estacionaria: Cer\u00e1mica<br \/>\nElastomeros: Nitrilo.<br \/>\nSe puede suministrar en caras duras y elastomero en viton a solicitud del cliente.<\/p>\n","protected":false},"excerpt":{"rendered":"<p>Partes metalicas Acero 304 Cara rotatoria Carbon Cara estacionaria: Ceramica<\/p>\n","protected":false},"featured_media":433,"template":"","meta":{"_acf_changed":false,"content-type":"","_uf_show_specific_survey":0,"_uf_disable_surveys":false},"product_brand":[],"product_cat":[78],"product_tag":[97,43,39,101],"class_list":{"0":"post-563","1":"product","2":"type-product","3":"status-publish","4":"has-post-thumbnail","6":"product_cat-sellos-mecanicos","7":"product_tag-asesoria","8":"product_tag-con-pdf","9":"product_tag-sealco","10":"product_tag-sin-precio","12":"first","13":"instock","14":"taxable","15":"shipping-taxable","16":"purchasable","17":"product-type-simple"},"acf":[],"_links":{"self":[{"href":"https:\/\/proindesa.com\/index.php?rest_route=\/wp\/v2\/product\/563","targetHints":{"allow":["GET"]}}],"collection":[{"href":"https:\/\/proindesa.com\/index.php?rest_route=\/wp\/v2\/product"}],"about":[{"href":"https:\/\/proindesa.com\/index.php?rest_route=\/wp\/v2\/types\/product"}],"wp:featuredmedia":[{"embeddable":true,"href":"https:\/\/proindesa.com\/index.php?rest_route=\/wp\/v2\/media\/433"}],"wp:attachment":[{"href":"https:\/\/proindesa.com\/index.php?rest_route=%2Fwp%2Fv2%2Fmedia&parent=563"}],"wp:term":[{"taxonomy":"product_brand","embeddable":true,"href":"https:\/\/proindesa.com\/index.php?rest_route=%2Fwp%2Fv2%2Fproduct_brand&post=563"},{"taxonomy":"product_cat","embeddable":true,"href":"https:\/\/proindesa.com\/index.php?rest_route=%2Fwp%2Fv2%2Fproduct_cat&post=563"},{"taxonomy":"product_tag","embeddable":true,"href":"https:\/\/proindesa.com\/index.php?rest_route=%2Fwp%2Fv2%2Fproduct_tag&post=563"}],"curies":[{"name":"wp","href":"https:\/\/api.w.org\/{rel}","templated":true}]}}