{"id":3491,"date":"2025-07-30T16:04:40","date_gmt":"2025-07-30T14:04:40","guid":{"rendered":"https:\/\/proindesa.com\/?post_type=product&#038;p=3491"},"modified":"2025-08-13T18:46:16","modified_gmt":"2025-08-13T16:46:16","slug":"filtracion-y-mejoramiento-de-lubricantes-2","status":"publish","type":"product","link":"https:\/\/proindesa.com\/?product=filtracion-y-mejoramiento-de-lubricantes-2","title":{"rendered":"Filtracion y mejoramiento de lubricantes"},"content":{"rendered":"<p class=\"font_7\">Des-Case combina tecnolog\u00edas de filtraci\u00f3n, almacenamiento y ventilaci\u00f3n para mantener sus lubricantes limpios y secos antes de que entren en su equipo.<\/p>\n<p class=\"font_7\">Una analogia interesante para comprender mejor la importancia de mantener en buenas condiciones el aceite en las maquinas, es pensar en el aceite, como la sangre que corre en nuestras venas. Sabemos que si la sangre en nuestras venas esta en buenas condiciones, libres de colesterol y trigliceridos, tendremos una buena salud.<\/p>\n<p class=\"font_7\">Asi mismo una maquina que tiene en buenas condiciones el aceite que circula por ella, no sufrira da\u00f1os prematuros,\u00a0<u>ahorrando mucho dinero en reparaciones\u00a0<\/u>que pudieron evitarse al evitar desgaste en las piezas por abrasion.<\/p>\n<p class=\"font_8\"><strong>Una de las principales razones por lo que los aceites fallan es La Contaminaci\u00f3n.<\/strong><\/p>\n<p class=\"font_8\">Se puede pensar en la contaminaci\u00f3n como cualquier cosa que ingrese al lubricante y que no est\u00e9 destinado a estar all\u00ed. Puede ser cualquier cosa.<\/p>\n<p class=\"font_8\">Ejemplos de fuentes externas son suciedad, agua y l\u00edquidos o materiales relacionados con el proceso. Si estos contaminantes no pueden eliminarse del sistema mediante filtraci\u00f3n, deshidrataci\u00f3n, etc., ser\u00e1 necesario implementar un enfoque m\u00e1s dr\u00e1stico\u00a0<u>(es decir, un cambio de aceite)<\/u>.<\/p>\n<p>Una forma de contaminaci\u00f3n que a menudo se olvida proviene de fuentes internas. Los subproductos del desgaste de la m\u00e1quina y la degradaci\u00f3n del aceite deben tratarse de la misma manera que las fuentes externas.<\/p>\n<p>Entonces, \u00bfqu\u00e9 pasa si dejamos la contaminaci\u00f3n en el sistema? Esto depende del contaminante que haya infectado el sistema. En casi todos los casos, estos contaminantes reducir\u00e1n la esperanza de vida del activo si no se controlan.<\/p>\n","protected":false},"excerpt":{"rendered":"<p>Des-Case combina tecnolog\u00edas de filtraci\u00f3n, almacenamiento y ventilaci\u00f3n para mantener sus lubricantes limpios y secos antes de que entren en su equipo. Una analogia interesante para comprender mejor la importancia de mantener en buenas condiciones el aceite en las maquinas, es pensar en el aceite, como la sangre que corre en nuestras venas. Sabemos que [&hellip;]<\/p>\n","protected":false},"featured_media":2193,"template":"","meta":{"_acf_changed":false,"content-type":"","_uf_show_specific_survey":0,"_uf_disable_surveys":false},"product_brand":[],"product_cat":[89],"product_tag":[97,101],"class_list":{"0":"post-3491","1":"product","2":"type-product","3":"status-publish","4":"has-post-thumbnail","6":"product_cat-lubricantes-industriales-y-automotriz","7":"product_tag-asesoria","8":"product_tag-sin-precio","10":"first","11":"instock","12":"taxable","13":"shipping-taxable","14":"purchasable","15":"product-type-simple"},"acf":[],"_links":{"self":[{"href":"https:\/\/proindesa.com\/index.php?rest_route=\/wp\/v2\/product\/3491","targetHints":{"allow":["GET"]}}],"collection":[{"href":"https:\/\/proindesa.com\/index.php?rest_route=\/wp\/v2\/product"}],"about":[{"href":"https:\/\/proindesa.com\/index.php?rest_route=\/wp\/v2\/types\/product"}],"wp:featuredmedia":[{"embeddable":true,"href":"https:\/\/proindesa.com\/index.php?rest_route=\/wp\/v2\/media\/2193"}],"wp:attachment":[{"href":"https:\/\/proindesa.com\/index.php?rest_route=%2Fwp%2Fv2%2Fmedia&parent=3491"}],"wp:term":[{"taxonomy":"product_brand","embeddable":true,"href":"https:\/\/proindesa.com\/index.php?rest_route=%2Fwp%2Fv2%2Fproduct_brand&post=3491"},{"taxonomy":"product_cat","embeddable":true,"href":"https:\/\/proindesa.com\/index.php?rest_route=%2Fwp%2Fv2%2Fproduct_cat&post=3491"},{"taxonomy":"product_tag","embeddable":true,"href":"https:\/\/proindesa.com\/index.php?rest_route=%2Fwp%2Fv2%2Fproduct_tag&post=3491"}],"curies":[{"name":"wp","href":"https:\/\/api.w.org\/{rel}","templated":true}]}}