{"id":3468,"date":"2025-07-30T16:04:25","date_gmt":"2025-07-30T14:04:25","guid":{"rendered":"https:\/\/proindesa.com\/?post_type=product&#038;p=3468"},"modified":"2025-08-13T18:46:11","modified_gmt":"2025-08-13T16:46:11","slug":"pulverizador-neumatico-sin-aire-contractor-king-2","status":"publish","type":"product","link":"https:\/\/proindesa.com\/?product=pulverizador-neumatico-sin-aire-contractor-king-2","title":{"rendered":"Pulverizador neum\u00e1tico sin aire contractor king"},"content":{"rendered":"<p>Presentamos el nuevo miembro de la familia King, Contractor King 70:1. Dise\u00f1ada para la movilidad de una sola persona y un alto rendimiento, esta asequible l\u00ednea de pulverizadores neum\u00e1ticos es el complemento perfecto para la flota de cualquier contratista. Presentamos el nuevo miembro de la familia King, Contractor King 70:1.<br \/>\nDise\u00f1ada para la movilidad de una sola persona y un alto rendimiento, esta asequible l\u00ednea de pulverizadores neum\u00e1ticos es el complemento perfecto para la flota de cualquier contratista.<\/p>\n<p>Disponible en muchas configuraciones de mangueras y pistolas, las unidades Contractor King cuentan con un \u00abdise\u00f1o con s\u00f3lo lo esencial\u00bb, que permite a los usuarios personalizar el pulverizador agregando solo los accesorios que necesitan. <\/p>\n<p>Perfectos para aplicaciones de impermeabilizaci\u00f3n, ignifugaci\u00f3n y recubrimientos protectores de alto volumen a alta presi\u00f3n, estos pulverizadores probados y durables ofrecen lo \u00faltimo en conveniencia y valor para cada contratista.<\/p>\n<p>Calidad de King demostrada con Tecnolog\u00eda antihielo<\/p>\n<p>Dise\u00f1o de eficacia probada que elimina la formaci\u00f3n de hielo mientras se pulveriza<br \/>\nConstrucci\u00f3n compuesta, de acero o de aluminio que durar\u00e1 a\u00f1os de servicio<br \/>\nProporciona un acabado superior sin pulsaci\u00f3n, incluso usando varias pistolas<br \/>\nDise\u00f1o sencillo para facilitar el mantenimiento<br \/>\nPuertos de gran tama\u00f1o para lograr un caudal de aire m\u00e1ximo<br \/>\nF\u00e1cil de mover y transportar<\/p>\n<p>Casi 38 kg m\u00e1s ligero que otros modelos equiparables para que una sola persona pueda manejarlo sin problemas<br \/>\nBastidor de acero soldado cromado para aguantar a\u00f1os de servicio<br \/>\nPuntos de izado para posicionarlo m\u00e1s f\u00e1cilmente en cualquier lugar de trabajo<br \/>\nRuedas a prueba de pinchazos que resisten escombros y residuos para ofrecer la m\u00e1xima comodidad<br \/>\nMantenimiento sencillo con dise\u00f1o y rendimiento demostrados<\/p>\n<p>Bomba QuickChange Endurance para un f\u00e1cil y r\u00e1pido desmontaje y mantenimiento<br \/>\nEje Chromex y cilindro de acero inoxidable para disfrutar de la m\u00e1xima vida \u00fatil y rendimiento<br \/>\nDise\u00f1o compatible que usa las mismas pieza de desgaste que otros pulverizadores King<br \/>\nEmpaquetaduras de cuero y UHMWPE Xtreme Seal para ofrecer una durabilidad extrema con la mayor\u00eda de materiales<br \/>\nV\u00e1lvula de admisi\u00f3n QuickAccess para facilitar el acceso a la retenci\u00f3n de bola<br \/>\nPistola Silver Plus HP de alta presi\u00f3n<\/p>\n<p>Hasta 7250 PSI<br \/>\nHasta 35% m\u00e1s ligera que otras pistolas de su clase<br \/>\nRequiere menos fuerza para apretar el gatillo, lo que permite pulverizar c\u00f3modamente durante todo el d\u00eda<br \/>\nDise\u00f1o duradero de acero y aluminio con conductos de fluido sobredimensionados para una menor p\u00e9rdida de presi\u00f3n<br \/>\nLa conveniencia de una sola pistola que funciona con todas las unidades de su flota<br \/>\nDise\u00f1o probado de la v\u00e1lvula de aire<\/p>\n<p>Proporciona un acabado superior sin pulsaciones, incluso con varias pistolas<br \/>\nDise\u00f1o simple para facilitar las reparaciones<br \/>\nPuertos sobredimensionados para un flujo de aire m\u00e1ximo<br \/>\nEl paquete completo incluye: <\/p>\n<p>Pistola Silver Plus O Silver Plus HP (seleccione la que corresponda a su modelo)<br \/>\nBoquillas SwitchTip XHD 417, XHD 519 y protecci\u00f3n<br \/>\nManguera flexible sin aire para servicio pesado de 1\/4 pulg. x 6 pies<br \/>\nManguera sin aire para servicio pesado de 3\/8 pulg. x 50 pies<\/p>\n","protected":false},"excerpt":{"rendered":"<p>Dise\u00f1ada para la movilidad de una sola persona y un alto rendimiento, esta asequible l\u00ednea de pulverizadores neum\u00e1ticos es el complemento perfecto para la flota de cualquier contratista.<\/p>\n","protected":false},"featured_media":516,"template":"","meta":{"_acf_changed":false,"content-type":"","_uf_show_specific_survey":0,"_uf_disable_surveys":false},"product_brand":[],"product_cat":[94],"product_tag":[38,101],"class_list":{"0":"post-3468","1":"product","2":"type-product","3":"status-publish","4":"has-post-thumbnail","6":"product_cat-industrial","7":"product_tag-graco","8":"product_tag-sin-precio","10":"first","11":"instock","12":"taxable","13":"shipping-taxable","14":"purchasable","15":"product-type-simple"},"acf":[],"_links":{"self":[{"href":"https:\/\/proindesa.com\/index.php?rest_route=\/wp\/v2\/product\/3468","targetHints":{"allow":["GET"]}}],"collection":[{"href":"https:\/\/proindesa.com\/index.php?rest_route=\/wp\/v2\/product"}],"about":[{"href":"https:\/\/proindesa.com\/index.php?rest_route=\/wp\/v2\/types\/product"}],"wp:featuredmedia":[{"embeddable":true,"href":"https:\/\/proindesa.com\/index.php?rest_route=\/wp\/v2\/media\/516"}],"wp:attachment":[{"href":"https:\/\/proindesa.com\/index.php?rest_route=%2Fwp%2Fv2%2Fmedia&parent=3468"}],"wp:term":[{"taxonomy":"product_brand","embeddable":true,"href":"https:\/\/proindesa.com\/index.php?rest_route=%2Fwp%2Fv2%2Fproduct_brand&post=3468"},{"taxonomy":"product_cat","embeddable":true,"href":"https:\/\/proindesa.com\/index.php?rest_route=%2Fwp%2Fv2%2Fproduct_cat&post=3468"},{"taxonomy":"product_tag","embeddable":true,"href":"https:\/\/proindesa.com\/index.php?rest_route=%2Fwp%2Fv2%2Fproduct_tag&post=3468"}],"curies":[{"name":"wp","href":"https:\/\/api.w.org\/{rel}","templated":true}]}}