{"id":3467,"date":"2025-07-30T16:04:24","date_gmt":"2025-07-30T14:04:24","guid":{"rendered":"https:\/\/proindesa.com\/?post_type=product&#038;p=3467"},"modified":"2025-08-13T18:46:11","modified_gmt":"2025-08-13T16:46:11","slug":"pulverizador-electrico-sin-aire-king-serie-e-electrico-2","status":"publish","type":"product","link":"https:\/\/proindesa.com\/?product=pulverizador-electrico-sin-aire-king-serie-e-electrico-2","title":{"rendered":"Pulverizador el\u00e9ctrico sin aire king serie e (el\u00e9ctrico)"},"content":{"rendered":"<p><span style=\"font-weight: 400;\">El pulverizador el\u00e9ctrico sin aire de la serie E King de Graco es para recubrimientos protectores y algunos modelos han sido aprobados para lugares peligrosos. La serie King E funciona con una fuente de energ\u00eda el\u00e9ctrica m\u00e1s confiable, conveniente y disponible, que elimina la dependencia del sitio de trabajo del aire comprimido. M\u00e1s a\u00fan, la tecnolog\u00eda el\u00e9ctrica reduce la pulsaci\u00f3n y elimina la formaci\u00f3n de hielo en el motor, por lo que puede realizar sus tareas sin problemas siempre que lo necesite. El pulverizador el\u00e9ctrico sin aire de la serie E King de Graco es para recubrimientos protectores y algunos modelos han sido aprobados para lugares peligrosos. La serie King E funciona con una fuente de energ\u00eda el\u00e9ctrica m\u00e1s confiable, conveniente y disponible, que elimina la dependencia del sitio de trabajo del aire comprimido. M\u00e1s a\u00fan, la tecnolog\u00eda el\u00e9ctrica reduce la pulsaci\u00f3n y elimina la formaci\u00f3n de hielo en el motor, por lo que puede realizar sus tareas sin problemas siempre que lo necesite.<\/span><\/p>\n<p><span style=\"font-weight: 400;\">La soluci\u00f3n el\u00e9ctrica para la pulverizaci\u00f3n de recubrimientos protectores.<\/span><\/p>\n<p><span style=\"font-weight: 400;\">Electricidad \u2013 La alimentaci\u00f3n el\u00e9ctrica, cuando est\u00e1 conectada correctamente, es segura, confiable y pr\u00e1ctica para usted y sus clientes. Libere su operaci\u00f3n de la confiabilidad de un compresor de aire. Los d\u00edas de mantenimiento esencial de los compresores a gran escala <\/span><span style=\"font-weight: 400;\">han terminado.<\/span><\/p>\n<p><span style=\"font-weight: 400;\">Sin formaci\u00f3n de hielo \u2013 Al eliminar la necesidad de un motor neum\u00e1tico, la formaci\u00f3n de hielo queda como un problema de la historia. La formaci\u00f3n de hielo de un motor neum\u00e1tico puede encontrarse con m\u00e1s frecuencia en condiciones de humedad elevada, lo que genera una desaceleraci\u00f3n del motor y la p\u00e9rdida de presi\u00f3n, perjudicial para sus tasas de producci\u00f3n. El pulverizador de la serie King E es una soluci\u00f3n el\u00e9ctrica que lo mantendr\u00e1 pulverizando al m\u00e1ximo potencial de la bomba en cualquier condici\u00f3n.<\/span><\/p>\n<p><span style=\"font-weight: 400;\">Ruido reducido: no importa la aplicaci\u00f3n, la exposici\u00f3n al ruido puede afectar dr\u00e1sticamente sus condiciones de trabajo. El silencioso motor el\u00e9ctrico mejora significativamente las condiciones de trabajo. Cuando se compara con un motor neum\u00e1tico, el pulverizador e-Xtreme es hasta cinco veces m\u00e1s silencioso.<\/span><\/p>\n<p><span style=\"font-weight: 400;\">Conectar y pulverizar \u2013 La serie King E funciona con m\u00faltiples opciones de energ\u00eda (120V o 240V). Capaz de manejar los tama\u00f1os de boquillas de pulverizaci\u00f3n sin aire m\u00e1s populares de Graco con un patr\u00f3n uniforme gracias a la baja tasa de pulsaci\u00f3n. Este patr\u00f3n suave se nota en la pistola. Con capacidad para pulverizar la mayor\u00eda de los recubrimientos de alto contenido de s\u00f3lidos, se convertir\u00e1 r\u00e1pidamente en su pulverizador preferido: \u00a1KING!<\/span><\/p>\n<p><span style=\"font-weight: 400;\">Aprobado por ATEX \u2013 Realice el trabajo de forma segura: en comparaci\u00f3n con otros pulverizadores el\u00e9ctricos, la serie King E est\u00e1 aprobada para lugares peligrosos. Las aprobaciones ATEX, IECEx y de Clase 1, Div. 1 significan que este pulverizador puede utilizarse en plantas qu\u00edmicas, talleres de pintura, refiner\u00edas, plataformas marinas, o en cualquier lugar en el que la generaci\u00f3n de chispas sea motivo de preocupaci\u00f3n.<\/span><\/p>\n<p><span style=\"font-weight: 400;\">Con una mayor eficiencia y menor costo total de propiedad, el pulverizador King serie E es la soluci\u00f3n m\u00e1s rentable en comparaci\u00f3n con pulverizadores neum\u00e1ticos sin aire. El pulverizador King serie E ahorra hasta un 80 % en costos de energ\u00eda en comparaci\u00f3n con un pulverizador de accionamiento neum\u00e1tico. * Mediante la eliminaci\u00f3n del compresor de aire pesado y costoso, usted puede mantener la productividad mediante el uso de la fuente de alimentaci\u00f3n m\u00e1s confiable disponible, \u00a1la electricidad! * Estudio completado con una presi\u00f3n de bomba de 241 bar (3500 psi) durante 20 horas \/ semana; pulverizando 1226 L (324 gal) de ep\u00f3xido de s\u00f3lidos al 73 % por volumen con la boquilla XHD519.<\/span><\/p>\n<p><span style=\"font-weight: 400;\">Garant\u00eda limitada de tres a\u00f1os \u2013 Respaldamos cada equipo que fabricamos con la garant\u00eda m\u00e1s fuerte de la industria. La serie King E ofrece una garant\u00eda de tres a\u00f1os en el tren de engranajes, chasis y motor el\u00e9ctrico. La cubierta del m\u00f3dulo electr\u00f3nico y todas las dem\u00e1s piezas de transmisi\u00f3n del pulverizador e-Xtreme est\u00e1n respaldadas por la garant\u00eda est\u00e1ndar de un a\u00f1o. Consulte el manual del producto para obtener detalles espec\u00edficos de la garant\u00eda.<\/span><\/p>\n","protected":false},"excerpt":{"rendered":"<p>Para recubrimientos protectores y algunos modelos han sido aprobados para lugares peligrosos.<\/p>\n","protected":false},"featured_media":515,"template":"","meta":{"_acf_changed":false,"content-type":"","_uf_show_specific_survey":0,"_uf_disable_surveys":false},"product_brand":[],"product_cat":[94],"product_tag":[38,101],"class_list":{"0":"post-3467","1":"product","2":"type-product","3":"status-publish","4":"has-post-thumbnail","6":"product_cat-industrial","7":"product_tag-graco","8":"product_tag-sin-precio","10":"first","11":"instock","12":"taxable","13":"shipping-taxable","14":"purchasable","15":"product-type-simple"},"acf":[],"_links":{"self":[{"href":"https:\/\/proindesa.com\/index.php?rest_route=\/wp\/v2\/product\/3467","targetHints":{"allow":["GET"]}}],"collection":[{"href":"https:\/\/proindesa.com\/index.php?rest_route=\/wp\/v2\/product"}],"about":[{"href":"https:\/\/proindesa.com\/index.php?rest_route=\/wp\/v2\/types\/product"}],"wp:featuredmedia":[{"embeddable":true,"href":"https:\/\/proindesa.com\/index.php?rest_route=\/wp\/v2\/media\/515"}],"wp:attachment":[{"href":"https:\/\/proindesa.com\/index.php?rest_route=%2Fwp%2Fv2%2Fmedia&parent=3467"}],"wp:term":[{"taxonomy":"product_brand","embeddable":true,"href":"https:\/\/proindesa.com\/index.php?rest_route=%2Fwp%2Fv2%2Fproduct_brand&post=3467"},{"taxonomy":"product_cat","embeddable":true,"href":"https:\/\/proindesa.com\/index.php?rest_route=%2Fwp%2Fv2%2Fproduct_cat&post=3467"},{"taxonomy":"product_tag","embeddable":true,"href":"https:\/\/proindesa.com\/index.php?rest_route=%2Fwp%2Fv2%2Fproduct_tag&post=3467"}],"curies":[{"name":"wp","href":"https:\/\/api.w.org\/{rel}","templated":true}]}}