{"id":3464,"date":"2025-07-30T16:04:24","date_gmt":"2025-07-30T14:04:24","guid":{"rendered":"https:\/\/proindesa.com\/?post_type=product&#038;p=3464"},"modified":"2025-08-13T18:46:10","modified_gmt":"2025-08-13T16:46:10","slug":"texspray-rtx-1400si-2","status":"publish","type":"product","link":"https:\/\/proindesa.com\/?product=texspray-rtx-1400si-2","title":{"rendered":"Texspray rtx 1400si"},"content":{"rendered":"<p><span style=\"font-weight: 400;\">El TexSpray RTX 1400SI ofrece las caracter\u00edsticas que busca con el acabado que desea.<\/span><span style=\"font-weight: 400;\"><br \/>\n<\/span><span style=\"font-weight: 400;\">El TexSpray RTX 1400SI es la soluci\u00f3n de acabado diaria dise\u00f1ada para el contratista residencial y de pintura que est\u00e1n continuamente en busca de confiabilidad cotidiana. Las caracter\u00edsticas del RTX 1400SI:<\/span><\/p>\n<p><span style=\"font-weight: 400;\">Bomba RotoFlex II Presenta una innovadora eslinga trenzada que ofrece soporte adicional al tubo de la bomba RotoFlex<\/span><span style=\"font-weight: 400;\"><br \/>\n<\/span><span style=\"font-weight: 400;\">1,4 gpm de salida para conseguir terminar el trabajo r\u00e1pidamente. \u00a1Hecho comprobado en el lugar de trabajo!<\/span><span style=\"font-weight: 400;\"><br \/>\n<\/span><span style=\"font-weight: 400;\">Compresor de aire de alto rendimiento. El dise\u00f1o de alto nivel de salida emite 33 % m\u00e1s aire para acabados exigentes.<\/span><span style=\"font-weight: 400;\"><br \/>\n<\/span><span style=\"font-weight: 400;\">Dise\u00f1o sin necesidad de mantenimiento<\/span><span style=\"font-weight: 400;\"><br \/>\n<\/span><span style=\"font-weight: 400;\">Proyecta materiales a mayor distancia<\/span><span style=\"font-weight: 400;\"><br \/>\n<\/span><span style=\"font-weight: 400;\">salida de 6,1 cfm<\/span><span style=\"font-weight: 400;\"><br \/>\n<\/span><span style=\"font-weight: 400;\">Motor el\u00e9ctrico de alto rendimiento de 120 VCA. El dise\u00f1o optimizado ofrece una mayor potencia y desempe\u00f1o.<\/span><span style=\"font-weight: 400;\"><br \/>\n<\/span><span style=\"font-weight: 400;\">El dise\u00f1o de un solo motor hace funcionar tanto el compresor de aire como la bomba RotoFlex<\/span><span style=\"font-weight: 400;\"><br \/>\n<\/span><span style=\"font-weight: 400;\">Manguera para material\/aire. Skip-BondAmbas mangueras est\u00e1n pegadas permanentemente entre s\u00ed para un f\u00e1cil manejo<\/span><span style=\"font-weight: 400;\"><br \/>\n<\/span><span style=\"font-weight: 400;\">Ofrece una mayor flexibilidad<\/span><span style=\"font-weight: 400;\"><br \/>\n<\/span><span style=\"font-weight: 400;\">Secci\u00f3n de la bomba FlexChangeSistema de reemplazo de bomba sin herramientas. \u00a1Ahora es m\u00e1s f\u00e1cil que nunca!<\/span><span style=\"font-weight: 400;\"><br \/>\n<\/span><span style=\"font-weight: 400;\">Cambie por una bomba RotoFlex de repuesto en cuesti\u00f3n de segundos<\/span><span style=\"font-weight: 400;\"><br \/>\n<\/span><span style=\"font-weight: 400;\">Elimine el costoso tiempo de inactividad en el lugar de trabajo<\/span><span style=\"font-weight: 400;\"><br \/>\n<\/span><span style=\"font-weight: 400;\">Control de flujo de material regulable. Coloque el cuadrante hacia arriba para pulverizar materiales m\u00e1s gruesos.<\/span><span style=\"font-weight: 400;\"><br \/>\n<\/span><span style=\"font-weight: 400;\">Coloque el cuadrante hacia abajo para menos flujo y control m\u00e1ximo.<\/span><span style=\"font-weight: 400;\"><br \/>\n<\/span><span style=\"font-weight: 400;\">Medidor de f\u00e1cil lectura<\/span><span style=\"font-weight: 400;\"><br \/>\n<\/span><span style=\"font-weight: 400;\">Pistola de pulverizaci\u00f3n ligera. Dise\u00f1o duradero y resistente a la corrosi\u00f3n.<\/span><span style=\"font-weight: 400;\"><br \/>\n<\/span><span style=\"font-weight: 400;\">Regulaci\u00f3n de gatillo y aire de f\u00e1cil uso<\/span><span style=\"font-weight: 400;\"><br \/>\n<\/span><span style=\"font-weight: 400;\">Con estilo ergon\u00f3mico para una pulverizaci\u00f3n c\u00f3moda<\/span><\/p>\n<p><span style=\"font-weight: 400;\">Las unidades incluyen:<\/span><span style=\"font-weight: 400;\"><br \/>\n<\/span><span style=\"font-weight: 400;\">Manguera de material de 3\/4 in x 25 pies<\/span><span style=\"font-weight: 400;\"><br \/>\n<\/span><span style=\"font-weight: 400;\">Manguera para aire de 3\/8 in x 25 pies<\/span><span style=\"font-weight: 400;\"><br \/>\n<\/span><span style=\"font-weight: 400;\">Pistola de pulverizaci\u00f3n ligera<\/span><span style=\"font-weight: 400;\"><br \/>\n<\/span><span style=\"font-weight: 400;\">Boquillas redondas de 3 mm, 4 mm, 6 mm y 8 mm<\/span><\/p>\n","protected":false},"excerpt":{"rendered":"<p>Manguera de material de 3\/4 in x 25 pies Manguera para aire de 3\/8 in x 25 pies Pistola de pulverizaci\u00f3n ligera<\/p>\n","protected":false},"featured_media":501,"template":"","meta":{"_acf_changed":false,"content-type":"","_uf_show_specific_survey":0,"_uf_disable_surveys":false},"product_brand":[],"product_cat":[93],"product_tag":[97,43,38,101],"class_list":{"0":"post-3464","1":"product","2":"type-product","3":"status-publish","4":"has-post-thumbnail","6":"product_cat-arquitectonica","7":"product_tag-asesoria","8":"product_tag-con-pdf","9":"product_tag-graco","10":"product_tag-sin-precio","12":"first","13":"instock","14":"taxable","15":"shipping-taxable","16":"purchasable","17":"product-type-simple"},"acf":[],"_links":{"self":[{"href":"https:\/\/proindesa.com\/index.php?rest_route=\/wp\/v2\/product\/3464","targetHints":{"allow":["GET"]}}],"collection":[{"href":"https:\/\/proindesa.com\/index.php?rest_route=\/wp\/v2\/product"}],"about":[{"href":"https:\/\/proindesa.com\/index.php?rest_route=\/wp\/v2\/types\/product"}],"wp:featuredmedia":[{"embeddable":true,"href":"https:\/\/proindesa.com\/index.php?rest_route=\/wp\/v2\/media\/501"}],"wp:attachment":[{"href":"https:\/\/proindesa.com\/index.php?rest_route=%2Fwp%2Fv2%2Fmedia&parent=3464"}],"wp:term":[{"taxonomy":"product_brand","embeddable":true,"href":"https:\/\/proindesa.com\/index.php?rest_route=%2Fwp%2Fv2%2Fproduct_brand&post=3464"},{"taxonomy":"product_cat","embeddable":true,"href":"https:\/\/proindesa.com\/index.php?rest_route=%2Fwp%2Fv2%2Fproduct_cat&post=3464"},{"taxonomy":"product_tag","embeddable":true,"href":"https:\/\/proindesa.com\/index.php?rest_route=%2Fwp%2Fv2%2Fproduct_tag&post=3464"}],"curies":[{"name":"wp","href":"https:\/\/api.w.org\/{rel}","templated":true}]}}