{"id":3461,"date":"2025-07-30T16:04:24","date_gmt":"2025-07-30T14:04:24","guid":{"rendered":"https:\/\/proindesa.com\/?post_type=product&#038;p=3461"},"modified":"2025-08-13T18:46:09","modified_gmt":"2025-08-13T16:46:09","slug":"695-pulverizador-airless-electrico-2","status":"publish","type":"product","link":"https:\/\/proindesa.com\/?product=695-pulverizador-airless-electrico-2","title":{"rendered":"695 pulverizador airless el\u00e9ctrico"},"content":{"rendered":"<p><span style=\"font-weight: 400;\">Con un motor de CC sin escobillas de 2,0 hp, el Ultra Max II 695 es ideal para el contratista profesional de aplicaciones residenciales que pulveriza una amplia variedad de recubrimientos. Puede admitir una gran variedad de tama\u00f1os de boquillas y cuenta con una confiabilidad comprobada sobresaliente.<\/span><\/p>\n<p><span style=\"font-weight: 400;\">UltraMax II 695 Standard<\/span><span style=\"font-weight: 400;\"><br \/>\n<\/span><span style=\"font-weight: 400;\">El pulverizador de la Standard Series viene con estas caracter\u00edsticas \u201cque s\u00f3lo encuentra en Graco\u201d:<\/span><span style=\"font-weight: 400;\"><br \/>\n<\/span><span style=\"font-weight: 400;\">Sistema Advantage Drive \u2013 Funciona de manera silenciosa y tiene una garant\u00eda de por vida.<\/span><span style=\"font-weight: 400;\"><br \/>\n<\/span><span style=\"font-weight: 400;\">Motor de CC sin escobillas. MaxPower \u2013 Nunca cambie escobillas con este motor totalmente cerrado y libre de mantenimiento.<\/span><span style=\"font-weight: 400;\"><br \/>\n<\/span><span style=\"font-weight: 400;\">Control de presi\u00f3n. SmartControl 3.0 \u2013 Ofrece un abanico de pulverizaci\u00f3n consistente sin fluctuaciones de presi\u00f3n en todas las presiones de pulverizaci\u00f3n e incluye la tecnolog\u00eda ProGuard.<\/span><span style=\"font-weight: 400;\"><br \/>\n<\/span><span style=\"font-weight: 400;\">Bomba Endurance \u2013 El dise\u00f1o sorprendentemente durable y f\u00e1cil de reparar significa menos tiempo de inactividad en el trabajo.<\/span><span style=\"font-weight: 400;\"><br \/>\n<\/span><span style=\"font-weight: 400;\">Filtro de bomba Easy Out \u2013 Derrame menos material al retirar el elemento del filtro.<\/span><span style=\"font-weight: 400;\"><br \/>\n<\/span><span style=\"font-weight: 400;\">Dise\u00f1o de carro robusto \u2013 El recubrimiento de cromo sobre el acero hace que este carro dure por a\u00f1os.<\/span><span style=\"font-weight: 400;\"><br \/>\n<\/span><span style=\"font-weight: 400;\">V\u00e1lvula de cebado para servicio pesado \u2013 Dise\u00f1o libre de mantenimiento que resiste la ca\u00edda desde alta presi\u00f3n.<\/span><span style=\"font-weight: 400;\"><br \/>\n<\/span><span style=\"font-weight: 400;\">UltraMax II 695 ProContractor<\/span><span style=\"font-weight: 400;\"><br \/>\n<\/span><span style=\"font-weight: 400;\">El pulverizador de la ProContractor Series posee todas las caracter\u00edsticas de la Standard Series, m\u00e1s:<\/span><span style=\"font-weight: 400;\"><br \/>\n<\/span><span style=\"font-weight: 400;\">QuikReel \u2013 Extienda y rebobine hasta 300 pies de manguera en segundos sin doblarla ni enredarse.<\/span><\/p>\n<p><span style=\"font-weight: 400;\">Pantalla LED \u2013 La brillante pantalla LED es f\u00e1cil de leer y muestra la lectura de presi\u00f3n, el tiempo de funcionamiento total del trabajo, un medidor de carga y un autodiagn\u00f3stico.<\/span><span style=\"font-weight: 400;\"><br \/>\n<\/span><span style=\"font-weight: 400;\">Sistema de protecci\u00f3n de la bomba WatchDog \u2013 Protege a la bomba cuando se acaba la pintura o se rompe una manguera.<\/span><span style=\"font-weight: 400;\"><br \/>\n<\/span><span style=\"font-weight: 400;\">Sistema de extracci\u00f3n de la bomba ProConnect 2 \u2013 Cambie la bomba en segundos sin tener que usar herramientas, lo cual le permitir\u00e1 volver al trabajo r\u00e1pidamente.<\/span><span style=\"font-weight: 400;\"><br \/>\n<\/span><span style=\"font-weight: 400;\">Sistema de limpieza FastFlush \u2013 Limpia la unidad cuatro veces m\u00e1s r\u00e1pido usando solo la mitad de agua.<\/span><span style=\"font-weight: 400;\"><br \/>\n<\/span><span style=\"font-weight: 400;\">Caja de herramientas integrada \u2013 Acabe con la frustraci\u00f3n y ahorra tiempo al no tener que buscar boquillas, filtros y herramientas nunca m\u00e1s.<\/span><span style=\"font-weight: 400;\"><br \/>\n<\/span><span style=\"font-weight: 400;\">Listo para pulverizar \u2013 Ahorre tiempo de preparaci\u00f3n, gracias a la manguera de 100 pies y la pistola que ya est\u00e1 conectada y lista para usar.<\/span><span style=\"font-weight: 400;\"><br \/>\n<\/span><span style=\"font-weight: 400;\">UltraMax II 695 Lo-Boy<\/span><span style=\"font-weight: 400;\"><br \/>\n<\/span><span style=\"font-weight: 400;\">El modelo Lo-Boy viene con las mismas caracter\u00edsticas que el pulverizador de la serie Standard.<\/span><span style=\"font-weight: 400;\"><br \/>\n<\/span><span style=\"font-weight: 400;\">No disponible en 240 V para Europa, Oriente Medio y \u00c1frica.<\/span><span style=\"font-weight: 400;\"><br \/>\n<\/span><span style=\"font-weight: 400;\">Contractor Gun Hose Kit<\/span><span style=\"font-weight: 400;\"><br \/>\n<\/span><span style=\"font-weight: 400;\">Las unidades de la serie.<\/span><span style=\"font-weight: 400;\"><br \/>\n<\/span><span style=\"font-weight: 400;\">Standard y Lo-Boy incluyen:<\/span><span style=\"font-weight: 400;\"><br \/>\n<\/span><span style=\"font-weight: 400;\">Pistola Contractor<\/span><span style=\"font-weight: 400;\"><br \/>\n<\/span><span style=\"font-weight: 400;\">Boquilla de giro RAC X 517 SwitchTip y portaboquillas.<\/span><span style=\"font-weight: 400;\"><br \/>\n<\/span><span style=\"font-weight: 400;\">Manguera sin aire BlueMax II de 1\/4 x 50 pies (6,4 mm x 15 m)<\/span><span style=\"font-weight: 400;\"><br \/>\n<\/span><span style=\"font-weight: 400;\">La unidad de la ProContractor Series incluye:<\/span><span style=\"font-weight: 400;\"><br \/>\n<\/span><span style=\"font-weight: 400;\">Pistola Contractor<\/span><span style=\"font-weight: 400;\"><br \/>\n<\/span><span style=\"font-weight: 400;\">Boquilla de giro RAC X 517 SwitchTip y portaboquillas.<\/span><span style=\"font-weight: 400;\"><br \/>\n<\/span><span style=\"font-weight: 400;\">2 cada una \u2013 Manguera sin aire BlueMax II de 1\/4 in x 50 pies (6,4 mm x 15 m)<\/span><\/p>\n","protected":false},"excerpt":{"rendered":"<p><span style=\"font-weight: 400;\">Bomba Endurance \u2013 El dise\u00f1o sorprendentemente durable y f\u00e1cil de reparar significa menos tiempo de inactividad en el trabajo. Filtro de bomba Easy Out \u2013 Derrame menos material al retirar el elemento del filtro.<\/span><\/p>\n","protected":false},"featured_media":498,"template":"","meta":{"_acf_changed":false,"content-type":"","_uf_show_specific_survey":0,"_uf_disable_surveys":false},"product_brand":[],"product_cat":[93],"product_tag":[97,38,101],"class_list":{"0":"post-3461","1":"product","2":"type-product","3":"status-publish","4":"has-post-thumbnail","6":"product_cat-arquitectonica","7":"product_tag-asesoria","8":"product_tag-graco","9":"product_tag-sin-precio","11":"first","12":"instock","13":"taxable","14":"shipping-taxable","15":"purchasable","16":"product-type-simple"},"acf":[],"_links":{"self":[{"href":"https:\/\/proindesa.com\/index.php?rest_route=\/wp\/v2\/product\/3461","targetHints":{"allow":["GET"]}}],"collection":[{"href":"https:\/\/proindesa.com\/index.php?rest_route=\/wp\/v2\/product"}],"about":[{"href":"https:\/\/proindesa.com\/index.php?rest_route=\/wp\/v2\/types\/product"}],"wp:featuredmedia":[{"embeddable":true,"href":"https:\/\/proindesa.com\/index.php?rest_route=\/wp\/v2\/media\/498"}],"wp:attachment":[{"href":"https:\/\/proindesa.com\/index.php?rest_route=%2Fwp%2Fv2%2Fmedia&parent=3461"}],"wp:term":[{"taxonomy":"product_brand","embeddable":true,"href":"https:\/\/proindesa.com\/index.php?rest_route=%2Fwp%2Fv2%2Fproduct_brand&post=3461"},{"taxonomy":"product_cat","embeddable":true,"href":"https:\/\/proindesa.com\/index.php?rest_route=%2Fwp%2Fv2%2Fproduct_cat&post=3461"},{"taxonomy":"product_tag","embeddable":true,"href":"https:\/\/proindesa.com\/index.php?rest_route=%2Fwp%2Fv2%2Fproduct_tag&post=3461"}],"curies":[{"name":"wp","href":"https:\/\/api.w.org\/{rel}","templated":true}]}}