{"id":3456,"date":"2025-07-30T16:04:23","date_gmt":"2025-07-30T14:04:23","guid":{"rendered":"https:\/\/proindesa.com\/?post_type=product&#038;p=3456"},"modified":"2025-08-13T18:46:08","modified_gmt":"2025-08-13T16:46:08","slug":"ingersoll-rand-destornillador-neumatico-371-2","status":"publish","type":"product","link":"https:\/\/proindesa.com\/?product=ingersoll-rand-destornillador-neumatico-371-2","title":{"rendered":"Ingersoll rand destornillador neum\u00e1tico 371"},"content":{"rendered":"<p><span style=\"font-weight: 400;\">Destornillador, estilo del cuerpo de la pistola \u2013 herramientas neum\u00e1ticas, rango de par de apriete suave de 47.1 a 115 in-lb, m\u00e1x. para 10 pies-lb. Tipo de embrague \u2013 Destornillador de aire positivo, tipo de acelerador de gatillo \u2013 destornilladores de aire, velocidad libre 1.800 RPM, ciclo de trabajo general \u2013 herramientas de aire, tama\u00f1o de entrada de aire \u2013 herramientas de aire 1\/4 en NPT, 4.00 CFM medio @ 15 segundos de tiempo de ejecuci\u00f3n, 29.0 CFM a carga completa, presi\u00f3n requerida 90 psi, Min.. Tama\u00f1o de la manguera: 3\/8 pulgadas, longitud total 7 1\/4 pulgadas, broca hexagonal 1\/4 pulgadas, operaci\u00f3n reversible.<\/span><\/p>\n<ul>\n<li><span style=\"font-weight: 400;\">Caracter\u00edsticas:<\/span><\/li>\n<li><span style=\"font-weight: 400;\">Embrague de acci\u00f3n positiva por completo durante todo el recorrido.<\/span><\/li>\n<li><span style=\"font-weight: 400;\">Pr\u00e1ctico manejo con una sola mano, con control inverso en el gatillo.<\/span><\/li>\n<li><span style=\"font-weight: 400;\">Acelerador de velocidad variable para arranques f\u00e1ciles.<\/span><\/li>\n<li><span style=\"font-weight: 400;\">Escape a trav\u00e9s de la manija.<\/span><\/li>\n<li><span style=\"font-weight: 400;\">Dise\u00f1o compacto, ligero y maniobrable.<\/span><\/li>\n<\/ul>\n","protected":false},"excerpt":{"rendered":"<p>Embrague de acci\u00f3n positiva para par completo durante todo el recorrido Pr\u00e1ctico manejo con una sola mano, con control inverso en el gatillo<\/p>\n","protected":false},"featured_media":492,"template":"","meta":{"_acf_changed":false,"content-type":"","_uf_show_specific_survey":0,"_uf_disable_surveys":false},"product_brand":[],"product_cat":[92],"product_tag":[97,42],"class_list":{"0":"post-3456","1":"product","2":"type-product","3":"status-publish","4":"has-post-thumbnail","6":"product_cat-neumaticas","7":"product_tag-asesoria","8":"product_tag-ingersoll-rand","10":"first","11":"instock","12":"taxable","13":"shipping-taxable","14":"purchasable","15":"product-type-simple"},"acf":[],"_links":{"self":[{"href":"https:\/\/proindesa.com\/index.php?rest_route=\/wp\/v2\/product\/3456","targetHints":{"allow":["GET"]}}],"collection":[{"href":"https:\/\/proindesa.com\/index.php?rest_route=\/wp\/v2\/product"}],"about":[{"href":"https:\/\/proindesa.com\/index.php?rest_route=\/wp\/v2\/types\/product"}],"wp:featuredmedia":[{"embeddable":true,"href":"https:\/\/proindesa.com\/index.php?rest_route=\/wp\/v2\/media\/492"}],"wp:attachment":[{"href":"https:\/\/proindesa.com\/index.php?rest_route=%2Fwp%2Fv2%2Fmedia&parent=3456"}],"wp:term":[{"taxonomy":"product_brand","embeddable":true,"href":"https:\/\/proindesa.com\/index.php?rest_route=%2Fwp%2Fv2%2Fproduct_brand&post=3456"},{"taxonomy":"product_cat","embeddable":true,"href":"https:\/\/proindesa.com\/index.php?rest_route=%2Fwp%2Fv2%2Fproduct_cat&post=3456"},{"taxonomy":"product_tag","embeddable":true,"href":"https:\/\/proindesa.com\/index.php?rest_route=%2Fwp%2Fv2%2Fproduct_tag&post=3456"}],"curies":[{"name":"wp","href":"https:\/\/api.w.org\/{rel}","templated":true}]}}