{"id":3449,"date":"2025-07-30T16:04:11","date_gmt":"2025-07-30T14:04:11","guid":{"rendered":"https:\/\/proindesa.com\/?post_type=product&#038;p=3449"},"modified":"2025-08-13T18:46:06","modified_gmt":"2025-08-13T16:46:06","slug":"sistemas-de-filtracion-portatiles-trico-de-baja-viscosidad-2","status":"publish","type":"product","link":"https:\/\/proindesa.com\/?product=sistemas-de-filtracion-portatiles-trico-de-baja-viscosidad-2","title":{"rendered":"Sistemas de filtraci\u00f3n port\u00e1tiles trico de baja viscosidad"},"content":{"rendered":"<p>El sistema port\u00e1til de baja viscosidad es una unidad compacta y liviana para transferir y filtrar part\u00edculas y agua de los aceites industriales. La unidad es ideal para lugares de dif\u00edcil acceso y aplicaciones con dep\u00f3sitos de 3 a 50 galones. El sistema es capaz de entregar un flujo de hasta 5.5 GPM y est\u00e1 clasificado para usarse con lubricantes hasta una viscosidad de 2,000 SUS @ 100\u00baF.<\/p>\n<p>Descripci\u00f3n del producto:<\/p>\n<p>&#8211; Puertos de muestreo de aceite: dos puertos de muestreo disponibles para monitorear la condici\u00f3n del aceite<br \/>\n&#8211; Man\u00f3metros de presi\u00f3n diferencial: indica cu\u00e1ndo es necesario cambiar los elementos<br \/>\n&#8211; Filtros duales: filtraci\u00f3n de dos etapas para una vida \u00fatil prolongada del elemento y protecci\u00f3n de la bomba<br \/>\n&#8211; Bomba de engranajes helicoidales internos de bronce: calidad industrial para una larga vida \u00fatil<br \/>\n&#8211; Armaz\u00f3n compacto: el dise\u00f1o liviano proporciona flexibilidad para dar servicio a los equipos ubicados en \u00e1reas de dif\u00edcil acceso<br \/>\n&#8211; Mangueras: mangueras hidr\u00e1ulicas de servicio pesado<br \/>\n&#8211; Disponible con motor de 220 V &#8211; 50 Hz (n\u00famero de pieza: 36944)<\/p>\n","protected":false},"excerpt":{"rendered":"<p>Puertos de muestreo de aceite: dos puertos de muestreo disponibles para monitorear la condici\u00f3n del aceite &#8211; Man\u00f3metros de presi\u00f3n diferencial: indica cu\u00e1ndo es necesario cambiar los elementos<\/p>\n","protected":false},"featured_media":483,"template":"","meta":{"_acf_changed":false,"content-type":"","_uf_show_specific_survey":0,"_uf_disable_surveys":false},"product_brand":[],"product_cat":[90],"product_tag":[97,43,101,41],"class_list":{"0":"post-3449","1":"product","2":"type-product","3":"status-publish","4":"has-post-thumbnail","6":"product_cat-acondicionamiento-y-cuidado-de-lubricantes","7":"product_tag-asesoria","8":"product_tag-con-pdf","9":"product_tag-sin-precio","10":"product_tag-trico","12":"first","13":"instock","14":"taxable","15":"shipping-taxable","16":"purchasable","17":"product-type-simple"},"acf":[],"_links":{"self":[{"href":"https:\/\/proindesa.com\/index.php?rest_route=\/wp\/v2\/product\/3449","targetHints":{"allow":["GET"]}}],"collection":[{"href":"https:\/\/proindesa.com\/index.php?rest_route=\/wp\/v2\/product"}],"about":[{"href":"https:\/\/proindesa.com\/index.php?rest_route=\/wp\/v2\/types\/product"}],"wp:featuredmedia":[{"embeddable":true,"href":"https:\/\/proindesa.com\/index.php?rest_route=\/wp\/v2\/media\/483"}],"wp:attachment":[{"href":"https:\/\/proindesa.com\/index.php?rest_route=%2Fwp%2Fv2%2Fmedia&parent=3449"}],"wp:term":[{"taxonomy":"product_brand","embeddable":true,"href":"https:\/\/proindesa.com\/index.php?rest_route=%2Fwp%2Fv2%2Fproduct_brand&post=3449"},{"taxonomy":"product_cat","embeddable":true,"href":"https:\/\/proindesa.com\/index.php?rest_route=%2Fwp%2Fv2%2Fproduct_cat&post=3449"},{"taxonomy":"product_tag","embeddable":true,"href":"https:\/\/proindesa.com\/index.php?rest_route=%2Fwp%2Fv2%2Fproduct_tag&post=3449"}],"curies":[{"name":"wp","href":"https:\/\/api.w.org\/{rel}","templated":true}]}}