{"id":3446,"date":"2025-07-30T16:04:11","date_gmt":"2025-07-30T14:04:11","guid":{"rendered":"https:\/\/proindesa.com\/?post_type=product&#038;p=3446"},"modified":"2025-08-13T18:46:05","modified_gmt":"2025-08-13T16:46:05","slug":"sistemas-cerrados-para-bombas-de-alimentacion-a-calderas-2","status":"publish","type":"product","link":"https:\/\/proindesa.com\/?product=sistemas-cerrados-para-bombas-de-alimentacion-a-calderas-2","title":{"rendered":"Sistemas cerrados para bombas de alimentaci\u00f3n a calderas"},"content":{"rendered":"<p>Las bombas de alimentaci\u00f3n de calderas necesitan \u201crespirar\u201d, igualando la presi\u00f3n cuando el aire se expande y se contrae debido a fluctuaciones de temperatura o situaciones de encendido\/apagado.<br \/>\nEspecialmente en ambientes hostiles, calientes y de alta humedad, esta respiraci\u00f3n permite la entrada de humedad y part\u00edculas en el sistema de aceite.<br \/>\nLa soluci\u00f3n es el kit de bomba de alimentaci\u00f3n de calderas de productos probados configurados espec\u00edficamente para mantener el aire y el aceite limpios y secos dentro de las bombas de alimentaci\u00f3n de calderas.<\/p>\n","protected":false},"excerpt":{"rendered":"<p>Especialmente en ambientes hostiles, calientes y de alta humedad, esta respiraci\u00f3n permite la entrada de humedad y part\u00edculas en el sistema de aceite.<\/p>\n","protected":false},"featured_media":480,"template":"","meta":{"_acf_changed":false,"content-type":"","_uf_show_specific_survey":0,"_uf_disable_surveys":false},"product_brand":[],"product_cat":[90],"product_tag":[97,101,41],"class_list":{"0":"post-3446","1":"product","2":"type-product","3":"status-publish","4":"has-post-thumbnail","6":"product_cat-acondicionamiento-y-cuidado-de-lubricantes","7":"product_tag-asesoria","8":"product_tag-sin-precio","9":"product_tag-trico","11":"first","12":"instock","13":"taxable","14":"shipping-taxable","15":"purchasable","16":"product-type-simple"},"acf":[],"_links":{"self":[{"href":"https:\/\/proindesa.com\/index.php?rest_route=\/wp\/v2\/product\/3446","targetHints":{"allow":["GET"]}}],"collection":[{"href":"https:\/\/proindesa.com\/index.php?rest_route=\/wp\/v2\/product"}],"about":[{"href":"https:\/\/proindesa.com\/index.php?rest_route=\/wp\/v2\/types\/product"}],"wp:featuredmedia":[{"embeddable":true,"href":"https:\/\/proindesa.com\/index.php?rest_route=\/wp\/v2\/media\/480"}],"wp:attachment":[{"href":"https:\/\/proindesa.com\/index.php?rest_route=%2Fwp%2Fv2%2Fmedia&parent=3446"}],"wp:term":[{"taxonomy":"product_brand","embeddable":true,"href":"https:\/\/proindesa.com\/index.php?rest_route=%2Fwp%2Fv2%2Fproduct_brand&post=3446"},{"taxonomy":"product_cat","embeddable":true,"href":"https:\/\/proindesa.com\/index.php?rest_route=%2Fwp%2Fv2%2Fproduct_cat&post=3446"},{"taxonomy":"product_tag","embeddable":true,"href":"https:\/\/proindesa.com\/index.php?rest_route=%2Fwp%2Fv2%2Fproduct_tag&post=3446"}],"curies":[{"name":"wp","href":"https:\/\/api.w.org\/{rel}","templated":true}]}}