{"id":3437,"date":"2025-07-30T16:04:10","date_gmt":"2025-07-30T14:04:10","guid":{"rendered":"https:\/\/proindesa.com\/?post_type=product&#038;p=3437"},"modified":"2025-08-13T18:46:03","modified_gmt":"2025-08-13T16:46:03","slug":"inyectores-gl-1-para-grasa-2","status":"publish","type":"product","link":"https:\/\/proindesa.com\/?product=inyectores-gl-1-para-grasa-2","title":{"rendered":"Inyectores gl-1 para grasa"},"content":{"rendered":"<p><span style=\"font-weight: 400;\">Adapte su sistema a la medida con los inyectores de grasa ajustables de la serie GL-1 de Graco.<\/span><span style=\"font-weight: 400;\"><br \/>\n<\/span><span style=\"font-weight: 400;\">Hasta 5 veces m\u00e1s duraderos que los inyectores de la competencia<\/span><span style=\"font-weight: 400;\"><br \/>\n<\/span><span style=\"font-weight: 400;\">Dise\u00f1ados para satisfacer las necesidades de cada punto de lubricaci\u00f3n, estos sistemas brindan a\u00f1os de operaci\u00f3n confiable en los entornos operativos m\u00e1s hostiles.<\/span><span style=\"font-weight: 400;\"><br \/>\n<\/span><span style=\"font-weight: 400;\">Salida de alto volumen a altas presiones para las aplicaciones m\u00e1s exigentes.<\/span><span style=\"font-weight: 400;\"><br \/>\n<\/span><span style=\"font-weight: 400;\">Los inyectores GL-1 se ofrecen como inyectores independientes y de reemplazo para sistemas m\u00faltiples para una f\u00e1cil personalizaci\u00f3n para una variedad de aplicaciones.<\/span><span style=\"font-weight: 400;\"><br \/>\n<\/span><span style=\"font-weight: 400;\">Incluye una tuerca de cabeza hexagonal ajustable para simplificar el ajuste de la salida<\/span><span style=\"font-weight: 400;\"><br \/>\n<\/span><span style=\"font-weight: 400;\">Sin orificios de ventilaci\u00f3n y accesorios a presi\u00f3n completamente cerrados para evitar fugas de lubricante<\/span><span style=\"font-weight: 400;\"><br \/>\n<\/span><span style=\"font-weight: 400;\">Conveniente indicador de pasador de ciclo montado en la parte superior para una confirmaci\u00f3n r\u00e1pida de que el inyector est\u00e1 funcionando correctamente.<\/span><span style=\"font-weight: 400;\"><br \/>\n<\/span><span style=\"font-weight: 400;\">Dise\u00f1o de una sola pieza resistente construida para los entornos m\u00e1s duros.<\/span><\/p>\n<p><span style=\"font-weight: 400;\">CARACTER\u00cdSTICAS<\/span><span style=\"font-weight: 400;\"><br \/>\n<\/span><span style=\"font-weight: 400;\">Ajustable.<\/span><span style=\"font-weight: 400;\"><br \/>\n<\/span><span style=\"font-weight: 400;\">Aplicaci\u00f3n: Maquinaria en planta, Equipo fuera de carretera.<\/span><span style=\"font-weight: 400;\"><br \/>\n<\/span><span style=\"font-weight: 400;\">Material compatible: Grasa.<\/span><span style=\"font-weight: 400;\"><br \/>\n<\/span><span style=\"font-weight: 400;\">Dispositivo de medici\u00f3n compatible:<\/span><span style=\"font-weight: 400;\"><br \/>\n<\/span><span style=\"font-weight: 400;\">L\u00ednea \u00fanica paralela.<\/span><span style=\"font-weight: 400;\"><br \/>\n<\/span><span style=\"font-weight: 400;\">Visualizaci\u00f3n del indicador de ciclo.<\/span><span style=\"font-weight: 400;\"><br \/>\n<\/span><span style=\"font-weight: 400;\">Tama\u00f1o de salida de suministro (pulgadas): 0,13.<\/span><span style=\"font-weight: 400;\"><br \/>\n<\/span><span style=\"font-weight: 400;\">Tipo de rosca de salida de suministro NPT.<\/span><span style=\"font-weight: 400;\"><br \/>\n<\/span><span style=\"font-weight: 400;\">Para usar con sistemas de lubricaci\u00f3n autom\u00e1tica paralelos de una sola l\u00ednea.<\/span><span style=\"font-weight: 400;\"><br \/>\n<\/span><span style=\"font-weight: 400;\">Tama\u00f1o de entrada (pulgadas) 3\/8.<\/span><span style=\"font-weight: 400;\"><br \/>\n<\/span><span style=\"font-weight: 400;\">Tipo de rosca de entrada NPT.<\/span><span style=\"font-weight: 400;\"><br \/>\n<\/span><span style=\"font-weight: 400;\">M\u00e1ximo grado NLGI #2<\/span><span style=\"font-weight: 400;\"><br \/>\n<\/span><span style=\"font-weight: 400;\">Presi\u00f3n m\u00e1xima de funcionamiento (psi) 3500.<\/span><span style=\"font-weight: 400;\"><br \/>\n<\/span><span style=\"font-weight: 400;\">Volumen m\u00e1ximo de salida (in\u00b3) 0,08.<\/span><span style=\"font-weight: 400;\"><br \/>\n<\/span><span style=\"font-weight: 400;\">Presi\u00f3n m\u00e1xima de reinicio (psi) 600.<\/span><span style=\"font-weight: 400;\"><br \/>\n<\/span><span style=\"font-weight: 400;\">Presi\u00f3n m\u00e1xima de trabajo (MPa) 24,1<\/span><span style=\"font-weight: 400;\"><br \/>\n<\/span><span style=\"font-weight: 400;\">Presi\u00f3n m\u00e1xima de trabajo (psi) 3500.<\/span><span style=\"font-weight: 400;\"><br \/>\n<\/span><span style=\"font-weight: 400;\">Presi\u00f3n m\u00ednima de funcionamiento (psi) 1850.<\/span><span style=\"font-weight: 400;\"><br \/>\n<\/span><span style=\"font-weight: 400;\">Volumen m\u00ednimo de salida (in\u00b3) 0,008 Modelo GL-1.<\/span><span style=\"font-weight: 400;\"><br \/>\n<\/span><span style=\"font-weight: 400;\">Tama\u00f1o de salida (pulgadas) 3\/8.<\/span><span style=\"font-weight: 400;\"><br \/>\n<\/span><span style=\"font-weight: 400;\">Tipo de rosca de salida NPT Tipo.<\/span><span style=\"font-weight: 400;\"><br \/>\n<\/span><span style=\"font-weight: 400;\">Inyector de grasa.<\/span><span style=\"font-weight: 400;\"><br \/>\n<\/span><span style=\"font-weight: 400;\">Material h\u00famedo. Acero al carbono, acero inoxidable, cobre, fluoroelast\u00f3mero.<\/span><\/p>\n","protected":false},"excerpt":{"rendered":"<p><span style=\"font-weight: 400;\">Ajustable Aplicaci\u00f3n Maquinaria en planta, Equipo fuera de carretera Material compatible: Grasa<\/span><\/p>\n","protected":false},"featured_media":472,"template":"","meta":{"_acf_changed":false,"content-type":"","_uf_show_specific_survey":0,"_uf_disable_surveys":false},"product_brand":[],"product_cat":[21],"product_tag":[97,43,38,101],"class_list":{"0":"post-3437","1":"product","2":"type-product","3":"status-publish","4":"has-post-thumbnail","6":"product_cat-lubricacion","7":"product_tag-asesoria","8":"product_tag-con-pdf","9":"product_tag-graco","10":"product_tag-sin-precio","12":"first","13":"instock","14":"taxable","15":"shipping-taxable","16":"purchasable","17":"product-type-simple"},"acf":[],"_links":{"self":[{"href":"https:\/\/proindesa.com\/index.php?rest_route=\/wp\/v2\/product\/3437","targetHints":{"allow":["GET"]}}],"collection":[{"href":"https:\/\/proindesa.com\/index.php?rest_route=\/wp\/v2\/product"}],"about":[{"href":"https:\/\/proindesa.com\/index.php?rest_route=\/wp\/v2\/types\/product"}],"wp:featuredmedia":[{"embeddable":true,"href":"https:\/\/proindesa.com\/index.php?rest_route=\/wp\/v2\/media\/472"}],"wp:attachment":[{"href":"https:\/\/proindesa.com\/index.php?rest_route=%2Fwp%2Fv2%2Fmedia&parent=3437"}],"wp:term":[{"taxonomy":"product_brand","embeddable":true,"href":"https:\/\/proindesa.com\/index.php?rest_route=%2Fwp%2Fv2%2Fproduct_brand&post=3437"},{"taxonomy":"product_cat","embeddable":true,"href":"https:\/\/proindesa.com\/index.php?rest_route=%2Fwp%2Fv2%2Fproduct_cat&post=3437"},{"taxonomy":"product_tag","embeddable":true,"href":"https:\/\/proindesa.com\/index.php?rest_route=%2Fwp%2Fv2%2Fproduct_tag&post=3437"}],"curies":[{"name":"wp","href":"https:\/\/api.w.org\/{rel}","templated":true}]}}