{"id":3436,"date":"2025-07-30T16:04:09","date_gmt":"2025-07-30T14:04:09","guid":{"rendered":"https:\/\/proindesa.com\/?post_type=product&#038;p=3436"},"modified":"2025-08-13T18:46:03","modified_gmt":"2025-08-13T16:46:03","slug":"tela-de-fibra-de-vidrio-2","status":"publish","type":"product","link":"https:\/\/proindesa.com\/?product=tela-de-fibra-de-vidrio-2","title":{"rendered":"Tela de fibra de vidrio"},"content":{"rendered":"<p>La tela para revestimiento de vidrio Estilo 2025\/9383 est\u00e1 dise\u00f1ada para reemplazar el asbesto. Ha sido dise\u00f1ado espec\u00edficamente como material de revestimiento o revestimiento para su uso sobre superficies aisladas. Tambi\u00e9n se usa ampliamente para la fabricaci\u00f3n de mantas aislantes removibles\/reutilizables en turbinas, accesorios, bridas y v\u00e1lvulas.<\/p>\n<p>La tela ha sido tratada t\u00e9rmicamente para eliminar grandes porcentajes de aglutinantes org\u00e1nicos de la tela. Esto mejora las caracter\u00edsticas de fraguado a mano y tejido. Este tejido de estilo ha sido dise\u00f1ado para uso continuo a temperaturas de hasta 1000o F.<\/p>\n<p>Cumple con MIL-C-20079.<br \/>\nEl estilo 2025\/9383 cumple con los siguientes requisitos<br \/>\n164.009 de la Guardia Costera para materiales ign\u00edfugos y est\u00e1 incluido en la Especificaci\u00f3n militar MIL-C-20079H, Tipo 1, Clase 9. Puede cumplir con la Especificaci\u00f3n militar MIL-I-24244B y es ANSI\/ FM 4950 aprobado.<\/p>\n","protected":false},"excerpt":{"rendered":"<p>Ha sido dise\u00f1ado espec\u00edficamente como material de revestimiento para su uso sobre superficies aisladas.<\/p>\n","protected":false},"featured_media":470,"template":"","meta":{"_acf_changed":false,"content-type":"","_uf_show_specific_survey":0,"_uf_disable_surveys":false},"product_brand":[],"product_cat":[70],"product_tag":[97,101,98,99],"class_list":{"0":"post-3436","1":"product","2":"type-product","3":"status-publish","4":"has-post-thumbnail","6":"product_cat-aislante-termico","7":"product_tag-asesoria","8":"product_tag-sin-precio","9":"product_tag-sin-whatsapp","10":"product_tag-solo-form","12":"first","13":"instock","14":"taxable","15":"shipping-taxable","16":"purchasable","17":"product-type-simple"},"acf":[],"_links":{"self":[{"href":"https:\/\/proindesa.com\/index.php?rest_route=\/wp\/v2\/product\/3436","targetHints":{"allow":["GET"]}}],"collection":[{"href":"https:\/\/proindesa.com\/index.php?rest_route=\/wp\/v2\/product"}],"about":[{"href":"https:\/\/proindesa.com\/index.php?rest_route=\/wp\/v2\/types\/product"}],"wp:featuredmedia":[{"embeddable":true,"href":"https:\/\/proindesa.com\/index.php?rest_route=\/wp\/v2\/media\/470"}],"wp:attachment":[{"href":"https:\/\/proindesa.com\/index.php?rest_route=%2Fwp%2Fv2%2Fmedia&parent=3436"}],"wp:term":[{"taxonomy":"product_brand","embeddable":true,"href":"https:\/\/proindesa.com\/index.php?rest_route=%2Fwp%2Fv2%2Fproduct_brand&post=3436"},{"taxonomy":"product_cat","embeddable":true,"href":"https:\/\/proindesa.com\/index.php?rest_route=%2Fwp%2Fv2%2Fproduct_cat&post=3436"},{"taxonomy":"product_tag","embeddable":true,"href":"https:\/\/proindesa.com\/index.php?rest_route=%2Fwp%2Fv2%2Fproduct_tag&post=3436"}],"curies":[{"name":"wp","href":"https:\/\/api.w.org\/{rel}","templated":true}]}}