{"id":3435,"date":"2025-07-30T16:04:09","date_gmt":"2025-07-30T14:04:09","guid":{"rendered":"https:\/\/proindesa.com\/?post_type=product&#038;p=3435"},"modified":"2025-08-13T18:46:03","modified_gmt":"2025-08-13T16:46:03","slug":"tela-vermiculita-2","status":"publish","type":"product","link":"https:\/\/proindesa.com\/?product=tela-vermiculita-2","title":{"rendered":"Tela vermiculita"},"content":{"rendered":"<p>Las telas de fibra de vidrio recubiertas con VERMICULITA son telas resistentes a altas temperaturas tejidas a partir de fibras de vidrio \u00abE\u00bb y recubiertas con una pel\u00edcula a base de VERMICULITA. VERMICULITE, un producto mic\u00e1ceo de silicato de magnesio y aluminio hidratado de origen natural, no contiene amianto y es 100 % inorg\u00e1nico. Las plaquetas microsc\u00f3picas en forma de disco dentro de la pel\u00edcula VERMICULITE se superponen y apilan. Estas plaquetas est\u00e1n incrustadas dentro de los haces de fibras de la tela. Recubiertas en la superficie, estas plaquetas forman una pel\u00edcula aislante que act\u00faa como una barrera eficaz contra las llamas y el calor.<\/p>\n<p>Las pruebas han confirmado que VERMICULITE tiene una temperatura de servicio de 1500 \u00b0F, en comparaci\u00f3n con una temperatura de servicio de 1000 \u00b0F para el est\u00e1ndar 2025\/9383 (E-Glass). A temperaturas superiores a 1000 \u00b0F, el acabado VERMICULITE a\u00edsla el vidrio y, aunque el material se vuelve quebradizo, VERMICULITE no se derrite ni encoge a temperaturas de hasta 1800 \u00b0F y seguir\u00e1 funcionando como una barrera eficaz contra las llamas y el calor. Incluso bajo llama directa, estos tejidos son inodoros y pr\u00e1cticamente sin humo.<\/p>\n","protected":false},"excerpt":{"rendered":"<p>Telas resistentes a altas temperaturas tejidas a partir de fibras de vidrio \u00abE\u00bb y recubiertas con una pel\u00edcula a base de VERMICULITA.<\/p>\n","protected":false},"featured_media":470,"template":"","meta":{"_acf_changed":false,"content-type":"","_uf_show_specific_survey":0,"_uf_disable_surveys":false},"product_brand":[],"product_cat":[70],"product_tag":[97,101,98,99],"class_list":{"0":"post-3435","1":"product","2":"type-product","3":"status-publish","4":"has-post-thumbnail","6":"product_cat-aislante-termico","7":"product_tag-asesoria","8":"product_tag-sin-precio","9":"product_tag-sin-whatsapp","10":"product_tag-solo-form","12":"first","13":"instock","14":"taxable","15":"shipping-taxable","16":"purchasable","17":"product-type-simple"},"acf":[],"_links":{"self":[{"href":"https:\/\/proindesa.com\/index.php?rest_route=\/wp\/v2\/product\/3435","targetHints":{"allow":["GET"]}}],"collection":[{"href":"https:\/\/proindesa.com\/index.php?rest_route=\/wp\/v2\/product"}],"about":[{"href":"https:\/\/proindesa.com\/index.php?rest_route=\/wp\/v2\/types\/product"}],"wp:featuredmedia":[{"embeddable":true,"href":"https:\/\/proindesa.com\/index.php?rest_route=\/wp\/v2\/media\/470"}],"wp:attachment":[{"href":"https:\/\/proindesa.com\/index.php?rest_route=%2Fwp%2Fv2%2Fmedia&parent=3435"}],"wp:term":[{"taxonomy":"product_brand","embeddable":true,"href":"https:\/\/proindesa.com\/index.php?rest_route=%2Fwp%2Fv2%2Fproduct_brand&post=3435"},{"taxonomy":"product_cat","embeddable":true,"href":"https:\/\/proindesa.com\/index.php?rest_route=%2Fwp%2Fv2%2Fproduct_cat&post=3435"},{"taxonomy":"product_tag","embeddable":true,"href":"https:\/\/proindesa.com\/index.php?rest_route=%2Fwp%2Fv2%2Fproduct_tag&post=3435"}],"curies":[{"name":"wp","href":"https:\/\/api.w.org\/{rel}","templated":true}]}}