{"id":3434,"date":"2025-07-30T16:04:09","date_gmt":"2025-07-30T14:04:09","guid":{"rendered":"https:\/\/proindesa.com\/?post_type=product&#038;p=3434"},"modified":"2025-08-13T18:46:02","modified_gmt":"2025-08-13T16:46:02","slug":"manta-ceramica-2","status":"publish","type":"product","link":"https:\/\/proindesa.com\/?product=manta-ceramica-2","title":{"rendered":"Manta cer\u00e1mica"},"content":{"rendered":"<p>La manta cer\u00e1mica de est\u00e1 compuesta de fibras largas, flexibles y entretejidas que producen una manta resistente, liviana pero duradera para aplicaciones en un rango de temperatura de 538 \u00b0 C (1000 \u00b0 F) a 1480 \u00b0 C (2696 \u00b0 F).<br \/>\nLa manta de fibra cer\u00e1mica tiene la resistencia al calor de un refractario duro, lo que le da un valor de aislamiento excepcional y es una soluci\u00f3n eficaz para una variedad de aplicaciones de procesamiento t\u00e9rmico. Son f\u00e1ciles de instalar, no requieren curado ni tiempo de secado, no se agrietar\u00e1n ni astillar\u00e1n y son resistentes a los choques t\u00e9rmicos.<br \/>\nEste producto ahorra energ\u00eda.<br \/>\nReduce la p\u00e9rdida de calor y el almacenamiento de calor en comparaci\u00f3n con otros productos refractarios duros.<br \/>\nCaracter\u00edsticas del producto:<br \/>\n&#8211; Baja conductividad t\u00e9rmica<br \/>\n&#8211; Almacenamiento de calor muy bajo<br \/>\n&#8211; Muy alta resistencia a la tracci\u00f3n<br \/>\n&#8211; Resistencia al choque t\u00e9rmico, absorci\u00f3n ac\u00fastica.<br \/>\n&#8211; Reparaciones rapidas<br \/>\n&#8211; En caso de que se produzcan da\u00f1os en el revestimiento, el horno se puede enfriar r\u00e1pidamente.<br \/>\n&#8211; No contiene aglutinante, ni humos ni contaminaci\u00f3n de la atm\u00f3sfera del horno.<br \/>\n&#8211; No contiene amianto<br \/>\n&#8211; Sin tiempo de curado o secado, el revestimiento se puede calentar a la temperatura de funcionamiento inmediatamente<\/p>\n<p>Aplicaciones T\u00edpicas:<\/p>\n<p>&#8211; Refinacion y petroqu\u00edmica<br \/>\n&#8211; Hornos de reforma y pir\u00f3lisis<br \/>\n&#8211; Sellos de tubos, juntas y juntas de expansi\u00f3n<br \/>\n&#8211; Aislamiento de turbinas, conductos y tuber\u00edas de alta temperatura<br \/>\n&#8211; Revestimientos de calentadores de petr\u00f3leo crudo<br \/>\n&#8211; Sellos y aislamiento de vagones de horno<br \/>\n&#8211; Hornos de tratamiento t\u00e9rmico y recocido<br \/>\n&#8211; Aislamiento de calderas<br \/>\n&#8211; Aislamiento de secadores comerciales<br \/>\n&#8211; Densidades: 5, 6 y 8lb\/ft3<\/p>\n","protected":false},"excerpt":{"rendered":"<p><span style=\"font-weight: 400;\">Refinaci\u00f3n y petroqu\u00edmica<\/span> &#8211; Hornos de reforma y pir\u00f3lisis &#8211; Sellos de tubos, juntas y juntas de expansi\u00f3n<\/p>\n","protected":false},"featured_media":392,"template":"","meta":{"_acf_changed":false,"content-type":"","_uf_show_specific_survey":0,"_uf_disable_surveys":false},"product_brand":[],"product_cat":[70],"product_tag":[97,101,98,99],"class_list":{"0":"post-3434","1":"product","2":"type-product","3":"status-publish","4":"has-post-thumbnail","6":"product_cat-aislante-termico","7":"product_tag-asesoria","8":"product_tag-sin-precio","9":"product_tag-sin-whatsapp","10":"product_tag-solo-form","12":"first","13":"outofstock","14":"taxable","15":"shipping-taxable","16":"purchasable","17":"product-type-simple"},"acf":[],"_links":{"self":[{"href":"https:\/\/proindesa.com\/index.php?rest_route=\/wp\/v2\/product\/3434","targetHints":{"allow":["GET"]}}],"collection":[{"href":"https:\/\/proindesa.com\/index.php?rest_route=\/wp\/v2\/product"}],"about":[{"href":"https:\/\/proindesa.com\/index.php?rest_route=\/wp\/v2\/types\/product"}],"wp:featuredmedia":[{"embeddable":true,"href":"https:\/\/proindesa.com\/index.php?rest_route=\/wp\/v2\/media\/392"}],"wp:attachment":[{"href":"https:\/\/proindesa.com\/index.php?rest_route=%2Fwp%2Fv2%2Fmedia&parent=3434"}],"wp:term":[{"taxonomy":"product_brand","embeddable":true,"href":"https:\/\/proindesa.com\/index.php?rest_route=%2Fwp%2Fv2%2Fproduct_brand&post=3434"},{"taxonomy":"product_cat","embeddable":true,"href":"https:\/\/proindesa.com\/index.php?rest_route=%2Fwp%2Fv2%2Fproduct_cat&post=3434"},{"taxonomy":"product_tag","embeddable":true,"href":"https:\/\/proindesa.com\/index.php?rest_route=%2Fwp%2Fv2%2Fproduct_tag&post=3434"}],"curies":[{"name":"wp","href":"https:\/\/api.w.org\/{rel}","templated":true}]}}