{"id":3433,"date":"2025-07-30T16:04:09","date_gmt":"2025-07-30T14:04:09","guid":{"rendered":"https:\/\/proindesa.com\/?post_type=product&#038;p=3433"},"modified":"2025-08-13T18:46:01","modified_gmt":"2025-08-13T16:46:01","slug":"cinta-aislante-en-fibra-de-vidrio-fg100c-2","status":"publish","type":"product","link":"https:\/\/proindesa.com\/?product=cinta-aislante-en-fibra-de-vidrio-fg100c-2","title":{"rendered":"Cinta aislante en fibra de vidrio fg100c"},"content":{"rendered":"<p>Se fabrica a partir de hilos de fibra de vidrio, los cuales se tejen para conformar una cinta flexible y aislante t\u00e9rmica con excelentes propiedades. Presenta alta estabilidad, baja conductividad t\u00e9rmica, bajo peso y excelente resistencia a la corrosi\u00f3n.<\/p>\n<p>Aplicaciones:<\/p>\n<p>Su presentaci\u00f3n en cinta le permite aislar tuber\u00edas, partes de hornos y chimeneas, as\u00ed como emplearse como junta de dilataci\u00f3n. Es ideal para todos los procesos donde el asbesto no puede emplearse.<\/p>\n","protected":false},"excerpt":{"rendered":"<p>Su presentaci\u00f3n en cinta le permite aislar tuber\u00edas, partes de hornos, chimeneas yemplearse como junta de dilataci\u00f3n.<\/p>\n","protected":false},"featured_media":391,"template":"","meta":{"_acf_changed":false,"content-type":"","_uf_show_specific_survey":0,"_uf_disable_surveys":false},"product_brand":[],"product_cat":[70],"product_tag":[97,101,98,99],"class_list":{"0":"post-3433","1":"product","2":"type-product","3":"status-publish","4":"has-post-thumbnail","6":"product_cat-aislante-termico","7":"product_tag-asesoria","8":"product_tag-sin-precio","9":"product_tag-sin-whatsapp","10":"product_tag-solo-form","12":"first","13":"instock","14":"taxable","15":"shipping-taxable","16":"purchasable","17":"product-type-simple"},"acf":[],"_links":{"self":[{"href":"https:\/\/proindesa.com\/index.php?rest_route=\/wp\/v2\/product\/3433","targetHints":{"allow":["GET"]}}],"collection":[{"href":"https:\/\/proindesa.com\/index.php?rest_route=\/wp\/v2\/product"}],"about":[{"href":"https:\/\/proindesa.com\/index.php?rest_route=\/wp\/v2\/types\/product"}],"wp:featuredmedia":[{"embeddable":true,"href":"https:\/\/proindesa.com\/index.php?rest_route=\/wp\/v2\/media\/391"}],"wp:attachment":[{"href":"https:\/\/proindesa.com\/index.php?rest_route=%2Fwp%2Fv2%2Fmedia&parent=3433"}],"wp:term":[{"taxonomy":"product_brand","embeddable":true,"href":"https:\/\/proindesa.com\/index.php?rest_route=%2Fwp%2Fv2%2Fproduct_brand&post=3433"},{"taxonomy":"product_cat","embeddable":true,"href":"https:\/\/proindesa.com\/index.php?rest_route=%2Fwp%2Fv2%2Fproduct_cat&post=3433"},{"taxonomy":"product_tag","embeddable":true,"href":"https:\/\/proindesa.com\/index.php?rest_route=%2Fwp%2Fv2%2Fproduct_tag&post=3433"}],"curies":[{"name":"wp","href":"https:\/\/api.w.org\/{rel}","templated":true}]}}