{"id":3432,"date":"2025-07-30T16:04:09","date_gmt":"2025-07-30T14:04:09","guid":{"rendered":"https:\/\/proindesa.com\/?post_type=product&#038;p=3432"},"modified":"2025-08-13T18:46:01","modified_gmt":"2025-08-13T16:46:01","slug":"chaquetas-aislantes-removibles-2","status":"publish","type":"product","link":"https:\/\/proindesa.com\/?product=chaquetas-aislantes-removibles-2","title":{"rendered":"Chaquetas aislantes removibles"},"content":{"rendered":"<p>Un aislamiento removible es una cubierta hecha de capas de materiales de aislamiento t\u00e9rmico que se sujeta a un componente mec\u00e1nico para maximizar su eficiencia, regular su temperatura y mejorar la seguridad en el lugar de trabajo.<br \/>\nEl uso de tales mantas asegura que el componente cubierto sea f\u00e1cilmente accesible y \u00fatil, a diferencia del aislamiento tradicional permanente.<br \/>\nLas mantas aislantes removibles tambi\u00e9n se conocen como almohadillas aislantes removibles, cubiertas aislantes removibles y chaquetas aislantes removibles.<br \/>\nLas chaquetas aislantes removibles se pueden instalar en muchos componentes interiores y exteriores, como calderas, trampas de vapor, tuber\u00edas, v\u00e1lvulas, bridas y m\u00e1s.<br \/>\nPor lo general, se utilizan para evitar que el calor se escape de los componentes calientes; sin embargo, tambi\u00e9n se pueden utilizar para evitar la congelaci\u00f3n o el calentamiento de componentes fr\u00edos.<br \/>\nLos materiales de aislamiento utilizados var\u00edan seg\u00fan las temperaturas ambientales externas, las temperaturas internas de funcionamiento y m\u00e1s.<\/p>\n","protected":false},"excerpt":{"rendered":"<p>Cubierta hecha de capas de materiales de aislamiento t\u00e9rmico que se sujeta a un componente mec\u00e1nico para maximizar su eficiencia, regular su temperatura y mejorar la seguridad en el lugar de trabajo.<\/p>\n","protected":false},"featured_media":469,"template":"","meta":{"_acf_changed":false,"content-type":"","_uf_show_specific_survey":0,"_uf_disable_surveys":false},"product_brand":[],"product_cat":[70],"product_tag":[97,101,98,99],"class_list":{"0":"post-3432","1":"product","2":"type-product","3":"status-publish","4":"has-post-thumbnail","6":"product_cat-aislante-termico","7":"product_tag-asesoria","8":"product_tag-sin-precio","9":"product_tag-sin-whatsapp","10":"product_tag-solo-form","12":"first","13":"instock","14":"taxable","15":"shipping-taxable","16":"purchasable","17":"product-type-simple"},"acf":[],"_links":{"self":[{"href":"https:\/\/proindesa.com\/index.php?rest_route=\/wp\/v2\/product\/3432","targetHints":{"allow":["GET"]}}],"collection":[{"href":"https:\/\/proindesa.com\/index.php?rest_route=\/wp\/v2\/product"}],"about":[{"href":"https:\/\/proindesa.com\/index.php?rest_route=\/wp\/v2\/types\/product"}],"wp:featuredmedia":[{"embeddable":true,"href":"https:\/\/proindesa.com\/index.php?rest_route=\/wp\/v2\/media\/469"}],"wp:attachment":[{"href":"https:\/\/proindesa.com\/index.php?rest_route=%2Fwp%2Fv2%2Fmedia&parent=3432"}],"wp:term":[{"taxonomy":"product_brand","embeddable":true,"href":"https:\/\/proindesa.com\/index.php?rest_route=%2Fwp%2Fv2%2Fproduct_brand&post=3432"},{"taxonomy":"product_cat","embeddable":true,"href":"https:\/\/proindesa.com\/index.php?rest_route=%2Fwp%2Fv2%2Fproduct_cat&post=3432"},{"taxonomy":"product_tag","embeddable":true,"href":"https:\/\/proindesa.com\/index.php?rest_route=%2Fwp%2Fv2%2Fproduct_tag&post=3432"}],"curies":[{"name":"wp","href":"https:\/\/api.w.org\/{rel}","templated":true}]}}