{"id":3415,"date":"2025-07-30T16:03:55","date_gmt":"2025-07-30T14:03:55","guid":{"rendered":"https:\/\/proindesa.com\/?post_type=product&#038;p=3415"},"modified":"2025-08-22T03:02:30","modified_gmt":"2025-08-22T01:02:30","slug":"bomba-de-doble-diafragmaquantm-i20-2","status":"publish","type":"product","link":"https:\/\/proindesa.com\/?product=bomba-de-doble-diafragmaquantm-i20-2","title":{"rendered":"Bomba de doble diafragmaquantm i20"},"content":{"rendered":"<p>La QUANTM i120 con puerto de 2 IN (50,8 MM) es la nueva y revolucionaria bomba de doble diafragma accionada el\u00e9ctricamente (EODD) de Graco. Con un peso m\u00e1s ligero y una huella m\u00e1s peque\u00f1a que otras opciones el\u00e9ctricas, proporciona la soluci\u00f3n ideal para f\u00e1bricas o plantas de fabricaci\u00f3n centradas en cumplir objetivos de sostenibilidad mediante la reducci\u00f3n de su mayor coste variable: la energ\u00eda. Una bomba i120 podr\u00eda pagarse sola en 12 meses o menos mientras ayuda a lograr el cumplimiento de regulaciones cada vez m\u00e1s estrictas.<\/p>\n","protected":false},"excerpt":{"rendered":"<p>Proporciona la soluci\u00f3n ideal para f\u00e1bricas o plantas de fabricaci\u00f3n centradas en cumplir objetivos de sostenibilidad mediante la reducci\u00f3n de su mayor coste variable: la energ\u00eda.<\/p>\n","protected":false},"featured_media":398,"template":"","meta":{"_acf_changed":false,"content-type":"","_uf_show_specific_survey":0,"_uf_disable_surveys":false},"product_brand":[137],"product_cat":[82],"product_tag":[97,38,101,98,99],"class_list":{"0":"post-3415","1":"product","2":"type-product","3":"status-publish","4":"has-post-thumbnail","6":"product_brand-graco","7":"product_cat-bombas-de-doble-diafragma-electricas","8":"product_tag-asesoria","9":"product_tag-graco","10":"product_tag-sin-precio","11":"product_tag-sin-whatsapp","12":"product_tag-solo-form","14":"first","15":"instock","16":"taxable","17":"shipping-taxable","18":"purchasable","19":"product-type-simple"},"acf":[],"_links":{"self":[{"href":"https:\/\/proindesa.com\/index.php?rest_route=\/wp\/v2\/product\/3415","targetHints":{"allow":["GET"]}}],"collection":[{"href":"https:\/\/proindesa.com\/index.php?rest_route=\/wp\/v2\/product"}],"about":[{"href":"https:\/\/proindesa.com\/index.php?rest_route=\/wp\/v2\/types\/product"}],"wp:featuredmedia":[{"embeddable":true,"href":"https:\/\/proindesa.com\/index.php?rest_route=\/wp\/v2\/media\/398"}],"wp:attachment":[{"href":"https:\/\/proindesa.com\/index.php?rest_route=%2Fwp%2Fv2%2Fmedia&parent=3415"}],"wp:term":[{"taxonomy":"product_brand","embeddable":true,"href":"https:\/\/proindesa.com\/index.php?rest_route=%2Fwp%2Fv2%2Fproduct_brand&post=3415"},{"taxonomy":"product_cat","embeddable":true,"href":"https:\/\/proindesa.com\/index.php?rest_route=%2Fwp%2Fv2%2Fproduct_cat&post=3415"},{"taxonomy":"product_tag","embeddable":true,"href":"https:\/\/proindesa.com\/index.php?rest_route=%2Fwp%2Fv2%2Fproduct_tag&post=3415"}],"curies":[{"name":"wp","href":"https:\/\/api.w.org\/{rel}","templated":true}]}}