{"id":3411,"date":"2025-07-30T16:03:54","date_gmt":"2025-07-30T14:03:54","guid":{"rendered":"https:\/\/proindesa.com\/?post_type=product&#038;p=3411"},"modified":"2025-08-13T18:45:56","modified_gmt":"2025-08-13T16:45:56","slug":"husky-716-bombas-de-doble-diafragma-con-accionamiento-neumatico-2","status":"publish","type":"product","link":"https:\/\/proindesa.com\/?product=husky-716-bombas-de-doble-diafragma-con-accionamiento-neumatico-2","title":{"rendered":"Husky 716 bombas de doble diafragma con accionamiento neum\u00e1tico"},"content":{"rendered":"<p>Esta bomba de doble diafragma de 3\/4 de pulgada cuenta con un controlador externo para capacidades de control remoto y est\u00e1 disponible en aluminio y acero inoxidable 316.<br \/>\nLa bomba de diafragma con accionamiento neum\u00e1tico Husky 716 cuenta con un controlador externo para realizar funciones a control remoto.<br \/>\nVentajas de las bombas de doble diafragma Husky 716<br \/>\nOpciones de puerto de salida central y final<br \/>\nNo hay sellos mec\u00e1nicos que causen fugas de fluido o fallas<br \/>\nFunciona de manera silenciosa a menos de 85 dBa con capacidad de silenciador remota f\u00e1cil de usar para disminuir a\u00fan m\u00e1s los niveles de ruido<br \/>\nV\u00e1lvula de aire y retenci\u00f3n de bolas de f\u00e1cil mantenimiento<\/p>\n<p>Descripci\u00f3n general<br \/>\nPresi\u00f3n m\u00e1xima del fluido<br \/>\n16 gpm (61 l\/min)<br \/>\nPresi\u00f3n m\u00e1xima de descarga del fluido<br \/>\n100 psi (7 bares, 0,7 MPa)<br \/>\nTama\u00f1o m\u00e1ximo de s\u00f3lidos que se pueden bombear<br \/>\n3\/32 in (2,5 mm)<br \/>\nDesplazamiento de fluido por ciclo<br \/>\n0,04 in (0,64 litros)<\/p>\n","protected":false},"excerpt":{"rendered":"<p>Presi\u00f3n m\u00e1xima del fluido 16 gpm (61 l\/min) Presi\u00f3n m\u00e1xima de descarga del fluido 100 psi (7 bares, 0,7 MPa)<\/p>\n","protected":false},"featured_media":411,"template":"","meta":{"_acf_changed":false,"content-type":"","_uf_show_specific_survey":0,"_uf_disable_surveys":false},"product_brand":[],"product_cat":[81],"product_tag":[97,43,38,101,98,99],"class_list":{"0":"post-3411","1":"product","2":"type-product","3":"status-publish","4":"has-post-thumbnail","6":"product_cat-bombas-de-doble-diafragma-neumaticas","7":"product_tag-asesoria","8":"product_tag-con-pdf","9":"product_tag-graco","10":"product_tag-sin-precio","11":"product_tag-sin-whatsapp","12":"product_tag-solo-form","14":"first","15":"instock","16":"taxable","17":"shipping-taxable","18":"purchasable","19":"product-type-simple"},"acf":[],"_links":{"self":[{"href":"https:\/\/proindesa.com\/index.php?rest_route=\/wp\/v2\/product\/3411","targetHints":{"allow":["GET"]}}],"collection":[{"href":"https:\/\/proindesa.com\/index.php?rest_route=\/wp\/v2\/product"}],"about":[{"href":"https:\/\/proindesa.com\/index.php?rest_route=\/wp\/v2\/types\/product"}],"wp:featuredmedia":[{"embeddable":true,"href":"https:\/\/proindesa.com\/index.php?rest_route=\/wp\/v2\/media\/411"}],"wp:attachment":[{"href":"https:\/\/proindesa.com\/index.php?rest_route=%2Fwp%2Fv2%2Fmedia&parent=3411"}],"wp:term":[{"taxonomy":"product_brand","embeddable":true,"href":"https:\/\/proindesa.com\/index.php?rest_route=%2Fwp%2Fv2%2Fproduct_brand&post=3411"},{"taxonomy":"product_cat","embeddable":true,"href":"https:\/\/proindesa.com\/index.php?rest_route=%2Fwp%2Fv2%2Fproduct_cat&post=3411"},{"taxonomy":"product_tag","embeddable":true,"href":"https:\/\/proindesa.com\/index.php?rest_route=%2Fwp%2Fv2%2Fproduct_tag&post=3411"}],"curies":[{"name":"wp","href":"https:\/\/api.w.org\/{rel}","templated":true}]}}