{"id":3410,"date":"2025-07-30T16:03:54","date_gmt":"2025-07-30T14:03:54","guid":{"rendered":"https:\/\/proindesa.com\/?post_type=product&#038;p=3410"},"modified":"2025-08-13T18:45:56","modified_gmt":"2025-08-13T16:45:56","slug":"husky-3300-bombas-de-doble-diafragma-con-accionamiento-neumatico-2","status":"publish","type":"product","link":"https:\/\/proindesa.com\/?product=husky-3300-bombas-de-doble-diafragma-con-accionamiento-neumatico-2","title":{"rendered":"Husky 3300 bombas de doble diafragma con accionamiento neum\u00e1tico"},"content":{"rendered":"<p>La bomba neum\u00e1tica de doble diafragma de 3 pulgadas (76,2 mm) Husky 3300 cuenta con un dise\u00f1o de junta con cuatro pernos, que brinda una presi\u00f3n de sellado uniforme para un funcionamiento sin fugas y un colector de tres piezas para una mayor flexibilidad de instalaci\u00f3n. Disponible en aluminio, polipropileno y acero inoxidable.<br \/>\nLa bomba de doble diafragma con accionamiento neum\u00e1tico Husky 3300 cuenta con una v\u00e1lvula de aire de baja pulsaci\u00f3n y sin emplazamiento que facilita el cambio r\u00e1pido.<br \/>\nLa secci\u00f3n central de una sola pieza elimina las fugas y reduce el mantenimiento en las bombas Husky en comparaci\u00f3n con otras bombas de diafragma.<br \/>\nVentajas de las bombas de doble diafragma Husky 3300<br \/>\nMejora general de la eficiencia (hasta un 40% m\u00e1s eficiente)<br \/>\nEl flujo de fluido m\u00e1s alto en su clase<br \/>\nProlonga la vida del diafragma hasta 5 veces en comparaci\u00f3n con otras bombas de diafragma con accionamiento neum\u00e1tico<br \/>\nOferta de material extendida para admitir infinitas aplicaciones<br \/>\nSe ofrece en configuraci\u00f3n ATEX.<br \/>\nDescripci\u00f3n general<br \/>\nPresi\u00f3n m\u00e1xima del fluido<br \/>\n300 gpm (1135 lpm)<br \/>\nPresi\u00f3n m\u00e1xima de descarga del fluido<br \/>\n100 psi (7 bares, 0,7 MPa)<br \/>\nTama\u00f1o m\u00e1ximo de s\u00f3lidos que se pueden bombear<br \/>\n\u00bd in (13 mm)<br \/>\nDesplazamiento de fluido por ciclo<br \/>\n2,9 g (11 litros)<br \/>\nLa bomba de diafragma de operaci\u00f3n neum\u00e1tica Husky 3300 cuenta con una v\u00e1lvula de aire de baja pulsaci\u00f3n que no se atasca y proporciona un cambio de carrera r\u00e1pido y suave.<br \/>\nLa secci\u00f3n central de una pieza elimina las fugas y reduce el mantenimiento de las bombas Husky en comparaci\u00f3n con otras bombas de diafragma.<br \/>\nEficiencia general mejorada (hasta un 40% m\u00e1s eficiente)<br \/>\nEl flujo de fluido m\u00e1s alto de su clase<br \/>\nUna vida \u00fatil de la diafragma hasta 5 veces superior en comparaci\u00f3n con otras bombas de diafragma de su clase.<br \/>\nMayor variedad de materiales para innumerables aplicaciones.<br \/>\nSe ofrece en configuraci\u00f3n ATEX.<br \/>\nGran variedad de materiales para innumerables aplicaciones.<br \/>\nCaudales de hasta 300 gpm (1135 lpm)<br \/>\nDise\u00f1o de v\u00e1lvula de aire modular resistente al bloqueo<br \/>\nFamilia completa de bombas de diafragma de 3 pulg. disponibles en secciones centrales de aluminio o polipropileno<br \/>\nFabricaci\u00f3n para trabajo pesado<\/p>\n","protected":false},"excerpt":{"rendered":"<p>Presi\u00f3n m\u00e1xima del fluido 300 gpm (1135 lpm) Presi\u00f3n m\u00e1xima de descarga del fluido 100 psi (7 bares, 0,7 MPa)<\/p>\n","protected":false},"featured_media":410,"template":"","meta":{"_acf_changed":false,"content-type":"","_uf_show_specific_survey":0,"_uf_disable_surveys":false},"product_brand":[],"product_cat":[81],"product_tag":[97,43,38,101,98,99],"class_list":{"0":"post-3410","1":"product","2":"type-product","3":"status-publish","4":"has-post-thumbnail","6":"product_cat-bombas-de-doble-diafragma-neumaticas","7":"product_tag-asesoria","8":"product_tag-con-pdf","9":"product_tag-graco","10":"product_tag-sin-precio","11":"product_tag-sin-whatsapp","12":"product_tag-solo-form","14":"first","15":"instock","16":"taxable","17":"shipping-taxable","18":"purchasable","19":"product-type-simple"},"acf":[],"_links":{"self":[{"href":"https:\/\/proindesa.com\/index.php?rest_route=\/wp\/v2\/product\/3410","targetHints":{"allow":["GET"]}}],"collection":[{"href":"https:\/\/proindesa.com\/index.php?rest_route=\/wp\/v2\/product"}],"about":[{"href":"https:\/\/proindesa.com\/index.php?rest_route=\/wp\/v2\/types\/product"}],"wp:featuredmedia":[{"embeddable":true,"href":"https:\/\/proindesa.com\/index.php?rest_route=\/wp\/v2\/media\/410"}],"wp:attachment":[{"href":"https:\/\/proindesa.com\/index.php?rest_route=%2Fwp%2Fv2%2Fmedia&parent=3410"}],"wp:term":[{"taxonomy":"product_brand","embeddable":true,"href":"https:\/\/proindesa.com\/index.php?rest_route=%2Fwp%2Fv2%2Fproduct_brand&post=3410"},{"taxonomy":"product_cat","embeddable":true,"href":"https:\/\/proindesa.com\/index.php?rest_route=%2Fwp%2Fv2%2Fproduct_cat&post=3410"},{"taxonomy":"product_tag","embeddable":true,"href":"https:\/\/proindesa.com\/index.php?rest_route=%2Fwp%2Fv2%2Fproduct_tag&post=3410"}],"curies":[{"name":"wp","href":"https:\/\/api.w.org\/{rel}","templated":true}]}}