{"id":3409,"date":"2025-07-30T16:03:54","date_gmt":"2025-07-30T14:03:54","guid":{"rendered":"https:\/\/proindesa.com\/?post_type=product&#038;p=3409"},"modified":"2025-08-13T18:45:56","modified_gmt":"2025-08-13T16:45:56","slug":"husky-1590-bombas-de-doble-diafragma-con-accionamiento-neumatico-2","status":"publish","type":"product","link":"https:\/\/proindesa.com\/?product=husky-1590-bombas-de-doble-diafragma-con-accionamiento-neumatico-2","title":{"rendered":"Husky 1590 bombas de doble diafragma con accionamiento neum\u00e1tico"},"content":{"rendered":"<p>Esta bomba de doble diafragma de 1-1\/2 pulgadas ofrece una v\u00e1lvula de aire de centro cerrado patentada y altamente confiable de mantenimiento en l\u00ednea y secci\u00f3n de aire recubierta con epoxi para resistir condiciones ambientales exigentes.<br \/>\nLa bomba de doble diafragma con accionamiento neum\u00e1tico Husky 1590 ofrece una v\u00e1lvula de aire de centro cerrado patentada y altamente confiable de mantenimiento en l\u00ednea y secci\u00f3n de aire recubierta con epoxi para resistir condiciones ambientales exigentes.<br \/>\nVentajas de las bombas de doble diafragma Husky 1590<br \/>\nProlonga la vida del diafragma hasta 5 veces en comparaci\u00f3n con otras bombas de diafragma con accionamiento neum\u00e1tico en su clase<br \/>\nOferta de material extendida para admitir infinitas aplicaciones<br \/>\nLa bomba Husky tiene menos piezas que sus pares en la industria; se puede acceder a la v\u00e1lvula neum\u00e1tica desde el exterior para que se la pueda reparar r\u00e1pida y f\u00e1cilmente sin desinstalar la bomba de diafragma.<br \/>\nSe ofrece en configuraci\u00f3n ATEX.<br \/>\nDescripci\u00f3n general<br \/>\nPresi\u00f3n m\u00e1xima del fluido<br \/>\n100 gpm (378,5 l\/min)<br \/>\nPresi\u00f3n m\u00e1xima de descarga del fluido<br \/>\n120 psi (8,4 bares, 0,84 MPa)<br \/>\nTama\u00f1o m\u00e1ximo de s\u00f3lidos que se pueden bombear<br \/>\n3\/16 in (4,8 mm)<br \/>\nDesplazamiento de fluido por ciclo<br \/>\n0,5 g (1,9 litros)<\/p>\n","protected":false},"excerpt":{"rendered":"<p>Tama\u00f1o m\u00e1ximo de s\u00f3lidos que se pueden bombear 3\/16 in (4,8 mm) Desplazamiento de fluido por ciclo 0,5 g (1,9 litros)<\/p>\n","protected":false},"featured_media":409,"template":"","meta":{"_acf_changed":false,"content-type":"","_uf_show_specific_survey":0,"_uf_disable_surveys":false},"product_brand":[],"product_cat":[81],"product_tag":[97,38,101,98,99],"class_list":{"0":"post-3409","1":"product","2":"type-product","3":"status-publish","4":"has-post-thumbnail","6":"product_cat-bombas-de-doble-diafragma-neumaticas","7":"product_tag-asesoria","8":"product_tag-graco","9":"product_tag-sin-precio","10":"product_tag-sin-whatsapp","11":"product_tag-solo-form","13":"first","14":"instock","15":"taxable","16":"shipping-taxable","17":"purchasable","18":"product-type-simple"},"acf":[],"_links":{"self":[{"href":"https:\/\/proindesa.com\/index.php?rest_route=\/wp\/v2\/product\/3409","targetHints":{"allow":["GET"]}}],"collection":[{"href":"https:\/\/proindesa.com\/index.php?rest_route=\/wp\/v2\/product"}],"about":[{"href":"https:\/\/proindesa.com\/index.php?rest_route=\/wp\/v2\/types\/product"}],"wp:featuredmedia":[{"embeddable":true,"href":"https:\/\/proindesa.com\/index.php?rest_route=\/wp\/v2\/media\/409"}],"wp:attachment":[{"href":"https:\/\/proindesa.com\/index.php?rest_route=%2Fwp%2Fv2%2Fmedia&parent=3409"}],"wp:term":[{"taxonomy":"product_brand","embeddable":true,"href":"https:\/\/proindesa.com\/index.php?rest_route=%2Fwp%2Fv2%2Fproduct_brand&post=3409"},{"taxonomy":"product_cat","embeddable":true,"href":"https:\/\/proindesa.com\/index.php?rest_route=%2Fwp%2Fv2%2Fproduct_cat&post=3409"},{"taxonomy":"product_tag","embeddable":true,"href":"https:\/\/proindesa.com\/index.php?rest_route=%2Fwp%2Fv2%2Fproduct_tag&post=3409"}],"curies":[{"name":"wp","href":"https:\/\/api.w.org\/{rel}","templated":true}]}}