{"id":3399,"date":"2025-07-30T16:03:52","date_gmt":"2025-07-30T14:03:52","guid":{"rendered":"https:\/\/proindesa.com\/?post_type=product&#038;p=3399"},"modified":"2025-08-13T18:45:52","modified_gmt":"2025-08-13T16:45:52","slug":"empaques-espirometalicos-2","status":"publish","type":"product","link":"https:\/\/proindesa.com\/?product=empaques-espirometalicos-2","title":{"rendered":"Empaques espiromet\u00e1licos"},"content":{"rendered":"<p><span style=\"font-weight: 400;\">El empaque espiromet\u00e1lico es la soluci\u00f3n de sellado ideal y econ\u00f3mica para todo tipo de aplicaciones industriales. Los empaques espiromet\u00e1licos se fabrican conforme a la Norma ASME B16.20 y est\u00e1n dise\u00f1ados para ser instalados entre bridas ASME B16.5, B16.47 Serie A o B y DIN en todos los tama\u00f1os y clases de presi\u00f3n amparados por estos est\u00e1ndares.<\/span><\/p>\n<p><span style=\"font-weight: 400;\">Componentes de un empaque espiromet\u00e1lico<\/span><\/p>\n<p><span style=\"font-weight: 400;\">Un empaque espiromet\u00e1lico cuenta con los siguientes componentes: El espiral o winding, qu\u00e9 es la parte flexible del empaque y la encargada de generar el sello est\u00e1tico. El cual se combina con una cinta met\u00e1lica perfilada y un material de relleno como el grafito flexible, mica, grafito, cer\u00e1mica o PTFE.<\/span><\/p>\n<p><span style=\"font-weight: 400;\">Adem\u00e1s, para facilidad del montaje del empaque, cuenta con un anillo externo centralizador, normalmente fabricado en acero carbono o acero inoxidable.<\/span><span style=\"font-weight: 400;\"><br \/>\n<\/span><span style=\"font-weight: 400;\">Por \u00faltimo, un anillo interno cumple la funci\u00f3n de proteger mec\u00e1nicamente el winding.<\/span><span style=\"font-weight: 400;\"><br \/>\n<\/span><span style=\"font-weight: 400;\">No obstante, lo anterior no implica que un empaque espiromet\u00e1lico tenga estos tres componentes; puede tener:<\/span><\/p>\n<p><span style=\"font-weight: 400;\">El winding solo (W)<\/span><span style=\"font-weight: 400;\"><br \/>\n<\/span><span style=\"font-weight: 400;\">El winding m\u00e1s el anillo externo (WR)<\/span><span style=\"font-weight: 400;\"><br \/>\n<\/span><span style=\"font-weight: 400;\">Los tres componentes (WRI).<\/span><span style=\"font-weight: 400;\"><br \/>\n<\/span><span style=\"font-weight: 400;\">El empaque espiromet\u00e1lico es la soluci\u00f3n de sellado ideal y econ\u00f3mica para todo tipo de aplicaciones industriales.<\/span><\/p>\n","protected":false},"excerpt":{"rendered":"<p>El empaque espiromet\u00e1lico es la soluci\u00f3n de sellado ideal y econ\u00f3mica para todo tipo de aplicaciones industriales.<\/p>\n","protected":false},"featured_media":465,"template":"","meta":{"_acf_changed":false,"content-type":"","_uf_show_specific_survey":0,"_uf_disable_surveys":false},"product_brand":[],"product_cat":[79],"product_tag":[97,43,39,101],"class_list":{"0":"post-3399","1":"product","2":"type-product","3":"status-publish","4":"has-post-thumbnail","6":"product_cat-sellado-estatico","7":"product_tag-asesoria","8":"product_tag-con-pdf","9":"product_tag-sealco","10":"product_tag-sin-precio","12":"first","13":"instock","14":"taxable","15":"shipping-taxable","16":"purchasable","17":"product-type-simple"},"acf":[],"_links":{"self":[{"href":"https:\/\/proindesa.com\/index.php?rest_route=\/wp\/v2\/product\/3399","targetHints":{"allow":["GET"]}}],"collection":[{"href":"https:\/\/proindesa.com\/index.php?rest_route=\/wp\/v2\/product"}],"about":[{"href":"https:\/\/proindesa.com\/index.php?rest_route=\/wp\/v2\/types\/product"}],"wp:featuredmedia":[{"embeddable":true,"href":"https:\/\/proindesa.com\/index.php?rest_route=\/wp\/v2\/media\/465"}],"wp:attachment":[{"href":"https:\/\/proindesa.com\/index.php?rest_route=%2Fwp%2Fv2%2Fmedia&parent=3399"}],"wp:term":[{"taxonomy":"product_brand","embeddable":true,"href":"https:\/\/proindesa.com\/index.php?rest_route=%2Fwp%2Fv2%2Fproduct_brand&post=3399"},{"taxonomy":"product_cat","embeddable":true,"href":"https:\/\/proindesa.com\/index.php?rest_route=%2Fwp%2Fv2%2Fproduct_cat&post=3399"},{"taxonomy":"product_tag","embeddable":true,"href":"https:\/\/proindesa.com\/index.php?rest_route=%2Fwp%2Fv2%2Fproduct_tag&post=3399"}],"curies":[{"name":"wp","href":"https:\/\/api.w.org\/{rel}","templated":true}]}}