{"id":3398,"date":"2025-07-30T16:03:52","date_gmt":"2025-07-30T14:03:52","guid":{"rendered":"https:\/\/proindesa.com\/?post_type=product&#038;p=3398"},"modified":"2025-08-13T18:45:52","modified_gmt":"2025-08-13T16:45:52","slug":"cinta-hi-temp-2","status":"publish","type":"product","link":"https:\/\/proindesa.com\/?product=cinta-hi-temp-2","title":{"rendered":"Cinta hi temp"},"content":{"rendered":"<p><span style=\"font-weight: 400;\">Cinta trenzada de grafito flexible 100% para altas temperaturas. Ideal para juntas de geometr\u00edas dif\u00edciles. Descripci\u00f3n<\/span><\/p>\n<p><span style=\"font-weight: 400;\">Hilos de grafito natural expandido reforzados con inconel se conforman para fabricar esta excelente empaquetadura que representa un verdadero avance en el sellado est\u00e1tico de fluidos en altas temperaturas.<\/span><\/p>\n<p><span style=\"font-weight: 400;\">Esta empaquetadura tiene tratamiento antioxidante y anticorrosi\u00f3n.<\/span><\/p>\n<p><span style=\"font-weight: 400;\">Es 100% empaquetadura, no hay desperdicios.<\/span><\/p>\n<p><span style=\"font-weight: 400;\">Es universal, 1 o 2 medidas sirven para toda la planta.<\/span><\/p>\n<p><span style=\"font-weight: 400;\">Se conforma con la geometr\u00eda del equipo a sellar.<\/span><\/p>\n<p><span style=\"font-weight: 400;\">Sella superficies ralladas o picadas.<\/span><\/p>\n<p><span style=\"font-weight: 400;\">Sella superficies deformadas, desgastadas o con acabados no uniformes.<\/span><\/p>\n<p><span style=\"font-weight: 400;\">Es inerte qu\u00edmicamente, a excepci\u00f3n de oxidantes fuertes. Disipa calor.<\/span><\/p>\n<p><span style=\"font-weight: 400;\">No es asbesto.<\/span><\/p>\n<p><span style=\"font-weight: 400;\">No se endurece con el tiempo.<\/span><\/p>\n<p><span style=\"font-weight: 400;\">TEMPERATURA Hasta 3000\u00b0C en atm\u00f3sferas reductoras. Hasta 3000<\/span><\/p>\n<p><span style=\"font-weight: 400;\">PRESI\u00d3N<\/span><\/p>\n<p><span style=\"font-weight: 400;\">PH<\/span><\/p>\n<p><span style=\"font-weight: 400;\">PRESENTACI\u00d3N Hasta 3000\u00b0C en atm\u00f3sferas reductoras. Hasta 3000 PSI (200 bares) 0-14 Rollos de<\/span><span style=\"font-weight: 400;\"><br \/>\n<\/span><span style=\"font-weight: 400;\">\u2022 1\/4\u2033 X 25\u2033 \u2022 1\/4 X 50\u2032\u20321000 \u00b0C en vapor \u2022 3\/8\u2033 X 25\u2033 \u2022 3\/8\u2033 X 50\u2032\u2032480 \u00b0C en atm\u00f3sferas oxidantes<\/span><\/p>\n","protected":false},"excerpt":{"rendered":"<p>Cinta trenzada de grafito flexible 100%, para altas temperaturas. Ideal para Juntas de geometrias dificiles.<\/p>\n","protected":false},"featured_media":464,"template":"","meta":{"_acf_changed":false,"content-type":"","_uf_show_specific_survey":0,"_uf_disable_surveys":false},"product_brand":[],"product_cat":[79],"product_tag":[97,43,39,101],"class_list":{"0":"post-3398","1":"product","2":"type-product","3":"status-publish","4":"has-post-thumbnail","6":"product_cat-sellado-estatico","7":"product_tag-asesoria","8":"product_tag-con-pdf","9":"product_tag-sealco","10":"product_tag-sin-precio","12":"first","13":"instock","14":"taxable","15":"shipping-taxable","16":"purchasable","17":"product-type-simple"},"acf":[],"_links":{"self":[{"href":"https:\/\/proindesa.com\/index.php?rest_route=\/wp\/v2\/product\/3398","targetHints":{"allow":["GET"]}}],"collection":[{"href":"https:\/\/proindesa.com\/index.php?rest_route=\/wp\/v2\/product"}],"about":[{"href":"https:\/\/proindesa.com\/index.php?rest_route=\/wp\/v2\/types\/product"}],"wp:featuredmedia":[{"embeddable":true,"href":"https:\/\/proindesa.com\/index.php?rest_route=\/wp\/v2\/media\/464"}],"wp:attachment":[{"href":"https:\/\/proindesa.com\/index.php?rest_route=%2Fwp%2Fv2%2Fmedia&parent=3398"}],"wp:term":[{"taxonomy":"product_brand","embeddable":true,"href":"https:\/\/proindesa.com\/index.php?rest_route=%2Fwp%2Fv2%2Fproduct_brand&post=3398"},{"taxonomy":"product_cat","embeddable":true,"href":"https:\/\/proindesa.com\/index.php?rest_route=%2Fwp%2Fv2%2Fproduct_cat&post=3398"},{"taxonomy":"product_tag","embeddable":true,"href":"https:\/\/proindesa.com\/index.php?rest_route=%2Fwp%2Fv2%2Fproduct_tag&post=3398"}],"curies":[{"name":"wp","href":"https:\/\/api.w.org\/{rel}","templated":true}]}}