{"id":3388,"date":"2025-07-30T16:03:40","date_gmt":"2025-07-30T14:03:40","guid":{"rendered":"https:\/\/proindesa.com\/?post_type=product&#038;p=3388"},"modified":"2025-08-13T18:45:50","modified_gmt":"2025-08-13T16:45:50","slug":"sello-mecanico-tipo-250-2","status":"publish","type":"product","link":"https:\/\/proindesa.com\/?product=sello-mecanico-tipo-250-2","title":{"rendered":"Sello mec\u00e1nico tipo 250"},"content":{"rendered":"<p>SELLO ESTACIONARIO CARTUCHO PARA TRABAJO PESADO<br \/>\nSello doble balanceado con resorte robusto aislado del producto para trabajo pesado en productos abrasivos y viscosos.<\/p>\n<p>VENTAJAS<br \/>\nHidra\u00falicamente balanceado.<br \/>\nF\u00e1cil instalaci\u00f3n.<br \/>\nDise\u00f1o estacionario.<br \/>\nDe gran arrastre positivo.<br \/>\nEstable a altas velocidades.<\/p>\n<p>MATERIALES (Para ver el detalle completo, descargue el cat\u00e1logo PDF)<br \/>\nCUERPO DEL SELLO: AISI 316.<br \/>\nCARAS LADO ATM\u00d3SFERA: Carb\u00f3n grado qu\u00edmico o metalizado, Carburo de Silicio (RB), Carburo de Tungsteno (Ni).<br \/>\nCARAS LADO PRODUCTO: Carb\u00f3n grado qu\u00edmico o metalizado, Carburo de Silicio (RB), Carburo de Tungsteno (Ni).<br \/>\nELAST\u00d3MEROS: Vit\u00f3n\u00ae, EPR, Kalrez \u00ae, AFLAS \u00ae, Chemraz \u00ae.<\/p>\n","protected":false},"excerpt":{"rendered":"<p>Hidra\u00falicamente balanceado. F\u00e1cil instalaci\u00f3n. Dise\u00f1o estacionario.<\/p>\n","protected":false},"featured_media":454,"template":"","meta":{"_acf_changed":false,"content-type":"","_uf_show_specific_survey":0,"_uf_disable_surveys":false},"product_brand":[],"product_cat":[78],"product_tag":[97,43,39,101],"class_list":{"0":"post-3388","1":"product","2":"type-product","3":"status-publish","4":"has-post-thumbnail","6":"product_cat-sellos-mecanicos","7":"product_tag-asesoria","8":"product_tag-con-pdf","9":"product_tag-sealco","10":"product_tag-sin-precio","12":"first","13":"instock","14":"taxable","15":"shipping-taxable","16":"purchasable","17":"product-type-simple"},"acf":[],"_links":{"self":[{"href":"https:\/\/proindesa.com\/index.php?rest_route=\/wp\/v2\/product\/3388","targetHints":{"allow":["GET"]}}],"collection":[{"href":"https:\/\/proindesa.com\/index.php?rest_route=\/wp\/v2\/product"}],"about":[{"href":"https:\/\/proindesa.com\/index.php?rest_route=\/wp\/v2\/types\/product"}],"wp:featuredmedia":[{"embeddable":true,"href":"https:\/\/proindesa.com\/index.php?rest_route=\/wp\/v2\/media\/454"}],"wp:attachment":[{"href":"https:\/\/proindesa.com\/index.php?rest_route=%2Fwp%2Fv2%2Fmedia&parent=3388"}],"wp:term":[{"taxonomy":"product_brand","embeddable":true,"href":"https:\/\/proindesa.com\/index.php?rest_route=%2Fwp%2Fv2%2Fproduct_brand&post=3388"},{"taxonomy":"product_cat","embeddable":true,"href":"https:\/\/proindesa.com\/index.php?rest_route=%2Fwp%2Fv2%2Fproduct_cat&post=3388"},{"taxonomy":"product_tag","embeddable":true,"href":"https:\/\/proindesa.com\/index.php?rest_route=%2Fwp%2Fv2%2Fproduct_tag&post=3388"}],"curies":[{"name":"wp","href":"https:\/\/api.w.org\/{rel}","templated":true}]}}