{"id":3384,"date":"2025-07-30T16:03:40","date_gmt":"2025-07-30T14:03:40","guid":{"rendered":"https:\/\/proindesa.com\/?post_type=product&#038;p=3384"},"modified":"2025-08-13T18:45:49","modified_gmt":"2025-08-13T16:45:49","slug":"sello-mecanico-tipo-150-2","status":"publish","type":"product","link":"https:\/\/proindesa.com\/?product=sello-mecanico-tipo-150-2","title":{"rendered":"Sello mec\u00e1nico tipo 150"},"content":{"rendered":"<p>SELLO PARA ALTA TEMPERATURA<br \/>\nSello de fuelle met\u00e1lico hidr\u00e1ulicamente balanceado. Su secci\u00f3n delgada lo hace especial para su instalaci\u00f3n. Es de gran aplicaci\u00f3n en aceites t\u00e9rmicos, qu\u00edmicos, hidrocarburos, algunos \u00e1cidos c\u00e1usticos, solventes y productos por encima de 800\u00b0F (425\u00b0C) y temperaturas criog\u00e9nicas. Descripci\u00f3n<\/p>\n<p>VENTAJAS<br \/>\nFuelle Autolimpiante Baja generaci\u00f3n de calor entre caras Cumple requisitos API 682 montado en sello cartucho Disponible con mecanismo antiarrastre para aceites, asfaltos y aplicaciones viscosas.<br \/>\nVer modelo 151 MATERIALES (Para ver el detalle completo, descargue el cat\u00e1logo PDF)<br \/>\nCUERPO DEL SELLO: AISI 316.<br \/>\nCARA ROTATORIA: Carb\u00f3n grado qu\u00edmico o metalizado, Carburo de Tungsteno (Ni),Carburo de Silicio (RB).<br \/>\nASIENTO ESTACIONARIO: Carburo de Silicio(RB), Carburo de Tungsteno (Ni).<br \/>\nTORNILLOS PRISIONEROS: Hastelloy C\u00ae, AISI 316.<\/p>\n","protected":false},"excerpt":{"rendered":"<p>Disponible con mecanismo antiarrastre para aceites, asfaltos y aplicaciones viscosas.<\/p>\n","protected":false},"featured_media":450,"template":"","meta":{"_acf_changed":false,"content-type":"","_uf_show_specific_survey":0,"_uf_disable_surveys":false},"product_brand":[],"product_cat":[78],"product_tag":[97,43,39,101],"class_list":{"0":"post-3384","1":"product","2":"type-product","3":"status-publish","4":"has-post-thumbnail","6":"product_cat-sellos-mecanicos","7":"product_tag-asesoria","8":"product_tag-con-pdf","9":"product_tag-sealco","10":"product_tag-sin-precio","12":"first","13":"instock","14":"taxable","15":"shipping-taxable","16":"purchasable","17":"product-type-simple"},"acf":[],"_links":{"self":[{"href":"https:\/\/proindesa.com\/index.php?rest_route=\/wp\/v2\/product\/3384","targetHints":{"allow":["GET"]}}],"collection":[{"href":"https:\/\/proindesa.com\/index.php?rest_route=\/wp\/v2\/product"}],"about":[{"href":"https:\/\/proindesa.com\/index.php?rest_route=\/wp\/v2\/types\/product"}],"wp:featuredmedia":[{"embeddable":true,"href":"https:\/\/proindesa.com\/index.php?rest_route=\/wp\/v2\/media\/450"}],"wp:attachment":[{"href":"https:\/\/proindesa.com\/index.php?rest_route=%2Fwp%2Fv2%2Fmedia&parent=3384"}],"wp:term":[{"taxonomy":"product_brand","embeddable":true,"href":"https:\/\/proindesa.com\/index.php?rest_route=%2Fwp%2Fv2%2Fproduct_brand&post=3384"},{"taxonomy":"product_cat","embeddable":true,"href":"https:\/\/proindesa.com\/index.php?rest_route=%2Fwp%2Fv2%2Fproduct_cat&post=3384"},{"taxonomy":"product_tag","embeddable":true,"href":"https:\/\/proindesa.com\/index.php?rest_route=%2Fwp%2Fv2%2Fproduct_tag&post=3384"}],"curies":[{"name":"wp","href":"https:\/\/api.w.org\/{rel}","templated":true}]}}