{"id":3383,"date":"2025-07-30T16:03:39","date_gmt":"2025-07-30T14:03:39","guid":{"rendered":"https:\/\/proindesa.com\/?post_type=product&#038;p=3383"},"modified":"2025-08-13T18:45:49","modified_gmt":"2025-08-13T16:45:49","slug":"sello-mecanico-para-bomba-grundfos-gr-h-2","status":"publish","type":"product","link":"https:\/\/proindesa.com\/?product=sello-mecanico-para-bomba-grundfos-gr-h-2","title":{"rendered":"Sello mec\u00e1nico para bomba grundfos gr-h"},"content":{"rendered":"<p><span style=\"font-weight: 400;\">SELLO CARTUCHO PARA BOMBA GRUNDFOS<\/span><span style=\"font-weight: 400;\"><br \/>\n<\/span><span style=\"font-weight: 400;\">Sello cartucho para bomba Grundfos series GR-A, GR-H, GR-E,GR-B, GR-F, de tipo vertical de gran aplicaci\u00f3n en sistemas contra fuego, alimentador de calderas, tratamiento de aguas, hospitales, entre otros. Descripci\u00f3n<\/span><span style=\"font-weight: 400;\"><br \/>\n<\/span><span style=\"font-weight: 400;\">VENTAJAS. Su dise\u00f1o protege las caras de contacto. Recomendado para l\u00edquidos con s\u00f3lidos.<\/span><span style=\"font-weight: 400;\"><br \/>\n<\/span><span style=\"font-weight: 400;\">F\u00e1cil montaje e instalaci\u00f3n.<\/span><span style=\"font-weight: 400;\"><br \/>\n<\/span><span style=\"font-weight: 400;\">MATERIALES DE COMBINACI\u00d3N DE MATERIALES EST\u00c1NDAR Silicio \/ Silicio \/ Viton. Tungsteno \/ Tungsteno \/ Viton.<\/span><\/p>\n","protected":false},"excerpt":{"rendered":"<p><span style=\"font-weight: 400;\">Su dise\u00f1o protege las caras de contacto. Recomendado para l\u00edquidos con s\u00f3lidos. F\u00e1cil montaje e instalaci\u00f3n.<\/span><\/p>\n","protected":false},"featured_media":449,"template":"","meta":{"_acf_changed":false,"content-type":"","_uf_show_specific_survey":0,"_uf_disable_surveys":false},"product_brand":[],"product_cat":[78],"product_tag":[97,43,39,101],"class_list":{"0":"post-3383","1":"product","2":"type-product","3":"status-publish","4":"has-post-thumbnail","6":"product_cat-sellos-mecanicos","7":"product_tag-asesoria","8":"product_tag-con-pdf","9":"product_tag-sealco","10":"product_tag-sin-precio","12":"first","13":"instock","14":"taxable","15":"shipping-taxable","16":"purchasable","17":"product-type-simple"},"acf":[],"_links":{"self":[{"href":"https:\/\/proindesa.com\/index.php?rest_route=\/wp\/v2\/product\/3383","targetHints":{"allow":["GET"]}}],"collection":[{"href":"https:\/\/proindesa.com\/index.php?rest_route=\/wp\/v2\/product"}],"about":[{"href":"https:\/\/proindesa.com\/index.php?rest_route=\/wp\/v2\/types\/product"}],"wp:featuredmedia":[{"embeddable":true,"href":"https:\/\/proindesa.com\/index.php?rest_route=\/wp\/v2\/media\/449"}],"wp:attachment":[{"href":"https:\/\/proindesa.com\/index.php?rest_route=%2Fwp%2Fv2%2Fmedia&parent=3383"}],"wp:term":[{"taxonomy":"product_brand","embeddable":true,"href":"https:\/\/proindesa.com\/index.php?rest_route=%2Fwp%2Fv2%2Fproduct_brand&post=3383"},{"taxonomy":"product_cat","embeddable":true,"href":"https:\/\/proindesa.com\/index.php?rest_route=%2Fwp%2Fv2%2Fproduct_cat&post=3383"},{"taxonomy":"product_tag","embeddable":true,"href":"https:\/\/proindesa.com\/index.php?rest_route=%2Fwp%2Fv2%2Fproduct_tag&post=3383"}],"curies":[{"name":"wp","href":"https:\/\/api.w.org\/{rel}","templated":true}]}}