{"id":3382,"date":"2025-07-30T16:03:39","date_gmt":"2025-07-30T14:03:39","guid":{"rendered":"https:\/\/proindesa.com\/?post_type=product&#038;p=3382"},"modified":"2025-08-13T18:45:49","modified_gmt":"2025-08-13T16:45:49","slug":"sello-mecanico-tipo-100-2","status":"publish","type":"product","link":"https:\/\/proindesa.com\/?product=sello-mecanico-tipo-100-2","title":{"rendered":"Sello mec\u00e1nico tipo 100"},"content":{"rendered":"<p>Sello de fuelle met\u00e1lico de alta resistencia qu\u00edmica para bajas temperaturas en aplicaciones industriales generales. Es un excelente sello para manejar agua, aceites, solventes, productos qu\u00edmicos, hidrocarburos y fluidos viscosos y polimerizantes. VENTAJAS<br \/>\nHidr\u00e1ulicamente balanceado.<br \/>\nSello secundario est\u00e1tico que no atasca, ni desgasta el eje. Fuelles autolimpiantes.<br \/>\nExcelente resitencia a la corrosi\u00f3n.<br \/>\nMATERIALES (Para ver detalle completo, descargue el cat\u00e1logo PDF)<br \/>\nCUERPO DEL SELLO: AISI 316.<br \/>\nCARA ROTATORIA: Carb\u00f3n grado qu\u00edmico o metalizado, Carburo de Tungsteno (Ni),Carburo de Silicio (RB).<br \/>\nASIENTO ESTACIONARIO: Carburo de Silicio(RB).<\/p>\n","protected":false},"excerpt":{"rendered":"<p>Hidr\u00e1ulicamente balanceado. Sello secundario est\u00e1tico que no atasca, ni desgasta el eje. Fuelles autolimpiantes. Excelente resitencia a la corrosi\u00f3n.<\/p>\n","protected":false},"featured_media":448,"template":"","meta":{"_acf_changed":false,"content-type":"","_uf_show_specific_survey":0,"_uf_disable_surveys":false},"product_brand":[],"product_cat":[78],"product_tag":[97,43,39,101],"class_list":{"0":"post-3382","1":"product","2":"type-product","3":"status-publish","4":"has-post-thumbnail","6":"product_cat-sellos-mecanicos","7":"product_tag-asesoria","8":"product_tag-con-pdf","9":"product_tag-sealco","10":"product_tag-sin-precio","12":"first","13":"instock","14":"taxable","15":"shipping-taxable","16":"purchasable","17":"product-type-simple"},"acf":[],"_links":{"self":[{"href":"https:\/\/proindesa.com\/index.php?rest_route=\/wp\/v2\/product\/3382","targetHints":{"allow":["GET"]}}],"collection":[{"href":"https:\/\/proindesa.com\/index.php?rest_route=\/wp\/v2\/product"}],"about":[{"href":"https:\/\/proindesa.com\/index.php?rest_route=\/wp\/v2\/types\/product"}],"wp:featuredmedia":[{"embeddable":true,"href":"https:\/\/proindesa.com\/index.php?rest_route=\/wp\/v2\/media\/448"}],"wp:attachment":[{"href":"https:\/\/proindesa.com\/index.php?rest_route=%2Fwp%2Fv2%2Fmedia&parent=3382"}],"wp:term":[{"taxonomy":"product_brand","embeddable":true,"href":"https:\/\/proindesa.com\/index.php?rest_route=%2Fwp%2Fv2%2Fproduct_brand&post=3382"},{"taxonomy":"product_cat","embeddable":true,"href":"https:\/\/proindesa.com\/index.php?rest_route=%2Fwp%2Fv2%2Fproduct_cat&post=3382"},{"taxonomy":"product_tag","embeddable":true,"href":"https:\/\/proindesa.com\/index.php?rest_route=%2Fwp%2Fv2%2Fproduct_tag&post=3382"}],"curies":[{"name":"wp","href":"https:\/\/api.w.org\/{rel}","templated":true}]}}