{"id":3380,"date":"2025-07-30T16:03:39","date_gmt":"2025-07-30T14:03:39","guid":{"rendered":"https:\/\/proindesa.com\/?post_type=product&#038;p=3380"},"modified":"2025-08-13T18:45:48","modified_gmt":"2025-08-13T16:45:48","slug":"sello-mecanico-tipo-m7n-2","status":"publish","type":"product","link":"https:\/\/proindesa.com\/?product=sello-mecanico-tipo-m7n-2","title":{"rendered":"Sello mec\u00e1nico tipo m7n"},"content":{"rendered":"<p>SELLO CON ARANDELA ONDULADA<br \/>\nSello mec\u00e1nico no balanceado especial para aplicaciones generales, de gran estabilidad y alineaci\u00f3n entre caras. Facilita el trabajo con fluidos abrasivos, pastas y otros con tendencias a solidificarse.<\/p>\n<p>VENTAJAS<br \/>\nIndependiente del sentido de rotaci\u00f3n<br \/>\nLongitud de operaci\u00f3n corta<br \/>\nIdeal para estandarizaci\u00f3n en planta<\/p>\n<p>MATERIALES (Para ver el detalle completo, descargue el cat\u00e1logo PDF)<br \/>\nCUERPO DEL SELLO: AISI 316.<br \/>\nCARA ROTATORIA: Carburo de Silicio (RB) est\u00e1ndar.<br \/>\nASIENTO ESTACIONARIO: Carburo de Silicio (RB), Carb\u00f3n est\u00e1ndar tipo G9.<br \/>\nELAST\u00d3MEROS: Vit\u00f3n\u00ae est\u00e1ndar, EPR, Buna.<br \/>\n**Hastelloy C\u00ae es una marca registrada de Haynes International<br \/>\nViton\u00ae y Kalrez\u00ae son una marca registrada de DuPont.<br \/>\nAFLAS\u00ae es una marca registrada de Asahi Glass Co.Ltd.<br \/>\nChemraz\u00ae es una marca registrada de Green, Tweed &amp;Co.<\/p>\n","protected":false},"excerpt":{"rendered":"<p>Independiente del sentido de rotaci\u00f3n Longitud de operaci\u00f3n corta Ideal para estandarizaci\u00f3n en planta<\/p>\n","protected":false},"featured_media":446,"template":"","meta":{"_acf_changed":false,"content-type":"","_uf_show_specific_survey":0,"_uf_disable_surveys":false},"product_brand":[],"product_cat":[78],"product_tag":[97,43,39,101],"class_list":{"0":"post-3380","1":"product","2":"type-product","3":"status-publish","4":"has-post-thumbnail","6":"product_cat-sellos-mecanicos","7":"product_tag-asesoria","8":"product_tag-con-pdf","9":"product_tag-sealco","10":"product_tag-sin-precio","12":"first","13":"instock","14":"taxable","15":"shipping-taxable","16":"purchasable","17":"product-type-simple"},"acf":[],"_links":{"self":[{"href":"https:\/\/proindesa.com\/index.php?rest_route=\/wp\/v2\/product\/3380","targetHints":{"allow":["GET"]}}],"collection":[{"href":"https:\/\/proindesa.com\/index.php?rest_route=\/wp\/v2\/product"}],"about":[{"href":"https:\/\/proindesa.com\/index.php?rest_route=\/wp\/v2\/types\/product"}],"wp:featuredmedia":[{"embeddable":true,"href":"https:\/\/proindesa.com\/index.php?rest_route=\/wp\/v2\/media\/446"}],"wp:attachment":[{"href":"https:\/\/proindesa.com\/index.php?rest_route=%2Fwp%2Fv2%2Fmedia&parent=3380"}],"wp:term":[{"taxonomy":"product_brand","embeddable":true,"href":"https:\/\/proindesa.com\/index.php?rest_route=%2Fwp%2Fv2%2Fproduct_brand&post=3380"},{"taxonomy":"product_cat","embeddable":true,"href":"https:\/\/proindesa.com\/index.php?rest_route=%2Fwp%2Fv2%2Fproduct_cat&post=3380"},{"taxonomy":"product_tag","embeddable":true,"href":"https:\/\/proindesa.com\/index.php?rest_route=%2Fwp%2Fv2%2Fproduct_tag&post=3380"}],"curies":[{"name":"wp","href":"https:\/\/api.w.org\/{rel}","templated":true}]}}