{"id":3376,"date":"2025-07-30T16:03:38","date_gmt":"2025-07-30T14:03:38","guid":{"rendered":"https:\/\/proindesa.com\/?post_type=product&#038;p=3376"},"modified":"2025-08-13T18:45:48","modified_gmt":"2025-08-13T16:45:48","slug":"sello-mecanico-para-bombas-triclover-2","status":"publish","type":"product","link":"https:\/\/proindesa.com\/?product=sello-mecanico-para-bombas-triclover-2","title":{"rendered":"Sello mec\u00e1nico para bombas triclover"},"content":{"rendered":"<p>SELLO EXTERNO PARA BOMBAS TRICLOVER<br \/>\nSello mec\u00e1nico externo de f\u00e1cil instalaci\u00f3n para trabajo en bombas triclover modelos C114,SP114,C216,SP216,C218,C328,SP218,SP328. especial para el trabajo en industria alimenticia y de bebidas<\/p>\n<p>Descripci\u00f3n<br \/>\nVENTAJAS<\/p>\n<p>Sello balanceado<br \/>\nF\u00e1cil montaje<br \/>\nResorte aislado del producto<br \/>\nF\u00e1cil de reparar en planta<br \/>\nMATERIALES (Para ver el detalle completo, descargue el cat\u00e1logo PDF)<\/p>\n<p>PARTES METALICAS: AISI 316, AISI 304.<br \/>\nRESORTE: AISI 302<br \/>\nCARA ROTATORIA: Carb\u00f3n grado qu\u00edmico, Carb\u00f3n metalizado.<br \/>\nO RINGS: Vit\u00f3n\u00ae. EPR.<\/p>\n","protected":false},"excerpt":{"rendered":"<p>Sello balanceado F\u00e1cil montaje Resorte aislado del producto<\/p>\n","protected":false},"featured_media":442,"template":"","meta":{"_acf_changed":false,"content-type":"","_uf_show_specific_survey":0,"_uf_disable_surveys":false},"product_brand":[],"product_cat":[78],"product_tag":[97,43,39,101],"class_list":{"0":"post-3376","1":"product","2":"type-product","3":"status-publish","4":"has-post-thumbnail","6":"product_cat-sellos-mecanicos","7":"product_tag-asesoria","8":"product_tag-con-pdf","9":"product_tag-sealco","10":"product_tag-sin-precio","12":"first","13":"instock","14":"taxable","15":"shipping-taxable","16":"purchasable","17":"product-type-simple"},"acf":[],"_links":{"self":[{"href":"https:\/\/proindesa.com\/index.php?rest_route=\/wp\/v2\/product\/3376","targetHints":{"allow":["GET"]}}],"collection":[{"href":"https:\/\/proindesa.com\/index.php?rest_route=\/wp\/v2\/product"}],"about":[{"href":"https:\/\/proindesa.com\/index.php?rest_route=\/wp\/v2\/types\/product"}],"wp:featuredmedia":[{"embeddable":true,"href":"https:\/\/proindesa.com\/index.php?rest_route=\/wp\/v2\/media\/442"}],"wp:attachment":[{"href":"https:\/\/proindesa.com\/index.php?rest_route=%2Fwp%2Fv2%2Fmedia&parent=3376"}],"wp:term":[{"taxonomy":"product_brand","embeddable":true,"href":"https:\/\/proindesa.com\/index.php?rest_route=%2Fwp%2Fv2%2Fproduct_brand&post=3376"},{"taxonomy":"product_cat","embeddable":true,"href":"https:\/\/proindesa.com\/index.php?rest_route=%2Fwp%2Fv2%2Fproduct_cat&post=3376"},{"taxonomy":"product_tag","embeddable":true,"href":"https:\/\/proindesa.com\/index.php?rest_route=%2Fwp%2Fv2%2Fproduct_tag&post=3376"}],"curies":[{"name":"wp","href":"https:\/\/api.w.org\/{rel}","templated":true}]}}