{"id":3370,"date":"2025-07-30T16:03:38","date_gmt":"2025-07-30T14:03:38","guid":{"rendered":"https:\/\/proindesa.com\/?post_type=product&#038;p=3370"},"modified":"2025-08-13T18:45:46","modified_gmt":"2025-08-13T16:45:46","slug":"sello-mecanico-tipo-m-2","status":"publish","type":"product","link":"https:\/\/proindesa.com\/?product=sello-mecanico-tipo-m-2","title":{"rendered":"Sello mec\u00e1nico tipo m"},"content":{"rendered":"<p>SELLO DE RESORTE CONICO<br \/>\nSello de bajo costo para uso en todo tipo de bombas dom\u00e9sticas e industriales que manejan aceites, agua, soluciones acuosas, anticongelantes y l\u00edquidos en general. Descripci\u00f3n<br \/>\nMATERIALES (Para ver el detalle completo, descargue el cat\u00e1logo PDF)<br \/>\nPARTES MET\u00c1LICAS: AISI 304.<br \/>\nCARA ROTATORIA:<br \/>\nEst\u00e1ndar: Cer\u00e1mica;<br \/>\nOpcional: Silicio<br \/>\nASIENTO ESTACIONARIO:<br \/>\nEstand\u00e1r Carb\u00f3n;<br \/>\nOpcional: Silicio.<br \/>\nELAST\u00d3MEROS:<br \/>\nEst\u00e1ndar: Nitrilo;<br \/>\nOpcional: Viton.<br \/>\nRESORTE: AISI 304.<br \/>\nVENTAJAS Bajo costo F\u00e1cil instalaci\u00f3n<\/p>\n","protected":false},"excerpt":{"rendered":"<p>Sello de bajo costo para uso en todo tipo de bombas dom\u00e9sticas e industriales que manejan aceites, agua, soluciones acuosas, anticongelantes y l\u00edquidos en general.<\/p>\n","protected":false},"featured_media":523,"template":"","meta":{"_acf_changed":false,"content-type":"","_uf_show_specific_survey":0,"_uf_disable_surveys":false},"product_brand":[],"product_cat":[78],"product_tag":[97,43,39,101],"class_list":{"0":"post-3370","1":"product","2":"type-product","3":"status-publish","4":"has-post-thumbnail","6":"product_cat-sellos-mecanicos","7":"product_tag-asesoria","8":"product_tag-con-pdf","9":"product_tag-sealco","10":"product_tag-sin-precio","12":"first","13":"instock","14":"taxable","15":"shipping-taxable","16":"purchasable","17":"product-type-simple"},"acf":[],"_links":{"self":[{"href":"https:\/\/proindesa.com\/index.php?rest_route=\/wp\/v2\/product\/3370","targetHints":{"allow":["GET"]}}],"collection":[{"href":"https:\/\/proindesa.com\/index.php?rest_route=\/wp\/v2\/product"}],"about":[{"href":"https:\/\/proindesa.com\/index.php?rest_route=\/wp\/v2\/types\/product"}],"wp:featuredmedia":[{"embeddable":true,"href":"https:\/\/proindesa.com\/index.php?rest_route=\/wp\/v2\/media\/523"}],"wp:attachment":[{"href":"https:\/\/proindesa.com\/index.php?rest_route=%2Fwp%2Fv2%2Fmedia&parent=3370"}],"wp:term":[{"taxonomy":"product_brand","embeddable":true,"href":"https:\/\/proindesa.com\/index.php?rest_route=%2Fwp%2Fv2%2Fproduct_brand&post=3370"},{"taxonomy":"product_cat","embeddable":true,"href":"https:\/\/proindesa.com\/index.php?rest_route=%2Fwp%2Fv2%2Fproduct_cat&post=3370"},{"taxonomy":"product_tag","embeddable":true,"href":"https:\/\/proindesa.com\/index.php?rest_route=%2Fwp%2Fv2%2Fproduct_tag&post=3370"}],"curies":[{"name":"wp","href":"https:\/\/api.w.org\/{rel}","templated":true}]}}