{"id":3368,"date":"2025-07-30T16:03:37","date_gmt":"2025-07-30T14:03:37","guid":{"rendered":"https:\/\/proindesa.com\/?post_type=product&#038;p=3368"},"modified":"2025-08-13T18:45:45","modified_gmt":"2025-08-13T16:45:45","slug":"sello-mecanico-tipo-6-2","status":"publish","type":"product","link":"https:\/\/proindesa.com\/?product=sello-mecanico-tipo-6-2","title":{"rendered":"Sello mec\u00e1nico tipo 6"},"content":{"rendered":"<p>SELLO RESORTE CORTO. Dise\u00f1ado para sellar fluidos no agresivos tales como agua dom\u00e9stica, de riego, miner\u00eda y otros similares. Descripci\u00f3n<br \/>\nMATERIALES (Para ver el detalle completo, descargue el cat\u00e1logo PDF)<br \/>\nPARTES MET\u00c1LICAS: AISI 304.<br \/>\nCARA ROTATORIA:<br \/>\nEst\u00e1ndar: Carb\u00f3n.<br \/>\nASIENTO ESTACIONARIO:<br \/>\nEst\u00e1ndar: Cer\u00e1mica.<br \/>\nELAST\u00d3MEROS:<br \/>\nEst\u00e1ndar: Nitrilo<br \/>\nOpcional: Viton<\/p>\n<p>VENTAJAS<br \/>\nDise\u00f1o simple F\u00e1cil de instalar Corta longitud de operaci\u00f3n<\/p>\n","protected":false},"excerpt":{"rendered":"<p>Est\u00e1ndar: Carb\u00f3n. ASIENTO ESTACIONARIO: Est\u00e1ndar: Cer\u00e1mica.<\/p>\n","protected":false},"featured_media":437,"template":"","meta":{"_acf_changed":false,"content-type":"","_uf_show_specific_survey":0,"_uf_disable_surveys":false},"product_brand":[],"product_cat":[78],"product_tag":[97,43,39,101],"class_list":{"0":"post-3368","1":"product","2":"type-product","3":"status-publish","4":"has-post-thumbnail","6":"product_cat-sellos-mecanicos","7":"product_tag-asesoria","8":"product_tag-con-pdf","9":"product_tag-sealco","10":"product_tag-sin-precio","12":"first","13":"instock","14":"taxable","15":"shipping-taxable","16":"purchasable","17":"product-type-simple"},"acf":[],"_links":{"self":[{"href":"https:\/\/proindesa.com\/index.php?rest_route=\/wp\/v2\/product\/3368","targetHints":{"allow":["GET"]}}],"collection":[{"href":"https:\/\/proindesa.com\/index.php?rest_route=\/wp\/v2\/product"}],"about":[{"href":"https:\/\/proindesa.com\/index.php?rest_route=\/wp\/v2\/types\/product"}],"wp:featuredmedia":[{"embeddable":true,"href":"https:\/\/proindesa.com\/index.php?rest_route=\/wp\/v2\/media\/437"}],"wp:attachment":[{"href":"https:\/\/proindesa.com\/index.php?rest_route=%2Fwp%2Fv2%2Fmedia&parent=3368"}],"wp:term":[{"taxonomy":"product_brand","embeddable":true,"href":"https:\/\/proindesa.com\/index.php?rest_route=%2Fwp%2Fv2%2Fproduct_brand&post=3368"},{"taxonomy":"product_cat","embeddable":true,"href":"https:\/\/proindesa.com\/index.php?rest_route=%2Fwp%2Fv2%2Fproduct_cat&post=3368"},{"taxonomy":"product_tag","embeddable":true,"href":"https:\/\/proindesa.com\/index.php?rest_route=%2Fwp%2Fv2%2Fproduct_tag&post=3368"}],"curies":[{"name":"wp","href":"https:\/\/api.w.org\/{rel}","templated":true}]}}