{"id":3353,"date":"2025-07-30T16:03:24","date_gmt":"2025-07-30T14:03:24","guid":{"rendered":"https:\/\/proindesa.com\/?post_type=product&#038;p=3353"},"modified":"2025-08-13T18:45:42","modified_gmt":"2025-08-13T16:45:42","slug":"accesorio-para-operador-a-bordo-de-200-hd-linedriver-2","status":"publish","type":"product","link":"https:\/\/proindesa.com\/?product=accesorio-para-operador-a-bordo-de-200-hd-linedriver-2","title":{"rendered":"Accesorio para operador a bordo de 200 hd linedriver"},"content":{"rendered":"<p>\u00bfPor qu\u00e9 caminar cuando puede conducir? Los sistemas LineDriver de Graco proporcionan los sistemas de conducci\u00f3n m\u00e1s innovadores y f\u00e1ciles de usar de la industria. El LineDriver HD proporciona la mayor potencia y rendimiento que necesita para maximizar su productividad en cualquier aplicaci\u00f3n de trazado de l\u00edneas, termopl\u00e1stico y escarificado.<\/p>\n<p>DESCARGA<br \/>\nSistema de luz LED FlexBeam<\/p>\n<p>&#8211; Luz LED para un brillo mejorado con una vida \u00fatil prolongada y menos consumo de amperios<br \/>\n&#8211; El dise\u00f1o retr\u00e1ctil y separable evita da\u00f1os y mantiene el trazado<\/p>\n<p>Sistema de pedales de pies dual<\/p>\n<p>&#8211; Para avanzar y retroceder<br \/>\n&#8211; Se traslada f\u00e1cilmente entre trabajos sin tener que empujar<\/p>\n<p>Sistema de arranque del motor ProStart<\/p>\n<p>&#8211; Arranque f\u00e1cil<br \/>\n&#8211; Hasta un 50% menos de esfuerzo de tracci\u00f3n para arrancar el motor, no m\u00e1s retrocesos rotos<br \/>\n&#8211; Supera los sistemas de arranque manual y el\u00e9ctrico cuando el clima comienza a tornarse m\u00e1s fr\u00edo<\/p>\n<p>Motor Honda\u00ae GX<\/p>\n<p>&#8211; Confiable, tecnol\u00f3gicamente avanzado y f\u00e1cil de arrancar<br \/>\n&#8211; La alerta de aceite apaga el motor si el nivel baja demasiado, evitando da\u00f1os<br \/>\n&#8211; Preferido por los contratistas<\/p>\n<p>Asiento Cool-Comfort<\/p>\n<p>El color gris se mantiene fresco a la luz solar directa.<br \/>\nAsiento con respaldo alto para mayor apoyo<br \/>\nAcolchado adicional para comodidad durante todo el d\u00eda<\/p>\n","protected":false},"excerpt":{"rendered":"<p>Proporciona la mayor potencia y rendimiento que necesita para maximizar su productividad en cualquier aplicaci\u00f3n de trazado de l\u00edneas<\/p>\n","protected":false},"featured_media":517,"template":"","meta":{"_acf_changed":false,"content-type":"","_uf_show_specific_survey":0,"_uf_disable_surveys":false},"product_brand":[],"product_cat":[96,75,23,77,24],"product_tag":[37,101],"class_list":{"0":"post-3353","1":"product","2":"type-product","3":"status-publish","4":"has-post-thumbnail","6":"product_cat-demarcacion-vial","7":"product_cat-equipos-para-pintura","8":"product_cat-pintura","9":"product_cat-pintura-termoplastica","10":"product_cat-seguridad-vial","11":"product_tag-linedriver","12":"product_tag-sin-precio","14":"first","15":"instock","16":"taxable","17":"shipping-taxable","18":"purchasable","19":"product-type-simple"},"acf":[],"_links":{"self":[{"href":"https:\/\/proindesa.com\/index.php?rest_route=\/wp\/v2\/product\/3353","targetHints":{"allow":["GET"]}}],"collection":[{"href":"https:\/\/proindesa.com\/index.php?rest_route=\/wp\/v2\/product"}],"about":[{"href":"https:\/\/proindesa.com\/index.php?rest_route=\/wp\/v2\/types\/product"}],"wp:featuredmedia":[{"embeddable":true,"href":"https:\/\/proindesa.com\/index.php?rest_route=\/wp\/v2\/media\/517"}],"wp:attachment":[{"href":"https:\/\/proindesa.com\/index.php?rest_route=%2Fwp%2Fv2%2Fmedia&parent=3353"}],"wp:term":[{"taxonomy":"product_brand","embeddable":true,"href":"https:\/\/proindesa.com\/index.php?rest_route=%2Fwp%2Fv2%2Fproduct_brand&post=3353"},{"taxonomy":"product_cat","embeddable":true,"href":"https:\/\/proindesa.com\/index.php?rest_route=%2Fwp%2Fv2%2Fproduct_cat&post=3353"},{"taxonomy":"product_tag","embeddable":true,"href":"https:\/\/proindesa.com\/index.php?rest_route=%2Fwp%2Fv2%2Fproduct_tag&post=3353"}],"curies":[{"name":"wp","href":"https:\/\/api.w.org\/{rel}","templated":true}]}}