{"id":3347,"date":"2025-07-30T16:03:24","date_gmt":"2025-07-30T14:03:24","guid":{"rendered":"https:\/\/proindesa.com\/?post_type=product&#038;p=3347"},"modified":"2025-08-13T18:45:40","modified_gmt":"2025-08-13T16:45:40","slug":"cinta-de-ductos-3m-duct-tape-dt8-2","status":"publish","type":"product","link":"https:\/\/proindesa.com\/?product=cinta-de-ductos-3m-duct-tape-dt8-2","title":{"rendered":"Cinta de ductos 3M duct tape dt8"},"content":{"rendered":"<p><span style=\"font-weight: 400;\">Adhesi\u00f3n instant\u00e1nea a una amplia variedad de superficies, incluyendo metal, vidrio, pl\u00e1stico y concreto sellado, mediante un adhesivo agresivo de caucho natural.<\/span><\/p>\n<p><span style=\"font-weight: 400;\">La tela tejida permite que la cinta se rompa f\u00e1cilmente con la mano.<\/span><\/p>\n<p><span style=\"font-weight: 400;\">El respaldo adaptable es bueno para usar en superficies contorneadas.<\/span><\/p>\n<p><span style=\"font-weight: 400;\">Buena resistencia a la tracci\u00f3n para agrupaci\u00f3n, reparaci\u00f3n y sujeci\u00f3n de tareas ligeras.<\/span><\/p>\n<p><span style=\"font-weight: 400;\">Disponible en plata y negro (sobre pedido).<\/span><\/p>\n<p><span style=\"font-weight: 400;\">Fabricada con una pel\u00edcula de polietileno laminada sobre tela con un adhesivo de caucho natural, esta cinta agresiva resiste la curvatura y se desprende limpiamente del rollo incluso cuando se utiliza en trabajos dif\u00edciles. La cinta adhesiva multiuso DT8 de 3M\u2122 est\u00e1 dise\u00f1ada para proporcionar una soluci\u00f3n vers\u00e1til, adaptable y de adhesi\u00f3n r\u00e1pida para aplicaciones exigentes.<\/span><\/p>\n<p><span style=\"font-weight: 400;\">Una cinta con uni\u00f3n instant\u00e1nea.<\/span><\/p>\n<p><span style=\"font-weight: 400;\">Desarrollada originalmente para aplicaciones de calefacci\u00f3n, ventilaci\u00f3n y aire acondicionado (HVAC), la cinta adhesiva se utiliza hoy en d\u00eda en una variedad de entornos de mantenimiento, reparaci\u00f3n y construcci\u00f3n. La cinta adhesiva multiuso DT8 de 3M\u2122 ofrece una alta adhesi\u00f3n instant\u00e1nea junto con una m\u00e1xima adaptabilidad, lo que la convierte en una cinta ideal para superficies contorneadas. Se puede aplicar a temperaturas tan bajas como 40 \u00b0F y usarse a temperaturas tan altas como 150 \u00b0F durante hasta 30 minutos. Esta es la cinta adhesiva de 3M m\u00e1s el\u00e1stica y se adhiere firmemente a una variedad de sustratos, incluidos pl\u00e1stico, vidrio y concreto sellado. (Para aplicaciones que requieren mayor resistencia, consulte la cinta adhesiva para conductos de alta resistencia DT11 de 3M\u2122).<\/span><\/p>\n","protected":false},"excerpt":{"rendered":"<p>Buena resistencia a la tracci\u00f3n para agrupaci\u00f3n, reparaci\u00f3n y sujeci\u00f3n de tareas ligeras.<\/p>\n","protected":false},"featured_media":427,"template":"","meta":{"_acf_changed":false,"content-type":"","_uf_show_specific_survey":0,"_uf_disable_surveys":false},"product_brand":[],"product_cat":[73],"product_tag":[35,97,101],"class_list":{"0":"post-3347","1":"product","2":"type-product","3":"status-publish","4":"has-post-thumbnail","6":"product_cat-cintas-adhesivas-una-sola-cara","7":"product_tag-3m","8":"product_tag-asesoria","9":"product_tag-sin-precio","11":"first","12":"instock","13":"taxable","14":"shipping-taxable","15":"purchasable","16":"product-type-simple"},"acf":[],"_links":{"self":[{"href":"https:\/\/proindesa.com\/index.php?rest_route=\/wp\/v2\/product\/3347","targetHints":{"allow":["GET"]}}],"collection":[{"href":"https:\/\/proindesa.com\/index.php?rest_route=\/wp\/v2\/product"}],"about":[{"href":"https:\/\/proindesa.com\/index.php?rest_route=\/wp\/v2\/types\/product"}],"wp:featuredmedia":[{"embeddable":true,"href":"https:\/\/proindesa.com\/index.php?rest_route=\/wp\/v2\/media\/427"}],"wp:attachment":[{"href":"https:\/\/proindesa.com\/index.php?rest_route=%2Fwp%2Fv2%2Fmedia&parent=3347"}],"wp:term":[{"taxonomy":"product_brand","embeddable":true,"href":"https:\/\/proindesa.com\/index.php?rest_route=%2Fwp%2Fv2%2Fproduct_brand&post=3347"},{"taxonomy":"product_cat","embeddable":true,"href":"https:\/\/proindesa.com\/index.php?rest_route=%2Fwp%2Fv2%2Fproduct_cat&post=3347"},{"taxonomy":"product_tag","embeddable":true,"href":"https:\/\/proindesa.com\/index.php?rest_route=%2Fwp%2Fv2%2Fproduct_tag&post=3347"}],"curies":[{"name":"wp","href":"https:\/\/api.w.org\/{rel}","templated":true}]}}