{"id":3344,"date":"2025-07-30T16:03:23","date_gmt":"2025-07-30T14:03:23","guid":{"rendered":"https:\/\/proindesa.com\/?post_type=product&#038;p=3344"},"modified":"2025-08-13T18:45:39","modified_gmt":"2025-08-13T16:45:39","slug":"cinta-masking-tape-3m-de-alto-desempeno-verde-401-2","status":"publish","type":"product","link":"https:\/\/proindesa.com\/?product=cinta-masking-tape-3m-de-alto-desempeno-verde-401-2","title":{"rendered":"Cinta masking tape 3M de alto desempe\u00f1o verde 401+"},"content":{"rendered":"<p>La cinta adhesiva verde de alto rendimiento 3M\u2122 401+ est\u00e1 dise\u00f1ada para ofrecer l\u00edneas de pintura n\u00edtidas donde las temperaturas de la superficie pueden alcanzar hasta 250 \u00b0F\/121 \u00b0C durante 30 minutos. Esta cinta de papel crep\u00e9 verde es ideal para aplicaciones cr\u00edticas de enmascaramiento de pintura en los mercados automotriz, de veh\u00edculos especiales e industrial, donde se requiere una fuerte sujeci\u00f3n y un rendimiento a alta temperatura.<br \/>\nProbado para ofrecer l\u00edneas de pintura s\u00faper n\u00edtidas.<br \/>\nAl utilizar este adhesivo patentado sin solventes, la cinta se adhiere instant\u00e1neamente a la mayor\u00eda de las superficies, incluidos metal, caucho, vidrio y pl\u00e1stico, as\u00ed como a molduras de caucho tipo EPDM, mientras se retira limpiamente en una sola pieza. Este soporte de papel crep\u00e9 de alta resistencia se adapta a superficies irregulares, resiste el traspaso de la mayor\u00eda de los sistemas de pintura industriales, mejora la visibilidad durante el proceso de enmascaramiento de pintura y le ayuda a lograr l\u00edneas de pintura s\u00faper n\u00edtidas.<\/p>\n<p>La cinta adhesiva verde de alto rendimiento 401+ de 3M\u2122 es una cinta ideal para pintura industrial, incluidas aplicaciones de dos tonos en camiones, autobuses, remolques, trenes, camiones de bomberos, ambulancias y aviones. Es f\u00e1cil de rasgar, lo que ayuda en el manejo, pero es lo suficientemente fuerte como para resistir el corte, lo que permite una extracci\u00f3n de una sola pieza \u00abf\u00e1cil de usar\u00bb. La cinta es adaptable para enmascarar f\u00e1cilmente alrededor de esquinas, contornos y superficies irregulares.<\/p>\n","protected":false},"excerpt":{"rendered":"<p>Dise\u00f1ada para ofrecer l\u00edneas de pintura n\u00edtidas donde las temperaturas de la superficie pueden alcanzar hasta 250 \u00b0F\/121 \u00b0C durante 30 minutos.<\/p>\n","protected":false},"featured_media":393,"template":"","meta":{"_acf_changed":false,"content-type":"","_uf_show_specific_survey":0,"_uf_disable_surveys":false},"product_brand":[],"product_cat":[73],"product_tag":[35,97,101],"class_list":{"0":"post-3344","1":"product","2":"type-product","3":"status-publish","4":"has-post-thumbnail","6":"product_cat-cintas-adhesivas-una-sola-cara","7":"product_tag-3m","8":"product_tag-asesoria","9":"product_tag-sin-precio","11":"first","12":"instock","13":"taxable","14":"shipping-taxable","15":"purchasable","16":"product-type-simple"},"acf":[],"_links":{"self":[{"href":"https:\/\/proindesa.com\/index.php?rest_route=\/wp\/v2\/product\/3344","targetHints":{"allow":["GET"]}}],"collection":[{"href":"https:\/\/proindesa.com\/index.php?rest_route=\/wp\/v2\/product"}],"about":[{"href":"https:\/\/proindesa.com\/index.php?rest_route=\/wp\/v2\/types\/product"}],"wp:featuredmedia":[{"embeddable":true,"href":"https:\/\/proindesa.com\/index.php?rest_route=\/wp\/v2\/media\/393"}],"wp:attachment":[{"href":"https:\/\/proindesa.com\/index.php?rest_route=%2Fwp%2Fv2%2Fmedia&parent=3344"}],"wp:term":[{"taxonomy":"product_brand","embeddable":true,"href":"https:\/\/proindesa.com\/index.php?rest_route=%2Fwp%2Fv2%2Fproduct_brand&post=3344"},{"taxonomy":"product_cat","embeddable":true,"href":"https:\/\/proindesa.com\/index.php?rest_route=%2Fwp%2Fv2%2Fproduct_cat&post=3344"},{"taxonomy":"product_tag","embeddable":true,"href":"https:\/\/proindesa.com\/index.php?rest_route=%2Fwp%2Fv2%2Fproduct_tag&post=3344"}],"curies":[{"name":"wp","href":"https:\/\/api.w.org\/{rel}","templated":true}]}}