{"id":3343,"date":"2025-07-30T16:03:23","date_gmt":"2025-07-30T14:03:23","guid":{"rendered":"https:\/\/proindesa.com\/?post_type=product&#038;p=3343"},"modified":"2025-08-13T18:45:39","modified_gmt":"2025-08-13T16:45:39","slug":"cinta-masking-tape-3m-economico-101-2","status":"publish","type":"product","link":"https:\/\/proindesa.com\/?product=cinta-masking-tape-3m-economico-101-2","title":{"rendered":"Cinta masking tape 3M econ\u00f3mico 101+"},"content":{"rendered":"<p><span style=\"font-weight: 400;\">La cinta de enmascarar Value 101+ de 3M\u2122 es una cinta de papel crep\u00e9 econ\u00f3mica que sujeta, agrupa, sella y realiza otros trabajos de encintado no cr\u00edticos en los que se necesita una cinta sensible a la presi\u00f3n.<\/span><\/p>\n<p><span style=\"font-weight: 400;\">Esta cinta ofrece un desenrollado controlado para evitar que se triture o astille y se rompa f\u00e1cilmente del rollo con la mano.<\/span><span style=\"font-weight: 400;\"><br \/>\n<\/span><span style=\"font-weight: 400;\">Cinta adhesiva econ\u00f3mica 3M\u2122 101+<\/span><\/p>\n<p><span style=\"font-weight: 400;\">Cinta adhesiva para aplicaciones ligeras en interiores.<\/span><span style=\"font-weight: 400;\"><br \/>\n<\/span><span style=\"font-weight: 400;\">La cinta adhesiva 3M\u2122 Value 101+ permanece en su lugar alrededor de las esquinas y sobre superficies contorneadas.<\/span><\/p>\n<p><span style=\"font-weight: 400;\">Nuestro adhesivo de caucho se adhiere instant\u00e1neamente al papel, metal, madera, pl\u00e1stico, vidrio, pintura y otras superficies limpias y resiste levantarse o curvarse.<\/span><\/p>\n<p><span style=\"font-weight: 400;\">Dise\u00f1ada para funcionar mejor en interiores, esta cinta se desenrolla suavemente para facilitar el control. Y una vez finalizado el trabajo, el fuerte respaldo de papel resiste desgarros y astillas no deseados al retirarlo, lo que minimiza la posible frustraci\u00f3n.<\/span><\/p>\n","protected":false},"excerpt":{"rendered":"<p>Esta cinta ofrece un desenrollado controlado para evitar que se triture o astille y se rompa f\u00e1cilmente del rollo con la mano.<\/p>\n","protected":false},"featured_media":423,"template":"","meta":{"_acf_changed":false,"content-type":"","_uf_show_specific_survey":0,"_uf_disable_surveys":false},"product_brand":[],"product_cat":[73],"product_tag":[35,97,101],"class_list":{"0":"post-3343","1":"product","2":"type-product","3":"status-publish","4":"has-post-thumbnail","6":"product_cat-cintas-adhesivas-una-sola-cara","7":"product_tag-3m","8":"product_tag-asesoria","9":"product_tag-sin-precio","11":"first","12":"outofstock","13":"taxable","14":"shipping-taxable","15":"purchasable","16":"product-type-simple"},"acf":[],"_links":{"self":[{"href":"https:\/\/proindesa.com\/index.php?rest_route=\/wp\/v2\/product\/3343","targetHints":{"allow":["GET"]}}],"collection":[{"href":"https:\/\/proindesa.com\/index.php?rest_route=\/wp\/v2\/product"}],"about":[{"href":"https:\/\/proindesa.com\/index.php?rest_route=\/wp\/v2\/types\/product"}],"wp:featuredmedia":[{"embeddable":true,"href":"https:\/\/proindesa.com\/index.php?rest_route=\/wp\/v2\/media\/423"}],"wp:attachment":[{"href":"https:\/\/proindesa.com\/index.php?rest_route=%2Fwp%2Fv2%2Fmedia&parent=3343"}],"wp:term":[{"taxonomy":"product_brand","embeddable":true,"href":"https:\/\/proindesa.com\/index.php?rest_route=%2Fwp%2Fv2%2Fproduct_brand&post=3343"},{"taxonomy":"product_cat","embeddable":true,"href":"https:\/\/proindesa.com\/index.php?rest_route=%2Fwp%2Fv2%2Fproduct_cat&post=3343"},{"taxonomy":"product_tag","embeddable":true,"href":"https:\/\/proindesa.com\/index.php?rest_route=%2Fwp%2Fv2%2Fproduct_tag&post=3343"}],"curies":[{"name":"wp","href":"https:\/\/api.w.org\/{rel}","templated":true}]}}