{"id":3339,"date":"2025-07-30T16:03:23","date_gmt":"2025-07-30T14:03:23","guid":{"rendered":"https:\/\/proindesa.com\/?post_type=product&#038;p=3339"},"modified":"2025-08-13T18:45:38","modified_gmt":"2025-08-13T16:45:38","slug":"tech-hyper-bond-405-11-kleb-lock-2","status":"publish","type":"product","link":"https:\/\/proindesa.com\/?product=tech-hyper-bond-405-11-kleb-lock-2","title":{"rendered":"Tech hyper bond 405.11 kleb-lock"},"content":{"rendered":"<p><span style=\"font-weight: 400;\">Adhesivo instant\u00e1neo de segunda generaci\u00f3n.<\/span><span style=\"font-weight: 400;\"><br \/>\n<\/span><span style=\"font-weight: 400;\">Nuestra l\u00ednea TECH HYPER BOND de KLEB-LOCK\u00ae, ofrece productos que superan expectativas y exceden con suficiencia en su desempe\u00f1o los requerimientos m\u00e1s exigentes y las aplicaciones m\u00e1s cr\u00edticas a nivel industrial. Adem\u00e1s de nuestro impresionante Adhesivo TECH HYPER BOND 405.11, contamos con otras referencias para ampliar el abanico de posibilidades de aplicaci\u00f3n.<\/span><\/p>\n<p><span style=\"font-weight: 400;\">Se adhiere a gran cantidad de sustratos, como pl\u00e1sticos, metales, vinilo, EPD y otros cauchos.<\/span><span style=\"font-weight: 400;\"><br \/>\n<\/span><span style=\"font-weight: 400;\">Adhesivo instant\u00e1neo de \u00faltima generaci\u00f3n a base de Cianoacrilato con f\u00f3rmula reforzada y propiedades extraordinarias de adhesi\u00f3n.<\/span><span style=\"font-weight: 400;\"><br \/>\n<\/span><span style=\"font-weight: 400;\">Dada su viscosidad alta, es ideal para rellenar holguras de hasta 0.15 mm. Es resistente al impacto, resistente al esfuerzo tensil y resistente al peeling, el esfuerzo m\u00e1s extremo al que puede ser sometida una uni\u00f3n.<\/span><\/p>\n<p><span style=\"font-weight: 400;\">Es 6 veces m\u00e1s resistente al impacto y 10 veces m\u00e1s resistente al peeling que un adhesivo instant\u00e1neo convencional.<\/span><\/p>\n<p><span style=\"font-weight: 400;\">Proporciona un desempe\u00f1o extraordinario en uniones que ser\u00e1n sometidas a diversos esfuerzos, adem\u00e1s de soportar un rango de temperatura superior al de los adhesivos de cianoacrilato de la l\u00ednea tradicional, es ideal para adherir con tenacidad cauchos y pl\u00e1sticos dif\u00edciles de adherir a otros sustratos como metales electro tratados que dificultan la adherencia en los procesos de ensamble.<\/span><\/p>\n<p><span style=\"font-weight: 400;\">KLEB-LOCK\u00ae Klebstoffe und Dichtungsmassen ofrece el adhesivo de \u00faltima generaci\u00f3n que prevalece donde otros fracasan.<\/span><\/p>\n<p><span style=\"font-weight: 400;\">Los Adhesivos Instant\u00e1neos son productos de un solo componente de base Cianoacrilato, los cuales reaccionan con la humedad ambiental, la humedad superficial y al contacto entre las partes a adherir, polimerizan en cuesti\u00f3n de segundos garantizando la adhesi\u00f3n de una gran variedad de materiales, permitiendo ser usados de manera exitosa en procesos de producci\u00f3n en serie y actividades de mantenimiento y reparaciones, tienen una alta resistencia a la tracci\u00f3n, al cizallamiento y al impacto.<\/span><\/p>\n<p><span style=\"font-weight: 400;\">Para nuestras l\u00edneas de Adhesivos Instant\u00e1neos, seg\u00fan su tecnolog\u00eda y composici\u00f3n qu\u00edmica, est\u00e1n categorizados en Adhesivos Instant\u00e1neos Tradicionales (I Generaci\u00f3n) y en Adhesivos Instant\u00e1neos Reforzados (II Generaci\u00f3n) componiendo dos l\u00edneas, la L\u00ednea TECH BOND y la L\u00ednea TECH HYPER BOND respectivamente.<\/span><\/p>\n","protected":false},"excerpt":{"rendered":"<p><span style=\"font-weight: 400;\">Es 6 veces m\u00e1s resistente al impacto y 10 veces m\u00e1s resistente al peeling que un adhesivo instant\u00e1neo convencional.<\/span><\/p>\n","protected":false},"featured_media":419,"template":"","meta":{"_acf_changed":false,"content-type":"","_uf_show_specific_survey":0,"_uf_disable_surveys":false},"product_brand":[],"product_cat":[72],"product_tag":[97,36,101],"class_list":{"0":"post-3339","1":"product","2":"type-product","3":"status-publish","4":"has-post-thumbnail","6":"product_cat-adhesivos-adhesivos","7":"product_tag-asesoria","8":"product_tag-kleb-lock","9":"product_tag-sin-precio","11":"first","12":"instock","13":"taxable","14":"shipping-taxable","15":"purchasable","16":"product-type-simple"},"acf":[],"_links":{"self":[{"href":"https:\/\/proindesa.com\/index.php?rest_route=\/wp\/v2\/product\/3339","targetHints":{"allow":["GET"]}}],"collection":[{"href":"https:\/\/proindesa.com\/index.php?rest_route=\/wp\/v2\/product"}],"about":[{"href":"https:\/\/proindesa.com\/index.php?rest_route=\/wp\/v2\/types\/product"}],"wp:featuredmedia":[{"embeddable":true,"href":"https:\/\/proindesa.com\/index.php?rest_route=\/wp\/v2\/media\/419"}],"wp:attachment":[{"href":"https:\/\/proindesa.com\/index.php?rest_route=%2Fwp%2Fv2%2Fmedia&parent=3339"}],"wp:term":[{"taxonomy":"product_brand","embeddable":true,"href":"https:\/\/proindesa.com\/index.php?rest_route=%2Fwp%2Fv2%2Fproduct_brand&post=3339"},{"taxonomy":"product_cat","embeddable":true,"href":"https:\/\/proindesa.com\/index.php?rest_route=%2Fwp%2Fv2%2Fproduct_cat&post=3339"},{"taxonomy":"product_tag","embeddable":true,"href":"https:\/\/proindesa.com\/index.php?rest_route=%2Fwp%2Fv2%2Fproduct_tag&post=3339"}],"curies":[{"name":"wp","href":"https:\/\/api.w.org\/{rel}","templated":true}]}}