{"id":3338,"date":"2025-07-30T16:03:22","date_gmt":"2025-07-30T14:03:22","guid":{"rendered":"https:\/\/proindesa.com\/?post_type=product&#038;p=3338"},"modified":"2025-08-13T18:45:38","modified_gmt":"2025-08-13T16:45:38","slug":"tech-bondsq-14-kleb-lock-2","status":"publish","type":"product","link":"https:\/\/proindesa.com\/?product=tech-bondsq-14-kleb-lock-2","title":{"rendered":"Tech bondsq.14 kleb-lock\u00ae"},"content":{"rendered":"<p><span style=\"font-weight: 400;\">Adhesivo instant\u00e1neo de primera generaci\u00f3n.<\/span><span style=\"font-weight: 400;\"><br \/>\n<\/span><span style=\"font-weight: 400;\">Nuestro producto re\u00fane un amplio espectro de cualidades y caracter\u00edsticas excepcionales, lo que le confiere una capacidad de desempe\u00f1o superior frente a otros productos del mercado, tanto as\u00ed que con el TECH BOND SQ.14 es posible reemplazar y unificar las funcionalidades de varias referencias competidoras con un solo producto.<\/span><\/p>\n<p><span style=\"font-weight: 400;\">Se adhiere a gran cantidad de sustratos, como pl\u00e1sticos, metales, vinilo, EPD y otros cauchos. Klebstoffe und Dichtungsmassen, es el Adhesivo de la l\u00ednea tradicional con Desempe\u00f1o Superior a lo convencional.<\/span><\/p>\n<p><span style=\"font-weight: 400;\">Los Adhesivos Instant\u00e1neos son productos de un solo componente de base Cianoacrilato, los cuales reaccionan con la humedad ambiental, la humedad superficial y al contacto entre las partes a adherir, polimerizan en cuesti\u00f3n de segundos garantizando la adhesi\u00f3n de una gran variedad de materiales, permitiendo ser usados de manera exitosa en procesos de producci\u00f3n en serie y actividades de mantenimiento y reparaciones, tienen una alta resistencia a la tracci\u00f3n, al cizallamiento y al impacto.<\/span><\/p>\n<p><span style=\"font-weight: 400;\">Para nuestras l\u00edneas de Adhesivos Instant\u00e1neos, seg\u00fan su tecnolog\u00eda y composici\u00f3n qu\u00edmica, est\u00e1n categorizados en Adhesivos Instant\u00e1neos Tradicionales (I Generaci\u00f3n) y en Adhesivos Instant\u00e1neos Reforzados (II Generaci\u00f3n) componiendo dos l\u00edneas, la L\u00ednea TECH BOND y la L\u00ednea TECH HYPER BOND respectivamente.<\/span><\/p>\n","protected":false},"excerpt":{"rendered":"<p>Se adhiere a gran cantidad de sustratos, como plasticos, metales, vynil, EPD y otros cauchos.<\/p>\n","protected":false},"featured_media":418,"template":"","meta":{"_acf_changed":false,"content-type":"","_uf_show_specific_survey":0,"_uf_disable_surveys":false},"product_brand":[],"product_cat":[72],"product_tag":[97,36,101],"class_list":{"0":"post-3338","1":"product","2":"type-product","3":"status-publish","4":"has-post-thumbnail","6":"product_cat-adhesivos-adhesivos","7":"product_tag-asesoria","8":"product_tag-kleb-lock","9":"product_tag-sin-precio","11":"first","12":"instock","13":"taxable","14":"shipping-taxable","15":"purchasable","16":"product-type-simple"},"acf":[],"_links":{"self":[{"href":"https:\/\/proindesa.com\/index.php?rest_route=\/wp\/v2\/product\/3338","targetHints":{"allow":["GET"]}}],"collection":[{"href":"https:\/\/proindesa.com\/index.php?rest_route=\/wp\/v2\/product"}],"about":[{"href":"https:\/\/proindesa.com\/index.php?rest_route=\/wp\/v2\/types\/product"}],"wp:featuredmedia":[{"embeddable":true,"href":"https:\/\/proindesa.com\/index.php?rest_route=\/wp\/v2\/media\/418"}],"wp:attachment":[{"href":"https:\/\/proindesa.com\/index.php?rest_route=%2Fwp%2Fv2%2Fmedia&parent=3338"}],"wp:term":[{"taxonomy":"product_brand","embeddable":true,"href":"https:\/\/proindesa.com\/index.php?rest_route=%2Fwp%2Fv2%2Fproduct_brand&post=3338"},{"taxonomy":"product_cat","embeddable":true,"href":"https:\/\/proindesa.com\/index.php?rest_route=%2Fwp%2Fv2%2Fproduct_cat&post=3338"},{"taxonomy":"product_tag","embeddable":true,"href":"https:\/\/proindesa.com\/index.php?rest_route=%2Fwp%2Fv2%2Fproduct_tag&post=3338"}],"curies":[{"name":"wp","href":"https:\/\/api.w.org\/{rel}","templated":true}]}}