{"id":2949,"date":"2025-04-07T20:36:13","date_gmt":"2025-04-07T18:36:13","guid":{"rendered":"https:\/\/proindesa.com\/?post_type=product&#038;p=2949"},"modified":"2025-08-13T18:45:36","modified_gmt":"2025-08-13T16:45:36","slug":"cartucho-secure-click-p100-filtro-de-particulas-d9093c-3m","status":"publish","type":"product","link":"https:\/\/proindesa.com\/?product=cartucho-secure-click-p100-filtro-de-particulas-d9093c-3m","title":{"rendered":"Cartucho secure click p100 filtro de part\u00edculas d9093c 3M\u2122"},"content":{"rendered":"<p class=\"p1\">El cartucho 3M\u2122 Secure Click\u2122 D9093C P100 combina protecci\u00f3n contra part\u00edculas s\u00f3lidas y l\u00edquidas con una eficaz defensa contra vapores org\u00e1nicos y gases \u00e1cidos. Dise\u00f1ado para usarse exclusivamente con respiradores de la Serie 3M\u2122 Secure Click\u2122, este cartucho de alto rendimiento ofrece una soluci\u00f3n integral en un solo componente.<\/p>\n<p class=\"p1\">Gracias a su filtro P100 integrado, proporciona una eficiencia de filtraci\u00f3n del 99.97% contra part\u00edculas, mientras que su tecnolog\u00eda de adsorci\u00f3n qu\u00edmica brinda protecci\u00f3n adicional contra una amplia gama de vapores y gases.<\/p>\n<p class=\"p3\"><b>Caracter\u00edsticas destacadas:<\/b><b><\/b><\/p>\n<p class=\"p4\">\u2022 <span class=\"s1\"><b>Protecci\u00f3n combinada<\/b><\/span>: Contra vapores org\u00e1nicos, gases \u00e1cidos y part\u00edculas con una eficiencia P100 (NIOSH).<\/p>\n<p class=\"p4\">\u2022 <span class=\"s1\"><b>Sistema Secure Click\u2122<\/b><\/span>: Conexi\u00f3n r\u00e1pida, segura y sin complicaciones gracias a su doble punto de anclaje con retroalimentaci\u00f3n t\u00e1ctil y sonora.<\/p>\n<p class=\"p4\">\u2022 <span class=\"s1\"><b>Dise\u00f1o compacto y ergon\u00f3mico<\/b><\/span>: Ofrece mayor comodidad y equilibrio, ideal para largas jornadas de trabajo.<\/p>\n<p class=\"p4\">\u2022 <span class=\"s1\"><b>No requiere retenedores adicionales<\/b><\/span>: Filtro y cartucho integrados en una sola pieza para mayor practicidad.<\/p>\n<p class=\"p4\">\u2022 <span class=\"s1\"><b>Aplicaciones recomendadas<\/b><\/span>: Pintura, limpieza qu\u00edmica, manejo de productos industriales, construcci\u00f3n, manufactura, procesamiento qu\u00edmico, entre otros.<\/p>\n<p class=\"p1\">El cartucho 3M\u2122 D9093C Secure Click\u2122 P100 es una soluci\u00f3n todo en uno para quienes buscan m\u00e1xima protecci\u00f3n respiratoria con la comodidad y seguridad del innovador sistema Secure Click\u2122.<\/p>\n","protected":false},"excerpt":{"rendered":"<p>El cartucho 3M\u2122 Secure Click\u2122 D9093C P100 combina protecci\u00f3n contra part\u00edculas s\u00f3lidas y l\u00edquidas con una eficaz defensa contra vapores org\u00e1nicos y gases \u00e1cidos. Dise\u00f1ado para usarse exclusivamente con respiradores de la Serie 3M\u2122 Secure Click\u2122, este cartucho de alto rendimiento ofrece una soluci\u00f3n integral en un solo componente. Gracias a su filtro P100 integrado, [&hellip;]<\/p>\n","protected":false},"featured_media":2950,"template":"","meta":{"_acf_changed":false,"content-type":"","_uf_show_specific_survey":0,"_uf_disable_surveys":false},"product_brand":[],"product_cat":[115,110],"product_tag":[],"class_list":{"0":"post-2949","1":"product","2":"type-product","3":"status-publish","4":"has-post-thumbnail","6":"product_cat-equipo-de-seguridad-industrial","7":"product_cat-proteccion-respiratoria","9":"first","10":"instock","11":"taxable","12":"shipping-taxable","13":"purchasable","14":"product-type-simple"},"acf":[],"_links":{"self":[{"href":"https:\/\/proindesa.com\/index.php?rest_route=\/wp\/v2\/product\/2949","targetHints":{"allow":["GET"]}}],"collection":[{"href":"https:\/\/proindesa.com\/index.php?rest_route=\/wp\/v2\/product"}],"about":[{"href":"https:\/\/proindesa.com\/index.php?rest_route=\/wp\/v2\/types\/product"}],"wp:featuredmedia":[{"embeddable":true,"href":"https:\/\/proindesa.com\/index.php?rest_route=\/wp\/v2\/media\/2950"}],"wp:attachment":[{"href":"https:\/\/proindesa.com\/index.php?rest_route=%2Fwp%2Fv2%2Fmedia&parent=2949"}],"wp:term":[{"taxonomy":"product_brand","embeddable":true,"href":"https:\/\/proindesa.com\/index.php?rest_route=%2Fwp%2Fv2%2Fproduct_brand&post=2949"},{"taxonomy":"product_cat","embeddable":true,"href":"https:\/\/proindesa.com\/index.php?rest_route=%2Fwp%2Fv2%2Fproduct_cat&post=2949"},{"taxonomy":"product_tag","embeddable":true,"href":"https:\/\/proindesa.com\/index.php?rest_route=%2Fwp%2Fv2%2Fproduct_tag&post=2949"}],"curies":[{"name":"wp","href":"https:\/\/api.w.org\/{rel}","templated":true}]}}