{"id":2931,"date":"2025-04-07T20:05:23","date_gmt":"2025-04-07T18:05:23","guid":{"rendered":"https:\/\/proindesa.com\/?post_type=product&#038;p=2931"},"modified":"2025-08-13T18:45:35","modified_gmt":"2025-08-13T16:45:35","slug":"filtro-para-particulas-7n11-niosh-n95-3m","status":"publish","type":"product","link":"https:\/\/proindesa.com\/?product=filtro-para-particulas-7n11-niosh-n95-3m","title":{"rendered":"Filtro para part\u00edculas 7n11, niosh n95 3M\u2122"},"content":{"rendered":"<p class=\"p1\">Los filtros 3M\u2122 7N11 NIOSH N95 est\u00e1n dise\u00f1ados para ofrecer una protecci\u00f3n confiable contra part\u00edculas s\u00f3lidas y l\u00edquidas que no contienen aceite. Est\u00e1n certificados por NIOSH bajo la clasificaci\u00f3n N95, garantizando una eficiencia de filtraci\u00f3n m\u00ednima del 95%.<\/p>\n<p class=\"p1\">Este filtro se utiliza junto con los cartuchos de las series 6000 y retenedores 3M\u2122 501, formando parte de un sistema modular y altamente adaptable a distintas condiciones de trabajo.<\/p>\n<p class=\"p1\">Caracter\u00edsticas principales:<\/p>\n<p class=\"p3\">\u2022 <span class=\"s1\"><b>Clasificaci\u00f3n N95 aprobada por NIOSH<\/b><\/span>: Alta eficiencia de filtraci\u00f3n para part\u00edculas no aceitosas.<\/p>\n<p class=\"p3\">\u2022 <span class=\"s1\"><b>Compatibilidad modular<\/b><\/span>: Se utiliza con cartuchos 3M\u2122 y el retenedor 501 para mayor versatilidad.<\/p>\n<p class=\"p3\">\u2022 <span class=\"s1\"><b>Dise\u00f1o de bajo perfil<\/b><\/span>: Permite un ajuste c\u00f3modo debajo de caretas y otros equipos de protecci\u00f3n.<\/p>\n<p class=\"p3\">\u2022 <span class=\"s1\"><b>Uso recomendado<\/b><\/span>: Ideal para industrias como la manufactura, la construcci\u00f3n, el procesamiento de alimentos y cualquier actividad con exposici\u00f3n a polvo, nieblas o part\u00edculas sin aceite.<\/p>\n<p class=\"p1\">Una opci\u00f3n confiable para trabajadores que necesitan protecci\u00f3n respiratoria ligera, eficaz y c\u00f3moda en condiciones laborales controladas.<\/p>\n","protected":false},"excerpt":{"rendered":"<p>Los filtros 3M\u2122 7N11 NIOSH N95 est\u00e1n dise\u00f1ados para ofrecer una protecci\u00f3n confiable contra part\u00edculas s\u00f3lidas y l\u00edquidas que no contienen aceite. Est\u00e1n certificados por NIOSH bajo la clasificaci\u00f3n N95, garantizando una eficiencia de filtraci\u00f3n m\u00ednima del 95%. Este filtro se utiliza junto con los cartuchos de las series 6000 y retenedores 3M\u2122 501, formando [&hellip;]<\/p>\n","protected":false},"featured_media":2932,"template":"","meta":{"_acf_changed":false,"content-type":"","_uf_show_specific_survey":0,"_uf_disable_surveys":false},"product_brand":[],"product_cat":[110],"product_tag":[],"class_list":{"0":"post-2931","1":"product","2":"type-product","3":"status-publish","4":"has-post-thumbnail","6":"product_cat-proteccion-respiratoria","8":"first","9":"instock","10":"taxable","11":"shipping-taxable","12":"purchasable","13":"product-type-simple"},"acf":[],"_links":{"self":[{"href":"https:\/\/proindesa.com\/index.php?rest_route=\/wp\/v2\/product\/2931","targetHints":{"allow":["GET"]}}],"collection":[{"href":"https:\/\/proindesa.com\/index.php?rest_route=\/wp\/v2\/product"}],"about":[{"href":"https:\/\/proindesa.com\/index.php?rest_route=\/wp\/v2\/types\/product"}],"wp:featuredmedia":[{"embeddable":true,"href":"https:\/\/proindesa.com\/index.php?rest_route=\/wp\/v2\/media\/2932"}],"wp:attachment":[{"href":"https:\/\/proindesa.com\/index.php?rest_route=%2Fwp%2Fv2%2Fmedia&parent=2931"}],"wp:term":[{"taxonomy":"product_brand","embeddable":true,"href":"https:\/\/proindesa.com\/index.php?rest_route=%2Fwp%2Fv2%2Fproduct_brand&post=2931"},{"taxonomy":"product_cat","embeddable":true,"href":"https:\/\/proindesa.com\/index.php?rest_route=%2Fwp%2Fv2%2Fproduct_cat&post=2931"},{"taxonomy":"product_tag","embeddable":true,"href":"https:\/\/proindesa.com\/index.php?rest_route=%2Fwp%2Fv2%2Fproduct_tag&post=2931"}],"curies":[{"name":"wp","href":"https:\/\/api.w.org\/{rel}","templated":true}]}}