{"id":2906,"date":"2025-04-01T00:40:39","date_gmt":"2025-03-31T22:40:39","guid":{"rendered":"https:\/\/proindesa.com\/?post_type=product&#038;p=2906"},"modified":"2025-08-13T18:45:34","modified_gmt":"2025-08-13T16:45:34","slug":"lentes-de-seguridad-3m-securefit-sf401af-transparente-antiempano","status":"publish","type":"product","link":"https:\/\/proindesa.com\/?product=lentes-de-seguridad-3m-securefit-sf401af-transparente-antiempano","title":{"rendered":"Lentes de seguridad 3M\u2122 securefit\u2122 sf401af, transparente antiempa\u00f1o"},"content":{"rendered":"<div class=\"sps2-pdp_pSelector--container\">\n<div class=\"sps2-pdp_pSelector--miniTable sps2-pdp_pSelector--miniTable_centered\">\n<div class=\"mds-dataTable_container\">\n<table class=\"mds-dataTable  \" role=\"table\">\n<tbody class=\"mds-dataTable_body \" role=\"rowgroup\">\n<tr class=\"mds-dataTable_row mds-font_body tr\" role=\"row\">\n<td class=\"mds-dataTable_cell  \" role=\"cell\">Color de las Lentes<\/td>\n<td class=\"mds-dataTable_cell  \" role=\"cell\">Transparente<\/td>\n<\/tr>\n<tr class=\"mds-dataTable_row mds-font_body tr\" role=\"row\">\n<td class=\"mds-dataTable_cell  \" role=\"cell\">Serie de Producto<\/td>\n<td class=\"mds-dataTable_cell  \" role=\"cell\">400<\/td>\n<\/tr>\n<tr class=\"mds-dataTable_row mds-font_body tr\" role=\"row\">\n<td class=\"mds-dataTable_cell  \" role=\"cell\">Tipo de Sello<\/td>\n<td class=\"mds-dataTable_cell  \" role=\"cell\">Sin Sello<\/td>\n<\/tr>\n<tr class=\"mds-dataTable_row mds-font_body tr\" role=\"row\">\n<td class=\"mds-dataTable_cell  \" role=\"cell\">Revestimiento de las Lentes<\/td>\n<td class=\"mds-dataTable_cell  \" role=\"cell\">Antirrayadura y Antiempa\u00f1amiento<\/td>\n<\/tr>\n<tr class=\"mds-dataTable_row mds-font_body tr\" role=\"row\">\n<td class=\"mds-dataTable_cell  \" role=\"cell\">Material del Marco<\/td>\n<td class=\"mds-dataTable_cell  \" role=\"cell\">Pl\u00e1stico<\/td>\n<\/tr>\n<tr class=\"mds-dataTable_row mds-font_body tr\" role=\"row\">\n<td class=\"mds-dataTable_cell  \" role=\"cell\">Color de Las Patillas<\/td>\n<td class=\"mds-dataTable_cell  \" role=\"cell\">Transparente<\/td>\n<\/tr>\n<\/tbody>\n<\/table>\n<\/div>\n<\/div>\n<\/div>\n<div class=\"sps2-pdp_description--benefits\">\n<p class=\"mds-font_body sps2-pdp_description--benefit\">Tecnolog\u00eda de Difusi\u00f3n de Presi\u00f3n de Patillas 3M\u2122 permite que las patillas se ajusten naturalmente a los distintos tama\u00f1os de cabeza, lo que reduce la necesidad de tener varios tama\u00f1os del lente en los lugares de trabajo<\/p>\n<p class=\"mds-font_body sps2-pdp_description--benefit\">Con un dise\u00f1o ligero, ayuda a proporcionar una protecci\u00f3n ocular c\u00f3moda y duradera<\/p>\n<p class=\"mds-font_body sps2-pdp_description--benefit\">Los puntos acolchados de contacto de las patillas y las almohadillas nasales suaves y ajustables brindan mayor comodidad para un uso prolongado<\/p>\n<h3 class=\"mds-font_header--3\" tabindex=\"-1\">Detalles<\/h3>\n<div class=\"sps2-pdp_details--white_container undefined\">\n<div>\n<h5 class=\"mds-margin_large--bottom mds-font_header--5\">Destacados<\/h5>\n<ul class=\"sps2-pdp_details--highlights_list\">\n<li class=\"sps2-pdp_details--highlights_item mds-font_paragraph\">Tecnolog\u00eda de Difusi\u00f3n de Presi\u00f3n de Patillas 3M\u2122 permite que las patillas se ajusten naturalmente a los distintos tama\u00f1os de cabeza, lo que reduce la necesidad de tener varios tama\u00f1os del lente en los lugares de trabajo<\/li>\n<li class=\"sps2-pdp_details--highlights_item mds-font_paragraph\">Con un dise\u00f1o ligero, ayuda a proporcionar una protecci\u00f3n ocular c\u00f3moda y duradera<\/li>\n<li class=\"sps2-pdp_details--highlights_item mds-font_paragraph\">Los puntos acolchados de contacto de las patillas y las almohadillas nasales suaves y ajustables brindan mayor comodidad para un uso prolongado<\/li>\n<li class=\"sps2-pdp_details--highlights_item mds-font_paragraph\">El ajuste ce\u00f1ido y seguro ayuda a mantener las gafas en su lugar sin deslizamientos incluso cuando la persona est\u00e1 en movimiento<\/li>\n<li class=\"sps2-pdp_details--highlights_item mds-font_paragraph\">Junta de espuma opcional disponible para modelos sin protector de cejas<\/li>\n<li class=\"sps2-pdp_details--highlights_item mds-font_paragraph\">Elija entre modelos con revestimiento antiempa\u00f1o, antiempa\u00f1o\/antirrayas o Recubrimiento Protector Antiempa\u00f1o 3M\u2122 Scotchgard\u2122 opcional<\/li>\n<li class=\"sps2-pdp_details--highlights_item mds-font_paragraph\">Disponible en m\u00faltiples opciones de tinte de color\/lente<\/li>\n<li class=\"sps2-pdp_details--highlights_item mds-font_paragraph\">Las lentes de policarbonato absorben el 99,9% de los rayos UVA y UVB<\/li>\n<\/ul>\n<p>Descubra el siguiente nivel de comodidad y protecci\u00f3n con los lentes 3M\u2122 SecureFit\u2122 Serie 400, dise\u00f1ados con la innovadora tecnolog\u00eda 3M\u2122 de Difusi\u00f3n de Presi\u00f3n de Patillas. Estos lentes cuentan con un puente nasal suave de una sola pieza, patillas de doble inyecci\u00f3n y una amplia variedad de opciones, que incluyen diferentes colores de lentes, revestimientos premium, insertos para prescripci\u00f3n, entre otros.<\/p>\n<p><strong>Tecnolog\u00eda 3M\u2122 de Difusi\u00f3n de Presi\u00f3n de Patillas<\/strong> Este avanzado dise\u00f1o incorpora ranuras acostilladas que distribuyen la presi\u00f3n de manera uniforme, permitiendo que las patillas se adapten autom\u00e1ticamente al tama\u00f1o y la forma de la cabeza del usuario, ofreciendo mayor comodidad.<\/p>\n<p><strong>Patillas curvas para un ajuste seguro<\/strong> El dise\u00f1o ergon\u00f3mico de las patillas aplica presi\u00f3n en la parte posterior de la cabeza, una zona menos sensible que las sienes, lo que asegura un ajuste estable y c\u00f3modo, incluso durante movimientos r\u00e1pidos.<\/p>\n<p><strong>Elija el recubrimiento ideal<\/strong> Para evitar las molestias que ocasionan los lentes empa\u00f1ados, seleccione entre modelos con revestimiento antiempa\u00f1o, antiempa\u00f1o y antirrayas, o con el Recubrimiento Protector Antiempa\u00f1o 3M\u2122 Scotchgard\u2122, disponible como opci\u00f3n adicional.<\/p>\n<p>Con esta combinaci\u00f3n de caracter\u00edsticas avanzadas, los lentes 3M\u2122 SecureFit\u2122 Serie 400 ofrecen comodidad, durabilidad y un rendimiento excepcional en distintas condiciones.<\/p>\n<p>&nbsp;<\/p>\n<\/div>\n<\/div>\n<\/div>\n","protected":false},"excerpt":{"rendered":"<p>Color de las Lentes Transparente Serie de Producto 400 Tipo de Sello Sin Sello Revestimiento de las Lentes Antirrayadura y Antiempa\u00f1amiento Material del Marco Pl\u00e1stico Color de Las Patillas Transparente Tecnolog\u00eda de Difusi\u00f3n de Presi\u00f3n de Patillas 3M\u2122 permite que las patillas se ajusten naturalmente a los distintos tama\u00f1os de cabeza, lo que reduce la [&hellip;]<\/p>\n","protected":false},"featured_media":2913,"template":"","meta":{"_acf_changed":false,"content-type":"","_uf_show_specific_survey":0,"_uf_disable_surveys":false},"product_brand":[],"product_cat":[115,121],"product_tag":[35,126,127,129,128],"class_list":{"0":"post-2906","1":"product","2":"type-product","3":"status-publish","4":"has-post-thumbnail","6":"product_cat-equipo-de-seguridad-industrial","7":"product_cat-proteccion-de-ojos-y-cabeza","8":"product_tag-3m","9":"product_tag-401af","10":"product_tag-lentes-3m","11":"product_tag-proindesa","12":"product_tag-seguridad-industrial-3m","14":"first","15":"instock","16":"taxable","17":"shipping-taxable","18":"purchasable","19":"product-type-simple"},"acf":[],"_links":{"self":[{"href":"https:\/\/proindesa.com\/index.php?rest_route=\/wp\/v2\/product\/2906","targetHints":{"allow":["GET"]}}],"collection":[{"href":"https:\/\/proindesa.com\/index.php?rest_route=\/wp\/v2\/product"}],"about":[{"href":"https:\/\/proindesa.com\/index.php?rest_route=\/wp\/v2\/types\/product"}],"wp:featuredmedia":[{"embeddable":true,"href":"https:\/\/proindesa.com\/index.php?rest_route=\/wp\/v2\/media\/2913"}],"wp:attachment":[{"href":"https:\/\/proindesa.com\/index.php?rest_route=%2Fwp%2Fv2%2Fmedia&parent=2906"}],"wp:term":[{"taxonomy":"product_brand","embeddable":true,"href":"https:\/\/proindesa.com\/index.php?rest_route=%2Fwp%2Fv2%2Fproduct_brand&post=2906"},{"taxonomy":"product_cat","embeddable":true,"href":"https:\/\/proindesa.com\/index.php?rest_route=%2Fwp%2Fv2%2Fproduct_cat&post=2906"},{"taxonomy":"product_tag","embeddable":true,"href":"https:\/\/proindesa.com\/index.php?rest_route=%2Fwp%2Fv2%2Fproduct_tag&post=2906"}],"curies":[{"name":"wp","href":"https:\/\/api.w.org\/{rel}","templated":true}]}}