{"id":2901,"date":"2025-04-01T00:04:23","date_gmt":"2025-03-31T22:04:23","guid":{"rendered":"https:\/\/proindesa.com\/?post_type=product&#038;p=2901"},"modified":"2025-08-13T18:45:34","modified_gmt":"2025-08-13T16:45:34","slug":"cartucho-vapores-organicos-gases-acidos-3m-6003-07047","status":"publish","type":"product","link":"https:\/\/proindesa.com\/?product=cartucho-vapores-organicos-gases-acidos-3m-6003-07047","title":{"rendered":"Cartucho vapores org\u00e1nicos \/ gases \u00c1cidos, 3M\u2122, 6003 \/ 07047"},"content":{"rendered":"<h5 class=\"mds-margin_large--bottom mds-font_header--5\">Destacados<\/h5>\n<ul class=\"sps2-pdp_details--highlights_list\">\n<li class=\"sps2-pdp_details--highlights_item mds-font_paragraph\">Aprobaci\u00f3n NIOSH<\/li>\n<li class=\"sps2-pdp_details--highlights_item mds-font_paragraph\">Cartucho para vapor org\u00e1nico o gas \u00e1cido<\/li>\n<li class=\"sps2-pdp_details--highlights_item mds-font_paragraph\">Utilizar con Respiradores Reutilizables 3M\u2122<\/li>\n<li class=\"sps2-pdp_details--highlights_item mds-font_paragraph\">Dise\u00f1o swept-back para mejora del campo de visi\u00f3n y el equilibrio<\/li>\n<li class=\"sps2-pdp_details--highlights_item mds-font_paragraph\">60 piezas por cart\u00f3n<\/li>\n<li class=\"sps2-pdp_details--highlights_item mds-font_paragraph\">Cuarto de vuelta para una instalaci\u00f3n r\u00e1pida y sencilla<\/li>\n<li class=\"sps2-pdp_details--highlights_item mds-font_paragraph\">La amplia gama de aplicaciones puede reducir las necesidades de inventario<\/li>\n<li class=\"sps2-pdp_details--highlights_item mds-font_paragraph\">\u00daselos para protecci\u00f3n en entornos peligrosos. Solo para uso ocupacional\/en el lugar de trabajo<\/li>\n<\/ul>\n<p class=\"mds-font_paragraph MMM--gapBottom\">Brinda protecci\u00f3n respiratoria contra ciertos vapores org\u00e1nicos o gases \u00e1cidos. Aprobado por NIOSH contra no mas de 500 p.p.m de vapores org\u00e1nicos, 5p.p.m. de cloro, 25 p.p.m. de cloruro de hidrogeno y 25 p.p.m. de di\u00f3xido de azufre. Se usa con los respiradores de media cara y cara completa 3M con soporte de filtro de bayoneta.<\/p>\n<p class=\"mds-font_paragraph\">El cartucho y filtro para vapores org\u00e1nicos y gases \u00e1cidos 6003 de 3M\u2122 brinda protecci\u00f3n contra ciertas part\u00edculas y vapores org\u00e1nicos en diferentes ambientes. Cuando se usa de forma apropiada con un respirador 3M aprobado, este cartucho de respirador brinda protecci\u00f3n respiratoria contra ciertos vapores org\u00e1nicos, cloro, cloruro de hidr\u00f3geno, di\u00f3xido de azufre, di\u00f3xido de cloro, sulfuro de hidr\u00f3geno o fluoruro de hidr\u00f3geno. El cartucho se puede utilizar para concentraciones de vapor hasta diez veces por encima del l\u00edmite de exposici\u00f3n permisible (PEL, por sus siglas en ingl\u00e9s) con las piezas faciales medias o hasta 50 veces sobre el PEL con piezas faciales completas que hayan sido sujetas a pruebas de ajuste cuantitativo. Las aplicaciones recomendadas para el cartucho incluyen el ensamble y la mec\u00e1nica, la carga de material, los cambios, la distribuci\u00f3n de productos qu\u00edmicos, la limpieza, el aseo, la manipulaci\u00f3n, la pintura, la limpieza de piezas, la aplicaci\u00f3n de pesticidas, el polvo y los procesos de aplicaci\u00f3n de selladores. Las necesidades de inventario y los requisitos de capacitaci\u00f3n para el equipo de seguridad se reducen porque esta selecci\u00f3n de cartuchos de respiradores funcionan para muchas aplicaciones distintas. Este cartucho se usa con frecuencia en los siguientes sectores: agricultura, reducci\u00f3n de aluminio, fabricaci\u00f3n de productos qu\u00edmicos, laboratorios, petroqu\u00edmicos, farmac\u00e9uticos, procesamiento de celulosa, procesamiento de papel y servicios p\u00fablicos. Este cartucho para vapor org\u00e1nico y gas \u00e1cido funciona con piezas faciales medias y completas serie 6000, 7000 y FF-400 de 3M \u2122 con soportes de bayoneta. El cartucho est\u00e1 aprobado por el NIOSH (Instituto Nacional para la Seguridad y Salud Ocupacional) para ambientes que contienen ciertos vapores org\u00e1nicos y gases \u00e1cidos. Este cartucho no debe usarse en entornos que sean inmediatamente peligrosos para la vida o la salud (IDLH, por sus siglas en ingl\u00e9s). El cartucho tiene el c\u00f3digo de color \u00abamarillo\u00bb en el sistema del NIOSH. Respirar vapores org\u00e1nicos y gases \u00e1cidos puede representar un riesgo para la salud. El NIOSH es una agencia reguladora del gobierno federal que prob\u00f3 y aprob\u00f3 el cartucho para vapores org\u00e1nicos y gases \u00e1cidos 6003 de 3M\u2122, el cual est\u00e1 dise\u00f1ado para ayudar a reducir la exposici\u00f3n a ciertos vapores org\u00e1nicos y gases \u00e1cidos.<\/p>\n<p>&nbsp;<\/p>\n<h3 class=\"mds-font_header--3\" tabindex=\"-1\">Propiedades T\u00edpicas<\/h3>\n<div class=\"mds-accordion--hover\">\n<div class=\"mds-accordion_heading\">\n<h3 class=\"mds-accordion_title--tag\">Detalles<\/h3>\n<p>&nbsp;<\/p>\n<\/div>\n<div id=\"accordion-content-Detalles\" class=\"mds-accordion_content--container\" role=\"region\" aria-labelledby=\"accordion-id-Detalles\">\n<div class=\"\">\n<div class=\"mds-dataTable_container\">\n<table class=\"mds-dataTable \" role=\"table\">\n<tbody class=\"mds-dataTable_body \" role=\"rowgroup\">\n<tr class=\"mds-dataTable_row mds-font_body tr\" role=\"row\">\n<td class=\"mds-dataTable_cell \" role=\"cell\">\n<p class=\"sps2-pdp_specifications--table_label\">Aplicaci\u00f3n Recomendada<\/p>\n<\/td>\n<td class=\"mds-dataTable_cell \" role=\"cell\">\n<p class=\"sps2-pdp_specifications--table_values sps2-pdp_wrap--700\">Cambio de Formatos, Revestimiento, Pintura, Limpieza, Carga de Lotes, Montaje y Mec\u00e1nico, Limpieza de Piezas, Polvo, Aplicaci\u00f3n de Pesticidas, Dispensaci\u00f3n Qu\u00edmica, Manipulaci\u00f3n, Limpieza, Vertido de Metal Fundido, Limpieza Qu\u00edmica, Mantenimiento, Manufactura, Productos Farmac\u00e9uticos, Acabado de composite, Laboratorios, Fabricaci\u00f3n Qu\u00edmica, Fertilizaci\u00f3n, Operaciones de Acabado, Acabado Final, Soldadura, Preparaci\u00f3n de Pintura<\/p>\n<\/td>\n<\/tr>\n<tr class=\"mds-dataTable_row mds-font_body tr\" role=\"row\">\n<td class=\"mds-dataTable_cell \" role=\"cell\">\n<p class=\"sps2-pdp_specifications--table_label\">Cantidad Por Caja<\/p>\n<\/td>\n<td class=\"mds-dataTable_cell \" role=\"cell\">\n<p class=\"sps2-pdp_specifications--table_values sps2-pdp_wrap--700\">60\/case<\/p>\n<\/td>\n<\/tr>\n<tr class=\"mds-dataTable_row mds-font_body tr\" role=\"row\">\n<td class=\"mds-dataTable_cell \" role=\"cell\">\n<p class=\"sps2-pdp_specifications--table_label\">Caracter\u00edsticas<\/p>\n<\/td>\n<td class=\"mds-dataTable_cell \" role=\"cell\">\n<p class=\"sps2-pdp_specifications--table_values sps2-pdp_wrap--700\">Perfil bajo<\/p>\n<\/td>\n<\/tr>\n<tr class=\"mds-dataTable_row mds-font_body tr\" role=\"row\">\n<td class=\"mds-dataTable_cell \" role=\"cell\">\n<p class=\"sps2-pdp_specifications--table_label\">C\u00f3digo de Color Asignado Cartucho NIOSH o Filtro<\/p>\n<\/td>\n<td class=\"mds-dataTable_cell \" role=\"cell\">\n<p class=\"sps2-pdp_specifications--table_values sps2-pdp_wrap--700\">Amarillo<\/p>\n<\/td>\n<\/tr>\n<tr class=\"mds-dataTable_row mds-font_body tr\" role=\"row\">\n<td class=\"mds-dataTable_cell \" role=\"cell\">\n<p class=\"sps2-pdp_specifications--table_label\">C\u00f3digo del producto<\/p>\n<\/td>\n<td class=\"mds-dataTable_cell \" role=\"cell\">\n<p class=\"sps2-pdp_specifications--table_values sps2-pdp_wrap--700\">6003<\/p>\n<\/td>\n<\/tr>\n<tr class=\"mds-dataTable_row mds-font_body tr\" role=\"row\">\n<td class=\"mds-dataTable_cell \" role=\"cell\">\n<p class=\"sps2-pdp_specifications--table_label\">Especificaciones Cumplidas<\/p>\n<\/td>\n<td class=\"mds-dataTable_cell \" role=\"cell\">\n<p class=\"sps2-pdp_specifications--table_values sps2-pdp_wrap--700\">Cloro, Sulfuro de Hidr\u00f3geno, Cloruro de Hidr\u00f3geno, Di\u00f3xido de Azufre, Fluoruro de Hidr\u00f3geno, Di\u00f3xido de Cloro, Vapor Org\u00e1nico<\/p>\n<\/td>\n<\/tr>\n<tr class=\"mds-dataTable_row mds-font_body tr\" role=\"row\">\n<td class=\"mds-dataTable_cell \" role=\"cell\">\n<p class=\"sps2-pdp_specifications--table_label\">Industria Recomendada<\/p>\n<\/td>\n<td class=\"mds-dataTable_cell \" role=\"cell\">\n<p class=\"sps2-pdp_specifications--table_values sps2-pdp_wrap--700\">Seguridad alimentaria, Saneamiento de instalaciones, Miner\u00eda, Naval, Manufactura en General, Petr\u00f3leo y Gas, Procesamiento de Alimentos, Transportes<\/p>\n<\/td>\n<\/tr>\n<tr class=\"mds-dataTable_row mds-font_body tr\" role=\"row\">\n<td class=\"mds-dataTable_cell \" role=\"cell\">\n<p class=\"sps2-pdp_specifications--table_label\">Marcas<\/p>\n<\/td>\n<td class=\"mds-dataTable_cell \" role=\"cell\">\n<p class=\"sps2-pdp_specifications--table_values sps2-pdp_wrap--700\">3M\u2122<\/p>\n<\/td>\n<\/tr>\n<tr class=\"mds-dataTable_row mds-font_body tr\" role=\"row\">\n<td class=\"mds-dataTable_cell \" role=\"cell\">\n<p class=\"sps2-pdp_specifications--table_label\">Para Utilizar Con<\/p>\n<\/td>\n<td class=\"mds-dataTable_cell \" role=\"cell\">\n<p class=\"sps2-pdp_specifications--table_values sps2-pdp_wrap--700\">Respiradores Reutilizables<\/p>\n<\/td>\n<\/tr>\n<tr class=\"mds-dataTable_row mds-font_body tr\" role=\"row\">\n<td class=\"mds-dataTable_cell \" role=\"cell\">\n<p class=\"sps2-pdp_specifications--table_label\">Prop\u00f3sito<\/p>\n<\/td>\n<td class=\"mds-dataTable_cell \" role=\"cell\">\n<p class=\"sps2-pdp_specifications--table_values sps2-pdp_wrap--700\">Filtros &amp; Cubiertas<\/p>\n<\/td>\n<\/tr>\n<tr class=\"mds-dataTable_row mds-font_body tr\" role=\"row\">\n<td class=\"mds-dataTable_cell \" role=\"cell\">\n<p class=\"sps2-pdp_specifications--table_label\">Respirator Compatibility<\/p>\n<\/td>\n<td class=\"mds-dataTable_cell \" role=\"cell\">\n<p class=\"sps2-pdp_specifications--table_values sps2-pdp_wrap--700\">M\u00e1scara facial completa 3M\u2122 Serie FF-400, M\u00e1scara facial completa 3M\u2122 Scott\u2122 AV-3000 HT, M\u00e1scara facial completa 3M\u2122 Scott\u2122 AV-3000 SureSeal, M\u00e1scara facial completa 3M\u2122 Serie 6000, Media m\u00e1scara facial 3M\u2122 serie 6000, Media m\u00e1scara facial resistente y c\u00f3moda 3M\u2122 Serie 6500, Media m\u00e1scara facial 3M\u2122 serie 7500, M\u00e1scara facial completa 3M\u2122 Serie 7800S<\/p>\n<\/td>\n<\/tr>\n<tr class=\"mds-dataTable_row mds-font_body tr\" role=\"row\">\n<td class=\"mds-dataTable_cell \" role=\"cell\">\n<p class=\"sps2-pdp_specifications--table_label\">Serie de Producto<\/p>\n<\/td>\n<td class=\"mds-dataTable_cell \" role=\"cell\">\n<p class=\"sps2-pdp_specifications--table_values sps2-pdp_wrap--700\">FF-400, 6000, Rugged Comfort 6500, 7000, 7500, 7800S<\/p>\n<\/td>\n<\/tr>\n<tr class=\"mds-dataTable_row mds-font_body tr\" role=\"row\">\n<td class=\"mds-dataTable_cell \" role=\"cell\">\n<p class=\"sps2-pdp_specifications--table_label\">Tipo de Cartucho O Filtro<\/p>\n<\/td>\n<td class=\"mds-dataTable_cell \" role=\"cell\">\n<p class=\"sps2-pdp_specifications--table_values sps2-pdp_wrap--700\">Gas \u00e1cido, Vapor Org\u00e1nico<\/p>\n<\/td>\n<\/tr>\n<tr class=\"mds-dataTable_row mds-font_body tr\" role=\"row\">\n<td class=\"mds-dataTable_cell \" role=\"cell\">\n<p class=\"sps2-pdp_specifications--table_label\">Tipo de Conexi\u00f3n<\/p>\n<\/td>\n<td class=\"mds-dataTable_cell \" role=\"cell\">\n<p class=\"sps2-pdp_specifications--table_values sps2-pdp_wrap--700\">Bayoneta<\/p>\n<\/td>\n<\/tr>\n<tr class=\"mds-dataTable_row mds-font_body tr\" role=\"row\">\n<td class=\"mds-dataTable_cell \" role=\"cell\">\n<p class=\"sps2-pdp_specifications--table_label\">Tipo de Producto<\/p>\n<\/td>\n<td class=\"mds-dataTable_cell \" role=\"cell\">\n<p class=\"sps2-pdp_specifications--table_values sps2-pdp_wrap--700\">Cartucho<\/p>\n<\/td>\n<\/tr>\n<tr class=\"mds-dataTable_row mds-font_body tr\" role=\"row\">\n<td class=\"mds-dataTable_cell \" role=\"cell\">\n<p class=\"sps2-pdp_specifications--table_label\">Tipo de Protecci\u00f3n Gas y Vapor<\/p>\n<\/td>\n<td class=\"mds-dataTable_cell \" role=\"cell\">\n<p class=\"sps2-pdp_specifications--table_values sps2-pdp_wrap--700\">Sulfuro de Hidr\u00f3geno, Fluoruro de Hidr\u00f3geno, Vapores org\u00e1nicos determinados, Di\u00f3xido de Azufre, Cloruro de Hidr\u00f3geno, Cloro<\/p>\n<\/td>\n<\/tr>\n<\/tbody>\n<\/table>\n<\/div>\n<\/div>\n<\/div>\n<\/div>\n","protected":false},"excerpt":{"rendered":"<p>Destacados Aprobaci\u00f3n NIOSH Cartucho para vapor org\u00e1nico o gas \u00e1cido Utilizar con Respiradores Reutilizables 3M\u2122 Dise\u00f1o swept-back para mejora del campo de visi\u00f3n y el equilibrio 60 piezas por cart\u00f3n Cuarto de vuelta para una instalaci\u00f3n r\u00e1pida y sencilla La amplia gama de aplicaciones puede reducir las necesidades de inventario \u00daselos para protecci\u00f3n en entornos [&hellip;]<\/p>\n","protected":false},"featured_media":2905,"template":"","meta":{"_acf_changed":false,"content-type":"","_uf_show_specific_survey":0,"_uf_disable_surveys":false},"product_brand":[],"product_cat":[115,110],"product_tag":[],"class_list":{"0":"post-2901","1":"product","2":"type-product","3":"status-publish","4":"has-post-thumbnail","6":"product_cat-equipo-de-seguridad-industrial","7":"product_cat-proteccion-respiratoria","9":"first","10":"instock","11":"taxable","12":"shipping-taxable","13":"purchasable","14":"product-type-simple"},"acf":[],"_links":{"self":[{"href":"https:\/\/proindesa.com\/index.php?rest_route=\/wp\/v2\/product\/2901","targetHints":{"allow":["GET"]}}],"collection":[{"href":"https:\/\/proindesa.com\/index.php?rest_route=\/wp\/v2\/product"}],"about":[{"href":"https:\/\/proindesa.com\/index.php?rest_route=\/wp\/v2\/types\/product"}],"wp:featuredmedia":[{"embeddable":true,"href":"https:\/\/proindesa.com\/index.php?rest_route=\/wp\/v2\/media\/2905"}],"wp:attachment":[{"href":"https:\/\/proindesa.com\/index.php?rest_route=%2Fwp%2Fv2%2Fmedia&parent=2901"}],"wp:term":[{"taxonomy":"product_brand","embeddable":true,"href":"https:\/\/proindesa.com\/index.php?rest_route=%2Fwp%2Fv2%2Fproduct_brand&post=2901"},{"taxonomy":"product_cat","embeddable":true,"href":"https:\/\/proindesa.com\/index.php?rest_route=%2Fwp%2Fv2%2Fproduct_cat&post=2901"},{"taxonomy":"product_tag","embeddable":true,"href":"https:\/\/proindesa.com\/index.php?rest_route=%2Fwp%2Fv2%2Fproduct_tag&post=2901"}],"curies":[{"name":"wp","href":"https:\/\/api.w.org\/{rel}","templated":true}]}}