{"id":2896,"date":"2025-03-31T23:46:46","date_gmt":"2025-03-31T21:46:46","guid":{"rendered":"https:\/\/proindesa.com\/?post_type=product&#038;p=2896"},"modified":"2025-08-13T18:45:33","modified_gmt":"2025-08-13T16:45:33","slug":"cartucho-vapores-organicos-3m-6001-con-carbon-activado","status":"publish","type":"product","link":"https:\/\/proindesa.com\/?product=cartucho-vapores-organicos-3m-6001-con-carbon-activado","title":{"rendered":"Cartucho vapores org\u00e1nicos 3M\u2122, 6001 con carbon activado"},"content":{"rendered":"<ul class=\"sps2-pdp_details--highlights_list\">\n<li class=\"sps2-pdp_details--highlights_item mds-font_paragraph\">Aprobaci\u00f3n NIOSH<\/li>\n<li class=\"sps2-pdp_details--highlights_item mds-font_paragraph\">Cartucho para vapor org\u00e1nico<\/li>\n<li class=\"sps2-pdp_details--highlights_item mds-font_paragraph\">Utilizar con Respiradores Reutilizables 3M\u2122<\/li>\n<li class=\"sps2-pdp_details--highlights_item mds-font_paragraph\">Dise\u00f1o swept-back para mejora del campo de visi\u00f3n y el equilibrio<\/li>\n<li class=\"sps2-pdp_details--highlights_item mds-font_paragraph\">60 piezas por cart\u00f3n<\/li>\n<li class=\"sps2-pdp_details--highlights_item mds-font_paragraph\">Cuarto de vuelta para una instalaci\u00f3n r\u00e1pida y sencilla<\/li>\n<li class=\"sps2-pdp_details--highlights_item mds-font_paragraph\">La amplia gama de aplicaciones puede reducir las necesidades de inventario<\/li>\n<li class=\"sps2-pdp_details--highlights_item mds-font_paragraph\">\u00daselos para protecci\u00f3n en entornos peligrosos. Solo para uso ocupacional\/en el lugar de trabajo<\/li>\n<\/ul>\n<p class=\"mds-font_paragraph MMM--gapBottom\">Brinda protecci\u00f3n respiratoria contra ciertos vapores org\u00e1nicos y algunos alcoholes (excepto metanol), algunas acetonas, algunos solventes (excepto cloruro de metileno, tetrafluoretileno, propionaldeh\u00eddo y otros), etc. Aprobado por NIOSH contra no m\u00e1s de 1000 p.p.m de ciertos vapores org\u00e1nicos. Se usa con los respiradores de media cara y cara completa 3M con soporte de filtro de bayoneta.<\/p>\n<p class=\"mds-font_paragraph\">El uso en una variedad de aplicaciones el lugar de trabajo, incluyendo petroqu\u00edmica, fabricaci\u00f3n de productos qu\u00edmicos, construcci\u00f3n, transporte y electr\u00f3nica. Si se coloca correctamente, ayuda a proporcionar protecci\u00f3n respiratoria de ciertos vapores org\u00e1nicos en concentraciones de hasta 10 veces el l\u00edmite de exposici\u00f3n permisible (PEL) con las caretas media o 50 veces PEL con caretas completas. Caretas completas deber\u00e1n ser aptos mediante prueba de ajuste cuantitativa para reclamar factor de protecci\u00f3n asignado por encima de 10 en el modo de presi\u00f3n negativa. No debe utilizarse en ambientes que son un peligro inmediato para la vida o la salud (IDLH).<\/p>\n<h5 class=\"mds-margin_large--bottom mds-font_header--5\">Aplicaciones sugeridas<\/h5>\n<ul class=\"sps2-pdp_details--highlights_list\">\n<li class=\"sps2-pdp_details--highlights_item mds-font_paragraph\">variedad de aplicaciones el lugar de trabajo, incluyendo petroqu\u00edmica, fabricaci\u00f3n de productos qu\u00edmicos, construcci\u00f3n, transporte y electr\u00f3nica<\/li>\n<\/ul>\n<table class=\"mds-dataTable \" role=\"table\">\n<tbody class=\"mds-dataTable_body \" role=\"rowgroup\">\n<tr class=\"mds-dataTable_row mds-font_body tr\" role=\"row\">\n<td class=\"mds-dataTable_cell \" role=\"cell\">\n<p class=\"sps2-pdp_specifications--table_label\">Aplicaci\u00f3n Recomendada<\/p>\n<\/td>\n<td class=\"mds-dataTable_cell \" role=\"cell\">\n<p class=\"sps2-pdp_specifications--table_values sps2-pdp_wrap--700\">Carga de Lotes, Revestimiento, Montaje y Mec\u00e1nico, Limpieza, Dispensaci\u00f3n Qu\u00edmica, Limpieza de Piezas, Limpieza, Pintura, Cambio de Formatos, Limpieza Qu\u00edmica, Mantenimiento, Acabado de composite, Acabado Final, Preparaci\u00f3n de Pintura<\/p>\n<\/td>\n<\/tr>\n<tr class=\"mds-dataTable_row mds-font_body tr\" role=\"row\">\n<td class=\"mds-dataTable_cell \" role=\"cell\">\n<p class=\"sps2-pdp_specifications--table_label\">Cantidad Por Caja<\/p>\n<\/td>\n<td class=\"mds-dataTable_cell \" role=\"cell\">\n<p class=\"sps2-pdp_specifications--table_values sps2-pdp_wrap--700\">60\/case<\/p>\n<\/td>\n<\/tr>\n<tr class=\"mds-dataTable_row mds-font_body tr\" role=\"row\">\n<td class=\"mds-dataTable_cell \" role=\"cell\">\n<p class=\"sps2-pdp_specifications--table_label\">Caracter\u00edsticas<\/p>\n<\/td>\n<td class=\"mds-dataTable_cell \" role=\"cell\">\n<p class=\"sps2-pdp_specifications--table_values sps2-pdp_wrap--700\">Perfil bajo<\/p>\n<\/td>\n<\/tr>\n<tr class=\"mds-dataTable_row mds-font_body tr\" role=\"row\">\n<td class=\"mds-dataTable_cell \" role=\"cell\">\n<p class=\"sps2-pdp_specifications--table_label\">C\u00f3digo de Color Asignado Cartucho NIOSH o Filtro<\/p>\n<\/td>\n<td class=\"mds-dataTable_cell \" role=\"cell\">\n<p class=\"sps2-pdp_specifications--table_values sps2-pdp_wrap--700\">Negro<\/p>\n<\/td>\n<\/tr>\n<tr class=\"mds-dataTable_row mds-font_body tr\" role=\"row\">\n<td class=\"mds-dataTable_cell \" role=\"cell\">\n<p class=\"sps2-pdp_specifications--table_label\">C\u00f3digo del producto<\/p>\n<\/td>\n<td class=\"mds-dataTable_cell \" role=\"cell\">\n<p class=\"sps2-pdp_specifications--table_values sps2-pdp_wrap--700\">6001<\/p>\n<\/td>\n<\/tr>\n<tr class=\"mds-dataTable_row mds-font_body tr\" role=\"row\">\n<td class=\"mds-dataTable_cell \" role=\"cell\">\n<p class=\"sps2-pdp_specifications--table_label\">Especificaciones Cumplidas<\/p>\n<\/td>\n<td class=\"mds-dataTable_cell \" role=\"cell\">\n<p class=\"sps2-pdp_specifications--table_values sps2-pdp_wrap--700\">Vapor Org\u00e1nico<\/p>\n<\/td>\n<\/tr>\n<tr class=\"mds-dataTable_row mds-font_body tr\" role=\"row\">\n<td class=\"mds-dataTable_cell \" role=\"cell\">\n<p class=\"sps2-pdp_specifications--table_label\">Industria Recomendada<\/p>\n<\/td>\n<td class=\"mds-dataTable_cell \" role=\"cell\">\n<p class=\"sps2-pdp_specifications--table_values sps2-pdp_wrap--700\">Dise\u00f1o y construcci\u00f3n, Transportes, Construcci\u00f3n, Manufactura en General, Miner\u00eda, Petr\u00f3leo y Gas, Infraestructuras pesadas, Procesamiento de Alimentos, Mantenimiento industrial, Saneamiento de instalaciones, Seguridad alimentaria, Naval<\/p>\n<\/td>\n<\/tr>\n<tr class=\"mds-dataTable_row mds-font_body tr\" role=\"row\">\n<td class=\"mds-dataTable_cell \" role=\"cell\">\n<p class=\"sps2-pdp_specifications--table_label\">Marcas<\/p>\n<\/td>\n<td class=\"mds-dataTable_cell \" role=\"cell\">\n<p class=\"sps2-pdp_specifications--table_values sps2-pdp_wrap--700\">3M\u2122<\/p>\n<\/td>\n<\/tr>\n<tr class=\"mds-dataTable_row mds-font_body tr\" role=\"row\">\n<td class=\"mds-dataTable_cell \" role=\"cell\">\n<p class=\"sps2-pdp_specifications--table_label\">Para Utilizar Con<\/p>\n<\/td>\n<td class=\"mds-dataTable_cell \" role=\"cell\">\n<p class=\"sps2-pdp_specifications--table_values sps2-pdp_wrap--700\">Respiradores Reutilizables<\/p>\n<\/td>\n<\/tr>\n<tr class=\"mds-dataTable_row mds-font_body tr\" role=\"row\">\n<td class=\"mds-dataTable_cell \" role=\"cell\">\n<p class=\"sps2-pdp_specifications--table_label\">Prop\u00f3sito<\/p>\n<\/td>\n<td class=\"mds-dataTable_cell \" role=\"cell\">\n<p class=\"sps2-pdp_specifications--table_values sps2-pdp_wrap--700\">Filtros &amp; Cubiertas<\/p>\n<\/td>\n<\/tr>\n<tr class=\"mds-dataTable_row mds-font_body tr\" role=\"row\">\n<td class=\"mds-dataTable_cell \" role=\"cell\">\n<p class=\"sps2-pdp_specifications--table_label\">Respirator Compatibility<\/p>\n<\/td>\n<td class=\"mds-dataTable_cell \" role=\"cell\">\n<p class=\"sps2-pdp_specifications--table_values sps2-pdp_wrap--700\">M\u00e1scara facial completa 3M\u2122 Serie FF-400, M\u00e1scara facial completa 3M\u2122 Scott\u2122 AV-3000 HT, M\u00e1scara facial completa 3M\u2122 Scott\u2122 AV-3000 SureSeal, M\u00e1scara facial completa 3M\u2122 Serie 6000, Media m\u00e1scara facial 3M\u2122 serie 6000, Media m\u00e1scara facial resistente y c\u00f3moda 3M\u2122 Serie 6500, Media m\u00e1scara facial 3M\u2122 serie 7500, M\u00e1scara facial completa 3M\u2122 Serie 7800S<\/p>\n<\/td>\n<\/tr>\n<tr class=\"mds-dataTable_row mds-font_body tr\" role=\"row\">\n<td class=\"mds-dataTable_cell \" role=\"cell\">\n<p class=\"sps2-pdp_specifications--table_label\">Serie de Producto<\/p>\n<\/td>\n<td class=\"mds-dataTable_cell \" role=\"cell\">\n<p class=\"sps2-pdp_specifications--table_values sps2-pdp_wrap--700\">FF-400, 6000, Rugged Comfort 6500, 7000, 7500, 7800S<\/p>\n<\/td>\n<\/tr>\n<tr class=\"mds-dataTable_row mds-font_body tr\" role=\"row\">\n<td class=\"mds-dataTable_cell \" role=\"cell\">\n<p class=\"sps2-pdp_specifications--table_label\">Tipo de Cartucho O Filtro<\/p>\n<\/td>\n<td class=\"mds-dataTable_cell \" role=\"cell\">\n<p class=\"sps2-pdp_specifications--table_values sps2-pdp_wrap--700\">Vapor Org\u00e1nico<\/p>\n<\/td>\n<\/tr>\n<tr class=\"mds-dataTable_row mds-font_body tr\" role=\"row\">\n<td class=\"mds-dataTable_cell \" role=\"cell\">\n<p class=\"sps2-pdp_specifications--table_label\">Tipo de Conexi\u00f3n<\/p>\n<\/td>\n<td class=\"mds-dataTable_cell \" role=\"cell\">\n<p class=\"sps2-pdp_specifications--table_values sps2-pdp_wrap--700\">Bayoneta<\/p>\n<\/td>\n<\/tr>\n<tr class=\"mds-dataTable_row mds-font_body tr\" role=\"row\">\n<td class=\"mds-dataTable_cell \" role=\"cell\">\n<p class=\"sps2-pdp_specifications--table_label\">Tipo de Producto<\/p>\n<\/td>\n<td class=\"mds-dataTable_cell \" role=\"cell\">\n<p class=\"sps2-pdp_specifications--table_values sps2-pdp_wrap--700\">Cartucho<\/p>\n<\/td>\n<\/tr>\n<tr class=\"mds-dataTable_row mds-font_body tr\" role=\"row\">\n<td class=\"mds-dataTable_cell \" role=\"cell\">\n<p class=\"sps2-pdp_specifications--table_label\">Tipo de Protecci\u00f3n Gas y Vapor<\/p>\n<\/td>\n<td class=\"mds-dataTable_cell \" role=\"cell\">\n<p class=\"sps2-pdp_specifications--table_values sps2-pdp_wrap--700\">Vapores org\u00e1nicos determinados<\/p>\n<\/td>\n<\/tr>\n<\/tbody>\n<\/table>\n","protected":false},"excerpt":{"rendered":"<p>Aprobaci\u00f3n NIOSH Cartucho para vapor org\u00e1nico Utilizar con Respiradores Reutilizables 3M\u2122 Dise\u00f1o swept-back para mejora del campo de visi\u00f3n y el equilibrio 60 piezas por cart\u00f3n Cuarto de vuelta para una instalaci\u00f3n r\u00e1pida y sencilla La amplia gama de aplicaciones puede reducir las necesidades de inventario \u00daselos para protecci\u00f3n en entornos peligrosos. Solo para uso [&hellip;]<\/p>\n","protected":false},"featured_media":2897,"template":"","meta":{"_acf_changed":false,"content-type":"","_uf_show_specific_survey":0,"_uf_disable_surveys":false},"product_brand":[],"product_cat":[115,110],"product_tag":[35,123,125],"class_list":{"0":"post-2896","1":"product","2":"type-product","3":"status-publish","4":"has-post-thumbnail","6":"product_cat-equipo-de-seguridad-industrial","7":"product_cat-proteccion-respiratoria","8":"product_tag-3m","9":"product_tag-filtro-3m","10":"product_tag-seguridad-industrial","12":"first","13":"instock","14":"taxable","15":"shipping-taxable","16":"purchasable","17":"product-type-simple"},"acf":[],"_links":{"self":[{"href":"https:\/\/proindesa.com\/index.php?rest_route=\/wp\/v2\/product\/2896","targetHints":{"allow":["GET"]}}],"collection":[{"href":"https:\/\/proindesa.com\/index.php?rest_route=\/wp\/v2\/product"}],"about":[{"href":"https:\/\/proindesa.com\/index.php?rest_route=\/wp\/v2\/types\/product"}],"wp:featuredmedia":[{"embeddable":true,"href":"https:\/\/proindesa.com\/index.php?rest_route=\/wp\/v2\/media\/2897"}],"wp:attachment":[{"href":"https:\/\/proindesa.com\/index.php?rest_route=%2Fwp%2Fv2%2Fmedia&parent=2896"}],"wp:term":[{"taxonomy":"product_brand","embeddable":true,"href":"https:\/\/proindesa.com\/index.php?rest_route=%2Fwp%2Fv2%2Fproduct_brand&post=2896"},{"taxonomy":"product_cat","embeddable":true,"href":"https:\/\/proindesa.com\/index.php?rest_route=%2Fwp%2Fv2%2Fproduct_cat&post=2896"},{"taxonomy":"product_tag","embeddable":true,"href":"https:\/\/proindesa.com\/index.php?rest_route=%2Fwp%2Fv2%2Fproduct_tag&post=2896"}],"curies":[{"name":"wp","href":"https:\/\/api.w.org\/{rel}","templated":true}]}}