{"id":2885,"date":"2025-03-31T22:38:04","date_gmt":"2025-03-31T20:38:04","guid":{"rendered":"https:\/\/proindesa.com\/?post_type=product&#038;p=2885"},"modified":"2025-08-13T18:45:32","modified_gmt":"2025-08-13T16:45:32","slug":"filtro-para-particulas-3m-p100-7093","status":"publish","type":"product","link":"https:\/\/proindesa.com\/?product=filtro-para-particulas-3m-p100-7093","title":{"rendered":"Filtro para part\u00edculas 3M\u2122 p100, 7093"},"content":{"rendered":"<p class=\"mds-font_paragraph MMM--gapBottom\">Aprobado para protecci\u00f3n respiratoria contra polvos incluyendo carb\u00f3n, algod\u00f3n, aluminio, trigo, hierro y s\u00edlice libre durante procesos industriales y neblinas a base de l\u00edquidos con o sin aceites. No usar en atm\u00f3sferas que contengan vapores y gases t\u00f3xicos o polvo proveniente de lavado con chorro de arena. Aplicaci\u00f3n: esmerilado, lijado, trituraci\u00f3n y procesamiento de minerales y otros materiales<\/p>\n<p class=\"mds-font_paragraph\">Correctamente equipado, usar en una variedad de aplicaciones incluyendo soldadura, voladura, corte con coplete, vertido de metal y exposici\u00f3n al plomo, asbesto, casmio, ars\u00e9nico y MDA para concentraciones hasta 10 veces mayor que el l\u00edmite de exposici\u00f3n permisible (PEL) con medias m\u00e1scaras o 50 veces el PEl con m\u00e1scaras completas. Las m\u00e1scaras completas deben ser probadas cuantitativamente para clamar el factor de protecci\u00f3n asignado arriba de 10 en modo de presi\u00f3n negativa. No usar en amiente que son nmediatamente peligrosos para la vida o la salud (IDLH).<\/p>\n<p>&nbsp;<\/p>\n<table class=\"mds-dataTable  \" role=\"table\">\n<tbody class=\"mds-dataTable_body \" role=\"rowgroup\">\n<tr class=\"mds-dataTable_row mds-font_body tr\" role=\"row\">\n<td class=\"mds-dataTable_cell  \" role=\"cell\">\n<p class=\"sps2-pdp_specifications--table_label\">Alivio de Molestias por Olor (&lt; OSHA PEL)<\/p>\n<\/td>\n<td class=\"mds-dataTable_cell  \" role=\"cell\">\n<p class=\"sps2-pdp_specifications--table_values sps2-pdp_wrap--700\">N\/A<\/p>\n<\/td>\n<\/tr>\n<tr class=\"mds-dataTable_row mds-font_body tr\" role=\"row\">\n<td class=\"mds-dataTable_cell  \" role=\"cell\">\n<p class=\"sps2-pdp_specifications--table_label\">Aplicaci\u00f3n Recomendada<\/p>\n<\/td>\n<td class=\"mds-dataTable_cell  \" role=\"cell\">\n<p class=\"sps2-pdp_specifications--table_values sps2-pdp_wrap--700\">Ars\u00e9nico, Asbesto, Montaje y Mec\u00e1nico, Carga de Lotes, Soldadura, Soldadura, Vertido \/ Fundici\u00f3n, Metal Principal, Descontaminaci\u00f3n, Lijado, Procesamiento de Madera, Limpieza, Operaciones de Acabado, Desbaste, Manipulaci\u00f3n, Cadmio, Mantenimiento, Manufactura, Corte con Soplete, Vertido de Metal Incluyendo Exposici\u00f3n al Plomo, Soldadura, MDA<\/p>\n<\/td>\n<\/tr>\n<tr class=\"mds-dataTable_row mds-font_body tr\" role=\"row\">\n<td class=\"mds-dataTable_cell  \" role=\"cell\">\n<p class=\"sps2-pdp_specifications--table_label\">Cantidad Por Caja<\/p>\n<\/td>\n<td class=\"mds-dataTable_cell  \" role=\"cell\">\n<p class=\"sps2-pdp_specifications--table_values sps2-pdp_wrap--700\">60\/case<\/p>\n<\/td>\n<\/tr>\n<tr class=\"mds-dataTable_row mds-font_body tr\" role=\"row\">\n<td class=\"mds-dataTable_cell  \" role=\"cell\">\n<p class=\"sps2-pdp_specifications--table_label\">Caracter\u00edsticas<\/p>\n<\/td>\n<td class=\"mds-dataTable_cell  \" role=\"cell\">\n<p class=\"sps2-pdp_specifications--table_values sps2-pdp_wrap--700\">Tapa de filtro con resorte, Mayor campo de visi\u00f3n<\/p>\n<\/td>\n<\/tr>\n<tr class=\"mds-dataTable_row mds-font_body tr\" role=\"row\">\n<td class=\"mds-dataTable_cell  \" role=\"cell\">\n<p class=\"sps2-pdp_specifications--table_label\">Clase de Filtro<\/p>\n<\/td>\n<td class=\"mds-dataTable_cell  \" role=\"cell\">\n<p class=\"sps2-pdp_specifications--table_values sps2-pdp_wrap--700\">P100<\/p>\n<\/td>\n<\/tr>\n<tr class=\"mds-dataTable_row mds-font_body tr\" role=\"row\">\n<td class=\"mds-dataTable_cell  \" role=\"cell\">\n<p class=\"sps2-pdp_specifications--table_label\">C\u00f3digo de Color Asignado Cartucho NIOSH o Filtro<\/p>\n<\/td>\n<td class=\"mds-dataTable_cell  \" role=\"cell\">\n<p class=\"sps2-pdp_specifications--table_values sps2-pdp_wrap--700\">Magenta<\/p>\n<\/td>\n<\/tr>\n<tr class=\"mds-dataTable_row mds-font_body tr\" role=\"row\">\n<td class=\"mds-dataTable_cell  \" role=\"cell\">\n<p class=\"sps2-pdp_specifications--table_label\">C\u00f3digo del producto<\/p>\n<\/td>\n<td class=\"mds-dataTable_cell  \" role=\"cell\">\n<p class=\"sps2-pdp_specifications--table_values sps2-pdp_wrap--700\">7093<\/p>\n<\/td>\n<\/tr>\n<tr class=\"mds-dataTable_row mds-font_body tr\" role=\"row\">\n<td class=\"mds-dataTable_cell  \" role=\"cell\">\n<p class=\"sps2-pdp_specifications--table_label\">Durabilidad Mejorada<\/p>\n<\/td>\n<td class=\"mds-dataTable_cell  \" role=\"cell\">\n<p class=\"sps2-pdp_specifications--table_values sps2-pdp_wrap--700\">S\u00ed<\/p>\n<\/td>\n<\/tr>\n<tr class=\"mds-dataTable_row mds-font_body tr\" role=\"row\">\n<td class=\"mds-dataTable_cell  \" role=\"cell\">\n<p class=\"sps2-pdp_specifications--table_label\">Especificaciones Cumplidas<\/p>\n<\/td>\n<td class=\"mds-dataTable_cell  \" role=\"cell\">\n<p class=\"sps2-pdp_specifications--table_values sps2-pdp_wrap--700\">P100<\/p>\n<\/td>\n<\/tr>\n<tr class=\"mds-dataTable_row mds-font_body tr\" role=\"row\">\n<td class=\"mds-dataTable_cell  \" role=\"cell\">\n<p class=\"sps2-pdp_specifications--table_label\">Industria Recomendada<\/p>\n<\/td>\n<td class=\"mds-dataTable_cell  \" role=\"cell\">\n<p class=\"sps2-pdp_specifications--table_values sps2-pdp_wrap--700\">Petr\u00f3leo y Gas, Transportes, Miner\u00eda, Seguridad alimentaria, Construcci\u00f3n, Manufactura en General, Producci\u00f3n y Fabricaci\u00f3n de Metales, Saneamiento de instalaciones, Infraestructuras pesadas, Procesamiento de Alimentos, Dise\u00f1o y construcci\u00f3n, Mantenimiento industrial<\/p>\n<\/td>\n<\/tr>\n<tr class=\"mds-dataTable_row mds-font_body tr\" role=\"row\">\n<td class=\"mds-dataTable_cell  \" role=\"cell\">\n<p class=\"sps2-pdp_specifications--table_label\">Marcas<\/p>\n<\/td>\n<td class=\"mds-dataTable_cell  \" role=\"cell\">\n<p class=\"sps2-pdp_specifications--table_values sps2-pdp_wrap--700\">3M\u2122<\/p>\n<\/td>\n<\/tr>\n<tr class=\"mds-dataTable_row mds-font_body tr\" role=\"row\">\n<td class=\"mds-dataTable_cell  \" role=\"cell\">\n<p class=\"sps2-pdp_specifications--table_label\">Material Del Filtro<\/p>\n<\/td>\n<td class=\"mds-dataTable_cell  \" role=\"cell\">\n<p class=\"sps2-pdp_specifications--table_values sps2-pdp_wrap--700\">Papel de fibra de vidrio<\/p>\n<\/td>\n<\/tr>\n<tr class=\"mds-dataTable_row mds-font_body tr\" role=\"row\">\n<td class=\"mds-dataTable_cell  \" role=\"cell\">\n<p class=\"sps2-pdp_specifications--table_label\">Para Utilizar Con<\/p>\n<\/td>\n<td class=\"mds-dataTable_cell  \" role=\"cell\">\n<p class=\"sps2-pdp_specifications--table_values sps2-pdp_wrap--700\">Respiradores Reutilizables<\/p>\n<\/td>\n<\/tr>\n<tr class=\"mds-dataTable_row mds-font_body tr\" role=\"row\">\n<td class=\"mds-dataTable_cell  \" role=\"cell\">\n<p class=\"sps2-pdp_specifications--table_label\">Prop\u00f3sito<\/p>\n<\/td>\n<td class=\"mds-dataTable_cell  \" role=\"cell\">\n<p class=\"sps2-pdp_specifications--table_values sps2-pdp_wrap--700\">Filtros &amp; Cubiertas<\/p>\n<\/td>\n<\/tr>\n<tr class=\"mds-dataTable_row mds-font_body tr\" role=\"row\">\n<td class=\"mds-dataTable_cell  \" role=\"cell\">\n<p class=\"sps2-pdp_specifications--table_label\">Protecci\u00f3n Contra Part\u00edculas<\/p>\n<\/td>\n<td class=\"mds-dataTable_cell  \" role=\"cell\">\n<p class=\"sps2-pdp_specifications--table_values sps2-pdp_wrap--700\">S\u00edlice, Asbesto, Moho<\/p>\n<\/td>\n<\/tr>\n<tr class=\"mds-dataTable_row mds-font_body tr\" role=\"row\">\n<td class=\"mds-dataTable_cell  \" role=\"cell\">\n<p class=\"sps2-pdp_specifications--table_label\">Respirator Compatibility<\/p>\n<\/td>\n<td class=\"mds-dataTable_cell  \" role=\"cell\">\n<p class=\"sps2-pdp_specifications--table_values sps2-pdp_wrap--700\">M\u00e1scara facial completa 3M\u2122 Serie FF-400, M\u00e1scara facial completa 3M\u2122 Scott\u2122 AV-3000 HT, M\u00e1scara facial completa 3M\u2122 Scott\u2122 AV-3000 SureSeal, Media m\u00e1scara facial 3M\u2122 serie 6000, M\u00e1scara facial completa 3M\u2122 Serie 6000, Media m\u00e1scara facial resistente y c\u00f3moda 3M\u2122 Serie 6500, Media m\u00e1scara facial 3M\u2122 serie 7500, M\u00e1scara facial completa 3M\u2122 Serie 7800S<\/p>\n<\/td>\n<\/tr>\n<tr class=\"mds-dataTable_row mds-font_body tr\" role=\"row\">\n<td class=\"mds-dataTable_cell  \" role=\"cell\">\n<p class=\"sps2-pdp_specifications--table_label\">Serie de Producto<\/p>\n<\/td>\n<td class=\"mds-dataTable_cell  \" role=\"cell\">\n<p class=\"sps2-pdp_specifications--table_values sps2-pdp_wrap--700\">FF-400, 5000, 6000, 6500, 7000, 7500, 7800S<\/p>\n<\/td>\n<\/tr>\n<tr class=\"mds-dataTable_row mds-font_body tr\" role=\"row\">\n<td class=\"mds-dataTable_cell  \" role=\"cell\">\n<p class=\"sps2-pdp_specifications--table_label\">Tipo de Aerosol<\/p>\n<\/td>\n<td class=\"mds-dataTable_cell  \" role=\"cell\">\n<p class=\"sps2-pdp_specifications--table_values sps2-pdp_wrap--700\">Aceitoso y No Aceitoso<\/p>\n<\/td>\n<\/tr>\n<tr class=\"mds-dataTable_row mds-font_body tr\" role=\"row\">\n<td class=\"mds-dataTable_cell  \" role=\"cell\">\n<p class=\"sps2-pdp_specifications--table_label\">Tipo de Cartucho O Filtro<\/p>\n<\/td>\n<td class=\"mds-dataTable_cell  \" role=\"cell\">\n<p class=\"sps2-pdp_specifications--table_values sps2-pdp_wrap--700\">Particulado<\/p>\n<\/td>\n<\/tr>\n<tr class=\"mds-dataTable_row mds-font_body tr\" role=\"row\">\n<td class=\"mds-dataTable_cell  \" role=\"cell\">\n<p class=\"sps2-pdp_specifications--table_label\">Tipo de Conexi\u00f3n<\/p>\n<\/td>\n<td class=\"mds-dataTable_cell  \" role=\"cell\">\n<p class=\"sps2-pdp_specifications--table_values sps2-pdp_wrap--700\">Bayoneta<\/p>\n<\/td>\n<\/tr>\n<tr class=\"mds-dataTable_row mds-font_body tr\" role=\"row\">\n<td class=\"mds-dataTable_cell  \" role=\"cell\">\n<p class=\"sps2-pdp_specifications--table_label\">Tipo de Producto<\/p>\n<\/td>\n<td class=\"mds-dataTable_cell  \" role=\"cell\">\n<p class=\"sps2-pdp_specifications--table_values sps2-pdp_wrap--700\">Filtro<\/p>\n<\/td>\n<\/tr>\n<tr class=\"mds-dataTable_row mds-font_body tr\" role=\"row\">\n<td class=\"mds-dataTable_cell  \" role=\"cell\">\n<p class=\"sps2-pdp_specifications--table_label\">\u00cdndice de Aprobaci\u00f3n de Filtro Del Niosh<\/p>\n<\/td>\n<td class=\"mds-dataTable_cell  \" role=\"cell\">\n<p class=\"sps2-pdp_specifications--table_values sps2-pdp_wrap--700\">P100<\/p>\n<figure id=\"attachment_2886\" aria-describedby=\"caption-attachment-2886\" style=\"width: 300px\" class=\"wp-caption alignleft\"><img fetchpriority=\"high\" decoding=\"async\" class=\"size-medium wp-image-2886\" src=\"https:\/\/proindesa.com\/wp-content\/uploads\/2025\/03\/3M-7093-con-mascarilla-6200-Proindesa-Castro-300x274.jpg\" alt=\"\" width=\"300\" height=\"274\" srcset=\"https:\/\/proindesa.com\/wp-content\/uploads\/2025\/03\/3M-7093-con-mascarilla-6200-Proindesa-Castro-300x274.jpg 300w, https:\/\/proindesa.com\/wp-content\/uploads\/2025\/03\/3M-7093-con-mascarilla-6200-Proindesa-Castro.jpg 472w\" sizes=\"(max-width: 300px) 100vw, 300px\" \/><figcaption id=\"caption-attachment-2886\" class=\"wp-caption-text\">#image_title<\/figcaption><\/figure>\n<p><figure id=\"attachment_2887\" aria-describedby=\"caption-attachment-2887\" style=\"width: 300px\" class=\"wp-caption alignleft\"><img decoding=\"async\" class=\"size-medium wp-image-2887\" src=\"https:\/\/proindesa.com\/wp-content\/uploads\/2025\/03\/3M_7093-300x300.webp\" alt=\"\" width=\"300\" height=\"300\" srcset=\"https:\/\/proindesa.com\/wp-content\/uploads\/2025\/03\/3M_7093-300x300.webp 300w, https:\/\/proindesa.com\/wp-content\/uploads\/2025\/03\/3M_7093-150x150.webp 150w, https:\/\/proindesa.com\/wp-content\/uploads\/2025\/03\/3M_7093-768x768.webp 768w, https:\/\/proindesa.com\/wp-content\/uploads\/2025\/03\/3M_7093-600x600.webp 600w, https:\/\/proindesa.com\/wp-content\/uploads\/2025\/03\/3M_7093-100x100.webp 100w, https:\/\/proindesa.com\/wp-content\/uploads\/2025\/03\/3M_7093.webp 900w\" sizes=\"(max-width: 300px) 100vw, 300px\" \/><figcaption id=\"caption-attachment-2887\" class=\"wp-caption-text\">#image_title<\/figcaption><\/figure><\/td>\n<\/tr>\n<\/tbody>\n<\/table>\n","protected":false},"excerpt":{"rendered":"<p>Aprobado para protecci\u00f3n respiratoria contra polvos incluyendo carb\u00f3n, algod\u00f3n, aluminio, trigo, hierro y s\u00edlice libre durante procesos industriales y neblinas a base de l\u00edquidos con o sin aceites. No usar en atm\u00f3sferas que contengan vapores y gases t\u00f3xicos o polvo proveniente de lavado con chorro de arena. Aplicaci\u00f3n: esmerilado, lijado, trituraci\u00f3n y procesamiento de minerales [&hellip;]<\/p>\n","protected":false},"featured_media":2887,"template":"","meta":{"_acf_changed":false,"content-type":"","_uf_show_specific_survey":0,"_uf_disable_surveys":false},"product_brand":[],"product_cat":[115,110],"product_tag":[35],"class_list":{"0":"post-2885","1":"product","2":"type-product","3":"status-publish","4":"has-post-thumbnail","6":"product_cat-equipo-de-seguridad-industrial","7":"product_cat-proteccion-respiratoria","8":"product_tag-3m","10":"first","11":"instock","12":"taxable","13":"shipping-taxable","14":"purchasable","15":"product-type-simple"},"acf":[],"_links":{"self":[{"href":"https:\/\/proindesa.com\/index.php?rest_route=\/wp\/v2\/product\/2885","targetHints":{"allow":["GET"]}}],"collection":[{"href":"https:\/\/proindesa.com\/index.php?rest_route=\/wp\/v2\/product"}],"about":[{"href":"https:\/\/proindesa.com\/index.php?rest_route=\/wp\/v2\/types\/product"}],"wp:featuredmedia":[{"embeddable":true,"href":"https:\/\/proindesa.com\/index.php?rest_route=\/wp\/v2\/media\/2887"}],"wp:attachment":[{"href":"https:\/\/proindesa.com\/index.php?rest_route=%2Fwp%2Fv2%2Fmedia&parent=2885"}],"wp:term":[{"taxonomy":"product_brand","embeddable":true,"href":"https:\/\/proindesa.com\/index.php?rest_route=%2Fwp%2Fv2%2Fproduct_brand&post=2885"},{"taxonomy":"product_cat","embeddable":true,"href":"https:\/\/proindesa.com\/index.php?rest_route=%2Fwp%2Fv2%2Fproduct_cat&post=2885"},{"taxonomy":"product_tag","embeddable":true,"href":"https:\/\/proindesa.com\/index.php?rest_route=%2Fwp%2Fv2%2Fproduct_tag&post=2885"}],"curies":[{"name":"wp","href":"https:\/\/api.w.org\/{rel}","templated":true}]}}