{"id":2812,"date":"2025-03-06T22:56:14","date_gmt":"2025-03-06T21:56:14","guid":{"rendered":"https:\/\/proindesa.com\/?post_type=product&#038;p=2812"},"modified":"2025-08-13T18:45:31","modified_gmt":"2025-08-13T16:45:31","slug":"lentes-de-seguridad-334-3m","status":"publish","type":"product","link":"https:\/\/proindesa.com\/?product=lentes-de-seguridad-334-3m","title":{"rendered":"Lentes goggle de seguridad 334 de 3M"},"content":{"rendered":"<h5 class=\"mds-margin_large--bottom mds-font_header--5\">Aplicaciones sugeridas<\/h5>\n<ul class=\"sps2-pdp_details--highlights_list\">\n<li class=\"sps2-pdp_details--highlights_item mds-font_paragraph\">Dise\u00f1ado para la seguridad y protecci\u00f3n ocular<\/li>\n<li class=\"sps2-pdp_details--highlights_item mds-font_paragraph\">Se puede usar tanto en interiores como al aire libre<\/li>\n<li class=\"sps2-pdp_details--highlights_item mds-font_paragraph\">Aplicaci\u00f3n recomendada: Astillado, cincelado, perforaci\u00f3n, trituraci\u00f3n, Alba\u00f1iler\u00eda, Fundici\u00f3n, Fijaci\u00f3n de energ\u00eda, remachado, Lijado, Protecci\u00f3n UV<\/li>\n<li class=\"sps2-pdp_details--highlights_item mds-font_paragraph\">Industria Recomendada: Aviaci\u00f3n, Productos Qu\u00edmicos, Construcci\u00f3n, Alimentos y Bebidas, Fabricaci\u00f3n en general, Miner\u00eda, Petr\u00f3leo y Gas, Productos farmac\u00e9uticos, metales primarios y Transporte<\/li>\n<\/ul>\n<p class=\"mds-font_paragraph MMM--gapBottom\">Una de las opciones de goggles m\u00e1s econ\u00f3micas disponibles, las Lentes de seguridad 332AF proveen ventilaci\u00f3n directa, banda el\u00e1stica ajustable y construcci\u00f3n de policarbonato con cubertura sobre-el-vidrio. Goggles de seguridad contra impacto para uso exterior o interior.<\/p>\n<p class=\"mds-font_paragraph\">Estos lentes de seguridad contra salpicaduras son una opci\u00f3n confiable y econ\u00f3mica, y cuentan con lentes de policarbonato resistente, correa el\u00e1stica ajustable y una abertura amplia para que se adapte a la mayor\u00eda de los lentes de prescripci\u00f3n. Con un sistema de ventilaci\u00f3n indirecta que hace circular el aire y reduce el empa\u00f1amiento, estos lentes permiten el uso en condiciones y entornos variados.<\/p>\n<h3 class=\"mds-font_header--3\" tabindex=\"-1\">Propiedades T\u00edpicas<\/h3>\n<div class=\"mds-accordion--hover\">\n<div class=\"mds-accordion_heading\">\n<h3 class=\"mds-accordion_title--tag\">Detalles<\/h3>\n<p><button class=\"mds-accordion_button\" tabindex=\"-1\" aria-hidden=\"true\"><\/button><\/div>\n<div id=\"accordion-content-Detalles\" class=\"mds-accordion_content--container\" role=\"region\" aria-labelledby=\"accordion-id-Detalles\">\n<div class=\"\">\n<div class=\"mds-dataTable_container\">\n<table class=\"mds-dataTable  \" role=\"table\">\n<tbody class=\"mds-dataTable_body \" role=\"rowgroup\">\n<tr class=\"mds-dataTable_row mds-font_body tr\" role=\"row\">\n<td class=\"mds-dataTable_cell  \" role=\"cell\">\n<p class=\"sps2-pdp_specifications--table_label\">Cantidad Por Caja<\/p>\n<\/td>\n<td class=\"mds-dataTable_cell  \" role=\"cell\">\n<p class=\"sps2-pdp_specifications--table_values sps2-pdp_wrap--700\">10<\/p>\n<\/td>\n<\/tr>\n<tr class=\"mds-dataTable_row mds-font_body tr\" role=\"row\">\n<td class=\"mds-dataTable_cell  \" role=\"cell\">\n<p class=\"sps2-pdp_specifications--table_label\">Caracter\u00edsticas de Confort<\/p>\n<\/td>\n<td class=\"mds-dataTable_cell  \" role=\"cell\">\n<p class=\"sps2-pdp_specifications--table_values sps2-pdp_wrap--700\">Se adapta a la mayor\u00eda de lentes, Correa el\u00e1stica ajustable, Ventilaci\u00f3n indirecta<\/p>\n<\/td>\n<\/tr>\n<tr class=\"mds-dataTable_row mds-font_body tr\" role=\"row\">\n<td class=\"mds-dataTable_cell  \" role=\"cell\">\n<p class=\"sps2-pdp_specifications--table_label\">Color de Marco<\/p>\n<\/td>\n<td class=\"mds-dataTable_cell  \" role=\"cell\">\n<p class=\"sps2-pdp_specifications--table_values sps2-pdp_wrap--700\">Transparente<\/p>\n<\/td>\n<\/tr>\n<tr class=\"mds-dataTable_row mds-font_body tr\" role=\"row\">\n<td class=\"mds-dataTable_cell  \" role=\"cell\">\n<p class=\"sps2-pdp_specifications--table_label\">Color de las Lentes<\/p>\n<\/td>\n<td class=\"mds-dataTable_cell  \" role=\"cell\">\n<p class=\"sps2-pdp_specifications--table_values sps2-pdp_wrap--700\">Transparente<\/p>\n<\/td>\n<\/tr>\n<tr class=\"mds-dataTable_row mds-font_body tr\" role=\"row\">\n<td class=\"mds-dataTable_cell  \" role=\"cell\">\n<p class=\"sps2-pdp_specifications--table_label\">Desfogue<\/p>\n<\/td>\n<td class=\"mds-dataTable_cell  \" role=\"cell\">\n<p class=\"sps2-pdp_specifications--table_values sps2-pdp_wrap--700\">Indirecta<\/p>\n<\/td>\n<\/tr>\n<tr class=\"mds-dataTable_row mds-font_body tr\" role=\"row\">\n<td class=\"mds-dataTable_cell  \" role=\"cell\">\n<p class=\"sps2-pdp_specifications--table_label\">Especificaciones Cumplidas<\/p>\n<\/td>\n<td class=\"mds-dataTable_cell  \" role=\"cell\">\n<p class=\"sps2-pdp_specifications--table_values sps2-pdp_wrap--700\">ANSI Z87.1-2003<\/p>\n<\/td>\n<\/tr>\n<tr class=\"mds-dataTable_row mds-font_body tr\" role=\"row\">\n<td class=\"mds-dataTable_cell  \" role=\"cell\">\n<p class=\"sps2-pdp_specifications--table_label\">Gama de Lentes<\/p>\n<\/td>\n<td class=\"mds-dataTable_cell  \" role=\"cell\">\n<p class=\"sps2-pdp_specifications--table_values sps2-pdp_wrap--700\">Econ\u00f3mico<\/p>\n<\/td>\n<\/tr>\n<tr class=\"mds-dataTable_row mds-font_body tr\" role=\"row\">\n<td class=\"mds-dataTable_cell  \" role=\"cell\">\n<p class=\"sps2-pdp_specifications--table_label\">Industria Recomendada<\/p>\n<\/td>\n<td class=\"mds-dataTable_cell  \" role=\"cell\">\n<p class=\"sps2-pdp_specifications--table_values sps2-pdp_wrap--700\">Seguridad alimentaria, Procesamiento de Alimentos, Saneamiento de instalaciones<\/p>\n<\/td>\n<\/tr>\n<tr class=\"mds-dataTable_row mds-font_body tr\" role=\"row\">\n<td class=\"mds-dataTable_cell  \" role=\"cell\">\n<p class=\"sps2-pdp_specifications--table_label\">Lente Antiniebla<\/p>\n<\/td>\n<td class=\"mds-dataTable_cell  \" role=\"cell\">\n<p class=\"sps2-pdp_specifications--table_values sps2-pdp_wrap--700\">S\u00ed<\/p>\n<\/td>\n<\/tr>\n<tr class=\"mds-dataTable_row mds-font_body tr\" role=\"row\">\n<td class=\"mds-dataTable_cell  \" role=\"cell\">\n<p class=\"sps2-pdp_specifications--table_label\">Lente de Capa Dura<\/p>\n<\/td>\n<td class=\"mds-dataTable_cell  \" role=\"cell\">\n<p class=\"sps2-pdp_specifications--table_values sps2-pdp_wrap--700\">No<\/p>\n<\/td>\n<\/tr>\n<tr class=\"mds-dataTable_row mds-font_body tr\" role=\"row\">\n<td class=\"mds-dataTable_cell  \" role=\"cell\">\n<p class=\"sps2-pdp_specifications--table_label\">Marcado de Lentes<\/p>\n<\/td>\n<td class=\"mds-dataTable_cell  \" role=\"cell\">\n<p class=\"sps2-pdp_specifications--table_values sps2-pdp_wrap--700\">Z87+<\/p>\n<\/td>\n<\/tr>\n<tr class=\"mds-dataTable_row mds-font_body tr\" role=\"row\">\n<td class=\"mds-dataTable_cell  \" role=\"cell\">\n<p class=\"sps2-pdp_specifications--table_label\">Marcas<\/p>\n<\/td>\n<td class=\"mds-dataTable_cell  \" role=\"cell\">\n<p class=\"sps2-pdp_specifications--table_values sps2-pdp_wrap--700\">3M\u2122<\/p>\n<\/td>\n<\/tr>\n<tr class=\"mds-dataTable_row mds-font_body tr\" role=\"row\">\n<td class=\"mds-dataTable_cell  \" role=\"cell\">\n<p class=\"sps2-pdp_specifications--table_label\">Material de La Correa<\/p>\n<\/td>\n<td class=\"mds-dataTable_cell  \" role=\"cell\">\n<p class=\"sps2-pdp_specifications--table_values sps2-pdp_wrap--700\">Tela<\/p>\n<\/td>\n<\/tr>\n<tr class=\"mds-dataTable_row mds-font_body tr\" role=\"row\">\n<td class=\"mds-dataTable_cell  \" role=\"cell\">\n<p class=\"sps2-pdp_specifications--table_label\">Protecci\u00f3n UV<\/p>\n<\/td>\n<td class=\"mds-dataTable_cell  \" role=\"cell\">\n<p class=\"sps2-pdp_specifications--table_values sps2-pdp_wrap--700\">99.9%<\/p>\n<\/td>\n<\/tr>\n<tr class=\"mds-dataTable_row mds-font_body tr\" role=\"row\">\n<td class=\"mds-dataTable_cell  \" role=\"cell\">\n<p class=\"sps2-pdp_specifications--table_label\">Protecci\u00f3n contra Salpicaduras<\/p>\n<\/td>\n<td class=\"mds-dataTable_cell  \" role=\"cell\">\n<p class=\"sps2-pdp_specifications--table_values sps2-pdp_wrap--700\">S\u00ed<\/p>\n<\/td>\n<\/tr>\n<tr class=\"mds-dataTable_row mds-font_body tr\" role=\"row\">\n<td class=\"mds-dataTable_cell  \" role=\"cell\">\n<p class=\"sps2-pdp_specifications--table_label\">Revestimiento de las Lentes<\/p>\n<\/td>\n<td class=\"mds-dataTable_cell  \" role=\"cell\">\n<p class=\"sps2-pdp_specifications--table_values sps2-pdp_wrap--700\">Antiempa\u00f1amiento<\/p>\n<\/td>\n<\/tr>\n<tr class=\"mds-dataTable_row mds-font_body tr\" role=\"row\">\n<td class=\"mds-dataTable_cell  \" role=\"cell\">\n<p class=\"sps2-pdp_specifications--table_label\">Serie de Producto<\/p>\n<\/td>\n<td class=\"mds-dataTable_cell  \" role=\"cell\">\n<p class=\"sps2-pdp_specifications--table_values sps2-pdp_wrap--700\">Splash<\/p>\n<\/td>\n<\/tr>\n<tr class=\"mds-dataTable_row mds-font_body tr\" role=\"row\">\n<td class=\"mds-dataTable_cell  \" role=\"cell\">\n<p class=\"sps2-pdp_specifications--table_label\">Tama\u00f1o<\/p>\n<\/td>\n<td class=\"mds-dataTable_cell  \" role=\"cell\">\n<p class=\"sps2-pdp_specifications--table_values sps2-pdp_wrap--700\">Universal<\/p>\n<\/td>\n<\/tr>\n<tr class=\"mds-dataTable_row mds-font_body tr\" role=\"row\">\n<td class=\"mds-dataTable_cell  \" role=\"cell\">\n<p class=\"sps2-pdp_specifications--table_label\">Tipo de Producto<\/p>\n<\/td>\n<td class=\"mds-dataTable_cell  \" role=\"cell\">\n<p class=\"sps2-pdp_specifications--table_values sps2-pdp_wrap--700\">Goggle de Seguridad<\/p>\n<\/td>\n<\/tr>\n<tr class=\"mds-dataTable_row mds-font_body tr\" role=\"row\">\n<td class=\"mds-dataTable_cell  \" role=\"cell\">\n<p class=\"sps2-pdp_specifications--table_label\">Tipo\/Estilo de Marco<\/p>\n<\/td>\n<td class=\"mds-dataTable_cell  \" role=\"cell\">\n<p class=\"sps2-pdp_specifications--table_values sps2-pdp_wrap--700\">Goggle<\/p>\n<\/td>\n<\/tr>\n<\/tbody>\n<\/table>\n<\/div>\n<\/div>\n<\/div>\n<\/div>\n","protected":false},"excerpt":{"rendered":"<p>Aplicaciones sugeridas Dise\u00f1ado para la seguridad y protecci\u00f3n ocular Se puede usar tanto en interiores como al aire libre Aplicaci\u00f3n recomendada: Astillado, cincelado, perforaci\u00f3n, trituraci\u00f3n, Alba\u00f1iler\u00eda, Fundici\u00f3n, Fijaci\u00f3n de energ\u00eda, remachado, Lijado, Protecci\u00f3n UV Industria Recomendada: Aviaci\u00f3n, Productos Qu\u00edmicos, Construcci\u00f3n, Alimentos y Bebidas, Fabricaci\u00f3n en general, Miner\u00eda, Petr\u00f3leo y Gas, Productos farmac\u00e9uticos, metales primarios y [&hellip;]<\/p>\n","protected":false},"featured_media":2915,"template":"","meta":{"_acf_changed":false,"content-type":"","_uf_show_specific_survey":0,"_uf_disable_surveys":false},"product_brand":[],"product_cat":[115,121],"product_tag":[35,127],"class_list":{"0":"post-2812","1":"product","2":"type-product","3":"status-publish","4":"has-post-thumbnail","6":"product_cat-equipo-de-seguridad-industrial","7":"product_cat-proteccion-de-ojos-y-cabeza","8":"product_tag-3m","9":"product_tag-lentes-3m","11":"first","12":"instock","13":"taxable","14":"shipping-taxable","15":"purchasable","16":"product-type-simple"},"acf":[],"_links":{"self":[{"href":"https:\/\/proindesa.com\/index.php?rest_route=\/wp\/v2\/product\/2812","targetHints":{"allow":["GET"]}}],"collection":[{"href":"https:\/\/proindesa.com\/index.php?rest_route=\/wp\/v2\/product"}],"about":[{"href":"https:\/\/proindesa.com\/index.php?rest_route=\/wp\/v2\/types\/product"}],"wp:featuredmedia":[{"embeddable":true,"href":"https:\/\/proindesa.com\/index.php?rest_route=\/wp\/v2\/media\/2915"}],"wp:attachment":[{"href":"https:\/\/proindesa.com\/index.php?rest_route=%2Fwp%2Fv2%2Fmedia&parent=2812"}],"wp:term":[{"taxonomy":"product_brand","embeddable":true,"href":"https:\/\/proindesa.com\/index.php?rest_route=%2Fwp%2Fv2%2Fproduct_brand&post=2812"},{"taxonomy":"product_cat","embeddable":true,"href":"https:\/\/proindesa.com\/index.php?rest_route=%2Fwp%2Fv2%2Fproduct_cat&post=2812"},{"taxonomy":"product_tag","embeddable":true,"href":"https:\/\/proindesa.com\/index.php?rest_route=%2Fwp%2Fv2%2Fproduct_tag&post=2812"}],"curies":[{"name":"wp","href":"https:\/\/api.w.org\/{rel}","templated":true}]}}