{"id":2669,"date":"2024-11-20T18:50:52","date_gmt":"2024-11-20T17:50:52","guid":{"rendered":"https:\/\/proindesa.com\/?post_type=product&#038;p=2669"},"modified":"2025-08-13T18:45:30","modified_gmt":"2025-08-13T16:45:30","slug":"thermolazer-graco-pintura-termoplastica","status":"publish","type":"product","link":"https:\/\/proindesa.com\/?product=thermolazer-graco-pintura-termoplastica","title":{"rendered":"Graco, thermolazer promelt, para aplicacion de pintura termoplastica con zapata smart die de 4 pulgadas (10.2 cm)"},"content":{"rendered":"<p>La unidad ThermoLazer ProMelt de Graco, es ideal para quienes se inician en el negocio de la marcaci\u00f3n con pintura termopl\u00e1stica y buscan una opci\u00f3n rentable. <span style=\"color: #0000ff;\">Esta soluci\u00f3n elimina la necesidad de invertir en un cami\u00f3n o remolque con marmita de prefundici\u00f3n, ahorrando costos adicionales y aumentando sus ganancias. Gracias a la innovadora tecnolog\u00eda de Graco, es posible fundir 300 libras de termopl\u00e1stico a bordo en menos de una hora.<\/span><\/p>\n<ul>\n<li><strong>Sistema de Mango Ease-Z-Steer<\/strong> Facilita el giro y manejo, similar al sistema LineLazer. El mango es ajustable para adaptarse a usuarios de diferentes tama\u00f1os.<\/li>\n<li><strong>Tecnolog\u00eda ProMelt<\/strong> Sistema de fusi\u00f3n con 4 c\u00e1maras: proporciona una mayor superficie para derretir termopl\u00e1sticos r\u00e1pidamente. 100,000 BTU: permite un tiempo de fusi\u00f3n m\u00e1s r\u00e1pido, aumentando la cantidad de trabajos realizados diariamente.<\/li>\n<li><strong>Sistema SmartDie II<\/strong> Cambio r\u00e1pido: matrices de acero templado con ajuste de espesor milim\u00e9trico integrado. Uso con o sin calor: optimiza el trazado en cualquier condici\u00f3n clim\u00e1tica. Flotaci\u00f3n sobre la superficie: permite colocar el termopl\u00e1stico con precisi\u00f3n para obtener l\u00edneas de alta calidad.<\/li>\n<li><strong>Dise\u00f1o Ergon\u00f3mico<\/strong> Facilita el uso y requiere un esfuerzo m\u00ednimo para empujar o arrastrar, similar al dise\u00f1o probado del LineLazer.<\/li>\n<\/ul>\n<ul class=\"splitColumns\">\n<li><strong>Sistema LineDriver opcional<\/strong>\n<ul>\n<li>Obtenga una mayor productividad y l\u00edneas m\u00e1s rectas con menos fatiga<\/li>\n<li>Mu\u00e9vase entre trabajos sin tener que empujar<\/li>\n<li>Sistema de pedal dual patentado: m\u00faltiples posiciones permiten un avance y retroceso sencillos<\/li>\n<\/ul>\n<\/li>\n<\/ul>\n","protected":false},"excerpt":{"rendered":"<p>La unidad ThermoLazer ProMelt de Graco, es ideal para quienes se inician en el negocio de la marcaci\u00f3n con pintura termopl\u00e1stica y buscan una opci\u00f3n rentable. Esta soluci\u00f3n elimina la necesidad de invertir en un cami\u00f3n o remolque con marmita de prefundici\u00f3n, ahorrando costos adicionales y aumentando sus ganancias. Gracias a la innovadora tecnolog\u00eda de [&hellip;]<\/p>\n","protected":false},"featured_media":2670,"template":"","meta":{"_acf_changed":false,"content-type":"","_uf_show_specific_survey":0,"_uf_disable_surveys":false},"product_brand":[],"product_cat":[96,75,77,24],"product_tag":[38,101],"class_list":{"0":"post-2669","1":"product","2":"type-product","3":"status-publish","4":"has-post-thumbnail","6":"product_cat-demarcacion-vial","7":"product_cat-equipos-para-pintura","8":"product_cat-pintura-termoplastica","9":"product_cat-seguridad-vial","10":"product_tag-graco","11":"product_tag-sin-precio","13":"first","14":"instock","15":"taxable","16":"shipping-taxable","17":"purchasable","18":"product-type-simple"},"acf":[],"_links":{"self":[{"href":"https:\/\/proindesa.com\/index.php?rest_route=\/wp\/v2\/product\/2669","targetHints":{"allow":["GET"]}}],"collection":[{"href":"https:\/\/proindesa.com\/index.php?rest_route=\/wp\/v2\/product"}],"about":[{"href":"https:\/\/proindesa.com\/index.php?rest_route=\/wp\/v2\/types\/product"}],"wp:featuredmedia":[{"embeddable":true,"href":"https:\/\/proindesa.com\/index.php?rest_route=\/wp\/v2\/media\/2670"}],"wp:attachment":[{"href":"https:\/\/proindesa.com\/index.php?rest_route=%2Fwp%2Fv2%2Fmedia&parent=2669"}],"wp:term":[{"taxonomy":"product_brand","embeddable":true,"href":"https:\/\/proindesa.com\/index.php?rest_route=%2Fwp%2Fv2%2Fproduct_brand&post=2669"},{"taxonomy":"product_cat","embeddable":true,"href":"https:\/\/proindesa.com\/index.php?rest_route=%2Fwp%2Fv2%2Fproduct_cat&post=2669"},{"taxonomy":"product_tag","embeddable":true,"href":"https:\/\/proindesa.com\/index.php?rest_route=%2Fwp%2Fv2%2Fproduct_tag&post=2669"}],"curies":[{"name":"wp","href":"https:\/\/api.w.org\/{rel}","templated":true}]}}